{"id":8,"date":"2025-10-07T11:57:42","date_gmt":"2025-10-07T11:57:42","guid":{"rendered":"https:\/\/equipment-pt3.com\/?page_id=8"},"modified":"2025-10-09T15:09:48","modified_gmt":"2025-10-09T15:09:48","slug":"carrinho","status":"publish","type":"page","link":"https:\/\/equipment-pt3.com\/en\/carrinho\/","title":{"rendered":"Carrinho"},"content":{"rendered":"<div data-block-name=\"woocommerce\/cart\" class=\"wp-block-woocommerce-cart alignwide is-loading\">\n<div data-block-name=\"woocommerce\/filled-cart-block\" class=\"wp-block-woocommerce-filled-cart-block\">\n<div data-block-name=\"woocommerce\/cart-items-block\" class=\"wp-block-woocommerce-cart-items-block\">\n<div data-block-name=\"woocommerce\/cart-line-items-block\" class=\"wp-block-woocommerce-cart-line-items-block\"><\/div>\n\n\n<\/div>\n\n\n\n\n<div data-block-name=\"woocommerce\/cart-totals-block\" class=\"wp-block-woocommerce-cart-totals-block\">\n<div data-block-name=\"woocommerce\/cart-order-summary-block\" class=\"wp-block-woocommerce-cart-order-summary-block\">\n<div data-block-name=\"woocommerce\/cart-order-summary-heading-block\" class=\"wp-block-woocommerce-cart-order-summary-heading-block\"><\/div><div data-block-name=\"woocommerce\/cart-order-summary-coupon-form-block\" class=\"wp-block-woocommerce-cart-order-summary-coupon-form-block\"><\/div><div data-block-name=\"woocommerce\/cart-order-summary-totals-block\" class=\"wp-block-woocommerce-cart-order-summary-totals-block\">\n<div data-block-name=\"woocommerce\/cart-order-summary-subtotal-block\" class=\"wp-block-woocommerce-cart-order-summary-subtotal-block\"><\/div>\n<div data-block-name=\"woocommerce\/cart-order-summary-discount-block\" class=\"wp-block-woocommerce-cart-order-summary-discount-block\"><\/div>\n<div data-block-name=\"woocommerce\/cart-order-summary-fee-block\" class=\"wp-block-woocommerce-cart-order-summary-fee-block\"><\/div>\n<div data-block-name=\"woocommerce\/cart-order-summary-shipping-block\" class=\"wp-block-woocommerce-cart-order-summary-shipping-block\"><\/div>\n<div data-block-name=\"woocommerce\/cart-order-summary-taxes-block\" class=\"wp-block-woocommerce-cart-order-summary-taxes-block\"><\/div><\/div>\n<\/div>\n\n\n\n<div data-block-name=\"woocommerce\/cart-express-payment-block\" class=\"wp-block-woocommerce-cart-express-payment-block\"><\/div>\n\n\n\n<div data-block-name=\"woocommerce\/proceed-to-checkout-block\" class=\"wp-block-woocommerce-proceed-to-checkout-block\"><\/div>\n\n\n\n<div data-block-name=\"woocommerce\/cart-accepted-payment-methods-block\" class=\"wp-block-woocommerce-cart-accepted-payment-methods-block\"><\/div>\n<\/div>\n<\/div>\n\n\n\n<div data-block-name=\"woocommerce\/empty-cart-block\" class=\"wp-block-woocommerce-empty-cart-block\">\n<h2 class=\"wp-block-heading has-text-align-center with-empty-cart-icon wc-block-cart__empty-cart__title\">O seu carrinho est\u00e1 vazio!<\/h2>\n\n\n\n<hr class=\"wp-block-separator has-alpha-channel-opacity is-style-dots\"\/>\n\n\n\n<h2 class=\"wp-block-heading has-text-align-center\">Novo na loja<\/h2>\n\n\n<div data-block-name=\"woocommerce\/product-new\" data-columns=\"4\" data-rows=\"1\" class=\"wc-block-grid wp-block-product-new wp-block-woocommerce-product-new wc-block-product-new has-4-columns\"><ul class=\"wc-block-grid__products\"><li class=\"wc-block-grid__product\">\n\t\t\t\t<a href=\"https:\/\/equipment-pt3.com\/en\/product\/pcl-pistola-impacto-1-2-curta-prestige\/\" class=\"wc-block-grid__product-link\">\n\t\t\t\t\t<div class=\"wc-block-grid__product-onsale\">\n\t\t\t<span aria-hidden=\"true\" data-no-translation=\"\" data-trp-gettext=\"\">Sale<\/span>\n\t\t\t<span class=\"screen-reader-text\" data-no-translation=\"\" data-trp-gettext=\"\">Product on sale<\/span>\n\t\t<\/div>\n\t\t\t\t\t<div class=\"wc-block-grid__product-image\"><img loading=\"lazy\" decoding=\"async\" width=\"600\" height=\"600\" src=\"https:\/\/equipment-pt3.com\/wp-content\/uploads\/2026\/02\/Prestige-Stubby-Impact-Wrench-1222-Drive-600x600.jpg\" class=\"attachment-woocommerce_thumbnail size-woocommerce_thumbnail\" alt=\"PCL Pistola impacto 1\/2 curta prestige\" srcset=\"https:\/\/equipment-pt3.com\/wp-content\/uploads\/2026\/02\/Prestige-Stubby-Impact-Wrench-1222-Drive-600x600.jpg 600w, https:\/\/equipment-pt3.com\/wp-content\/uploads\/2026\/02\/Prestige-Stubby-Impact-Wrench-1222-Drive-150x150.jpg 150w, https:\/\/equipment-pt3.com\/wp-content\/uploads\/2026\/02\/Prestige-Stubby-Impact-Wrench-1222-Drive-300x300.jpg 300w, https:\/\/equipment-pt3.com\/wp-content\/uploads\/2026\/02\/Prestige-Stubby-Impact-Wrench-1222-Drive-12x12.jpg 12w, https:\/\/equipment-pt3.com\/wp-content\/uploads\/2026\/02\/Prestige-Stubby-Impact-Wrench-1222-Drive-430x430.jpg 430w, https:\/\/equipment-pt3.com\/wp-content\/uploads\/2026\/02\/Prestige-Stubby-Impact-Wrench-1222-Drive.jpg 700w\" sizes=\"auto, (max-width: 600px) 100vw, 600px\" \/><\/div>\n\t\t\t\t\t<div class=\"wc-block-grid__product-title\">PCL Pistola impacto 1\/2 curta prestige<\/div>\n\t\t\t\t<\/a>\n\t\t\t\t<div class=\"wc-block-grid__product-price price\"><del aria-hidden=\"true\"><span class=\"woocommerce-Price-amount amount\"><span class=\"woocommerce-Price-currencySymbol\">&euro;<\/span>301,35<\/span><\/del> <span class=\"screen-reader-text\" data-no-translation=\"\" data-trp-gettext=\"\">Original price was: &euro;301,35.<\/span><ins aria-hidden=\"true\"><span class=\"woocommerce-Price-amount amount\"><span class=\"woocommerce-Price-currencySymbol\">&euro;<\/span>210,95<\/span><\/ins><span class=\"screen-reader-text\" data-no-translation=\"\" data-trp-gettext=\"\">Current price is: &euro;210,95.<\/span><\/div>\n\t\t\t\t\n\t\t\t\t<div class=\"wp-block-button wc-block-grid__product-add-to-cart\"><a href=\"https:\/\/equipment-pt3.com\/en\/product\/pcl-pistola-impacto-1-2-curta-prestige\/\" aria-label=\"Read more about \u201cPCL Pistola impacto 1\/2 curta prestige\u201d\" data-quantity=\"1\" data-product_id=\"29536\" data-product_sku=\"APP200\" data-price=\"210.95\" rel=\"nofollow\" class=\"wp-block-button__link  add_to_cart_button\" data-no-translation=\"\" data-trp-gettext=\"\" data-no-translation-aria-label=\"\">Read more<\/a><\/div>\n\t\t\t<\/li><li class=\"wc-block-grid__product\">\n\t\t\t\t<a href=\"https:\/\/equipment-pt3.com\/en\/product\/pcl-manometro-encher-pneus-12-bar\/\" class=\"wc-block-grid__product-link\">\n\t\t\t\t\t<div class=\"wc-block-grid__product-onsale\">\n\t\t\t<span aria-hidden=\"true\" data-no-translation=\"\" data-trp-gettext=\"\">Sale<\/span>\n\t\t\t<span class=\"screen-reader-text\" data-no-translation=\"\" data-trp-gettext=\"\">Product on sale<\/span>\n\t\t<\/div>\n\t\t\t\t\t<div class=\"wc-block-grid__product-image\"><img loading=\"lazy\" decoding=\"async\" width=\"600\" height=\"600\" src=\"https:\/\/equipment-pt3.com\/wp-content\/uploads\/2026\/02\/Airforce-II-Tyre-Inflator-0-170-psi-600x600.jpg\" class=\"attachment-woocommerce_thumbnail size-woocommerce_thumbnail\" alt=\"PCL Man\u00f3metro encher Pneus 12 Bar\" srcset=\"https:\/\/equipment-pt3.com\/wp-content\/uploads\/2026\/02\/Airforce-II-Tyre-Inflator-0-170-psi-600x600.jpg 600w, https:\/\/equipment-pt3.com\/wp-content\/uploads\/2026\/02\/Airforce-II-Tyre-Inflator-0-170-psi-150x150.jpg 150w, https:\/\/equipment-pt3.com\/wp-content\/uploads\/2026\/02\/Airforce-II-Tyre-Inflator-0-170-psi-300x300.jpg 300w, https:\/\/equipment-pt3.com\/wp-content\/uploads\/2026\/02\/Airforce-II-Tyre-Inflator-0-170-psi-768x768.jpg 768w, https:\/\/equipment-pt3.com\/wp-content\/uploads\/2026\/02\/Airforce-II-Tyre-Inflator-0-170-psi-12x12.jpg 12w, https:\/\/equipment-pt3.com\/wp-content\/uploads\/2026\/02\/Airforce-II-Tyre-Inflator-0-170-psi-430x430.jpg 430w, https:\/\/equipment-pt3.com\/wp-content\/uploads\/2026\/02\/Airforce-II-Tyre-Inflator-0-170-psi-700x700.jpg 700w, https:\/\/equipment-pt3.com\/wp-content\/uploads\/2026\/02\/Airforce-II-Tyre-Inflator-0-170-psi.jpg 800w\" sizes=\"auto, (max-width: 600px) 100vw, 600px\" \/><\/div>\n\t\t\t\t\t<div class=\"wc-block-grid__product-title\">PCL Man\u00f3metro encher Pneus 12 Bar<\/div>\n\t\t\t\t<\/a>\n\t\t\t\t<div class=\"wc-block-grid__product-price price\"><del aria-hidden=\"true\"><span class=\"woocommerce-Price-amount amount\"><span class=\"woocommerce-Price-currencySymbol\">&euro;<\/span>151,29<\/span><\/del> <span class=\"screen-reader-text\" data-no-translation=\"\" data-trp-gettext=\"\">Original price was: &euro;151,29.<\/span><ins aria-hidden=\"true\"><span class=\"woocommerce-Price-amount amount\"><span class=\"woocommerce-Price-currencySymbol\">&euro;<\/span>105,90<\/span><\/ins><span class=\"screen-reader-text\" data-no-translation=\"\" data-trp-gettext=\"\">Current price is: &euro;105,90.<\/span><\/div>\n\t\t\t\t\n\t\t\t\t<div class=\"wp-block-button wc-block-grid__product-add-to-cart\"><a href=\"https:\/\/equipment-pt3.com\/en\/product\/pcl-manometro-encher-pneus-12-bar\/\" aria-label=\"Read more about \u201cPCL Man\u00f3metro encher Pneus 12 Bar\u201d\" data-quantity=\"1\" data-product_id=\"29535\" data-product_sku=\"AFG1H03\" data-price=\"105.9\" rel=\"nofollow\" class=\"wp-block-button__link  add_to_cart_button\" data-no-translation=\"\" data-trp-gettext=\"\" data-no-translation-aria-label=\"\">Read more<\/a><\/div>\n\t\t\t<\/li><li class=\"wc-block-grid__product\">\n\t\t\t\t<a href=\"https:\/\/equipment-pt3.com\/en\/product\/pcl-tubo-espiral-poliuretano-10mt-o-5-16-1-4m\/\" class=\"wc-block-grid__product-link\">\n\t\t\t\t\t<div class=\"wc-block-grid__product-onsale\">\n\t\t\t<span aria-hidden=\"true\" data-no-translation=\"\" data-trp-gettext=\"\">Sale<\/span>\n\t\t\t<span class=\"screen-reader-text\" data-no-translation=\"\" data-trp-gettext=\"\">Product on sale<\/span>\n\t\t<\/div>\n\t\t\t\t\t<div class=\"wc-block-grid__product-image\"><img loading=\"lazy\" decoding=\"async\" width=\"600\" height=\"600\" src=\"https:\/\/equipment-pt3.com\/wp-content\/uploads\/2026\/02\/Polyurethane-Coiled-Hose-Assembly-600x600.jpg\" class=\"attachment-woocommerce_thumbnail size-woocommerce_thumbnail\" alt=\"PCL Tubo Espiral poliuretano 10mt \u00d8 5\/16 1\/4M\" srcset=\"https:\/\/equipment-pt3.com\/wp-content\/uploads\/2026\/02\/Polyurethane-Coiled-Hose-Assembly-600x600.jpg 600w, https:\/\/equipment-pt3.com\/wp-content\/uploads\/2026\/02\/Polyurethane-Coiled-Hose-Assembly-150x150.jpg 150w, https:\/\/equipment-pt3.com\/wp-content\/uploads\/2026\/02\/Polyurethane-Coiled-Hose-Assembly-300x300.jpg 300w, https:\/\/equipment-pt3.com\/wp-content\/uploads\/2026\/02\/Polyurethane-Coiled-Hose-Assembly-12x12.jpg 12w, https:\/\/equipment-pt3.com\/wp-content\/uploads\/2026\/02\/Polyurethane-Coiled-Hose-Assembly-430x430.jpg 430w, https:\/\/equipment-pt3.com\/wp-content\/uploads\/2026\/02\/Polyurethane-Coiled-Hose-Assembly.jpg 700w\" sizes=\"auto, (max-width: 600px) 100vw, 600px\" \/><\/div>\n\t\t\t\t\t<div class=\"wc-block-grid__product-title\">PCL Tubo Espiral poliuretano 10mt \u00d8 5\/16 1\/4M<\/div>\n\t\t\t\t<\/a>\n\t\t\t\t<div class=\"wc-block-grid__product-price price\"><del aria-hidden=\"true\"><span class=\"woocommerce-Price-amount amount\"><span class=\"woocommerce-Price-currencySymbol\">&euro;<\/span>69,03<\/span><\/del> <span class=\"screen-reader-text\" data-no-translation=\"\" data-trp-gettext=\"\">Original price was: &euro;69,03.<\/span><ins aria-hidden=\"true\"><span class=\"woocommerce-Price-amount amount\"><span class=\"woocommerce-Price-currencySymbol\">&euro;<\/span>48,31<\/span><\/ins><span class=\"screen-reader-text\" data-no-translation=\"\" data-trp-gettext=\"\">Current price is: &euro;48,31.<\/span><\/div>\n\t\t\t\t\n\t\t\t\t<div class=\"wp-block-button wc-block-grid__product-add-to-cart\"><a href=\"\/en\/wp-json\/wp\/v2\/pages\/8?add-to-cart=29534\" aria-label=\"Add to basket: \u201cPCL Tubo Espiral poliuretano 10mt \u00d8 5\/16 1\/4M\u201d\" data-quantity=\"1\" data-product_id=\"29534\" data-product_sku=\"HA5218\" data-price=\"48.31\" rel=\"nofollow\" class=\"wp-block-button__link  add_to_cart_button ajax_add_to_cart\" data-no-translation=\"\" data-trp-gettext=\"\" data-no-translation-aria-label=\"\">Add to basket<\/a><\/div>\n\t\t\t<\/li><li class=\"wc-block-grid__product\">\n\t\t\t\t<a href=\"https:\/\/equipment-pt3.com\/en\/product\/pcl-mk4-manometro-21-bar-aviacao\/\" class=\"wc-block-grid__product-link\">\n\t\t\t\t\t<div class=\"wc-block-grid__product-onsale\">\n\t\t\t<span aria-hidden=\"true\" data-no-translation=\"\" data-trp-gettext=\"\">Sale<\/span>\n\t\t\t<span class=\"screen-reader-text\" data-no-translation=\"\" data-trp-gettext=\"\">Product on sale<\/span>\n\t\t<\/div>\n\t\t\t\t\t<div class=\"wc-block-grid__product-image\"><img loading=\"lazy\" decoding=\"async\" width=\"600\" height=\"600\" src=\"https:\/\/equipment-pt3.com\/wp-content\/uploads\/2026\/02\/Airforce-MK4-Aviation-Tyre-Inflator-2m-600x600.jpg\" class=\"attachment-woocommerce_thumbnail size-woocommerce_thumbnail\" alt=\"PCL MK4 Man\u00f3metro 21 Bar (avia\u00e7\u00e3o)\" srcset=\"https:\/\/equipment-pt3.com\/wp-content\/uploads\/2026\/02\/Airforce-MK4-Aviation-Tyre-Inflator-2m-600x600.jpg 600w, https:\/\/equipment-pt3.com\/wp-content\/uploads\/2026\/02\/Airforce-MK4-Aviation-Tyre-Inflator-2m-150x150.jpg 150w, https:\/\/equipment-pt3.com\/wp-content\/uploads\/2026\/02\/Airforce-MK4-Aviation-Tyre-Inflator-2m-300x300.jpg 300w, https:\/\/equipment-pt3.com\/wp-content\/uploads\/2026\/02\/Airforce-MK4-Aviation-Tyre-Inflator-2m-768x768.jpg 768w, https:\/\/equipment-pt3.com\/wp-content\/uploads\/2026\/02\/Airforce-MK4-Aviation-Tyre-Inflator-2m-12x12.jpg 12w, https:\/\/equipment-pt3.com\/wp-content\/uploads\/2026\/02\/Airforce-MK4-Aviation-Tyre-Inflator-2m-430x430.jpg 430w, https:\/\/equipment-pt3.com\/wp-content\/uploads\/2026\/02\/Airforce-MK4-Aviation-Tyre-Inflator-2m-700x700.jpg 700w, https:\/\/equipment-pt3.com\/wp-content\/uploads\/2026\/02\/Airforce-MK4-Aviation-Tyre-Inflator-2m.jpg 800w\" sizes=\"auto, (max-width: 600px) 100vw, 600px\" \/><\/div>\n\t\t\t\t\t<div class=\"wc-block-grid__product-title\">PCL MK4 Man\u00f3metro 21 Bar (avia\u00e7\u00e3o)<\/div>\n\t\t\t\t<\/a>\n\t\t\t\t<div class=\"wc-block-grid__product-price price\"><del aria-hidden=\"true\"><span class=\"woocommerce-Price-amount amount\"><span class=\"woocommerce-Price-currencySymbol\">&euro;<\/span>1 .206,33<\/span><\/del> <span class=\"screen-reader-text\" data-no-translation=\"\" data-trp-gettext=\"\">Original price was: &euro;1 .206,33.<\/span><ins aria-hidden=\"true\"><span class=\"woocommerce-Price-amount amount\"><span class=\"woocommerce-Price-currencySymbol\">&euro;<\/span>844,43<\/span><\/ins><span class=\"screen-reader-text\" data-no-translation=\"\" data-trp-gettext=\"\">Current price is: &euro;844,43.<\/span><\/div>\n\t\t\t\t\n\t\t\t\t<div class=\"wp-block-button wc-block-grid__product-add-to-cart\"><a href=\"\/en\/wp-json\/wp\/v2\/pages\/8?add-to-cart=29533\" aria-label=\"Add to basket: \u201cPCL MK4 Man\u00f3metro 21 Bar (avia\u00e7\u00e3o)\u201d\" data-quantity=\"1\" data-product_id=\"29533\" data-product_sku=\"AFG6A01\" data-price=\"844.43\" rel=\"nofollow\" class=\"wp-block-button__link  add_to_cart_button ajax_add_to_cart\" data-no-translation=\"\" data-trp-gettext=\"\" data-no-translation-aria-label=\"\">Add to basket<\/a><\/div>\n\t\t\t<\/li><\/ul><\/div><\/div>\n<\/div>","protected":false},"excerpt":{"rendered":"","protected":false},"author":1,"featured_media":0,"parent":0,"menu_order":0,"comment_status":"closed","ping_status":"closed","template":"","meta":{"footnotes":""},"class_list":["post-8","page","type-page","status-publish","hentry"],"_links":{"self":[{"href":"https:\/\/equipment-pt3.com\/en\/wp-json\/wp\/v2\/pages\/8","targetHints":{"allow":["GET"]}}],"collection":[{"href":"https:\/\/equipment-pt3.com\/en\/wp-json\/wp\/v2\/pages"}],"about":[{"href":"https:\/\/equipment-pt3.com\/en\/wp-json\/wp\/v2\/types\/page"}],"author":[{"embeddable":true,"href":"https:\/\/equipment-pt3.com\/en\/wp-json\/wp\/v2\/users\/1"}],"replies":[{"embeddable":true,"href":"https:\/\/equipment-pt3.com\/en\/wp-json\/wp\/v2\/comments?post=8"}],"version-history":[{"count":1,"href":"https:\/\/equipment-pt3.com\/en\/wp-json\/wp\/v2\/pages\/8\/revisions"}],"predecessor-version":[{"id":12,"href":"https:\/\/equipment-pt3.com\/en\/wp-json\/wp\/v2\/pages\/8\/revisions\/12"}],"wp:attachment":[{"href":"https:\/\/equipment-pt3.com\/en\/wp-json\/wp\/v2\/media?parent=8"}],"curies":[{"name":"wp","href":"https:\/\/api.w.org\/{rel}","templated":true}]}}