{"id":29302,"date":"2026-02-03T13:09:57","date_gmt":"2026-02-03T13:09:57","guid":{"rendered":"https:\/\/equipment-pt3.com\/produto\/1-92-2-cj-aca-rolamentos-de-esferas\/"},"modified":"2026-02-13T11:49:26","modified_gmt":"2026-02-13T11:49:26","slug":"1-92-2-cj-aca-rolamentos-de-esferas","status":"publish","type":"product","link":"https:\/\/equipment-pt3.com\/en\/product\/1-92-2-cj-aca-rolamentos-de-esferas\/","title":{"rendered":"1.92\/2 Cj aca-rolamentos de esferas"},"content":{"rendered":"<ul>\n<li>Com o extrator de rolamentos GEDORE, a remo\u00e7\u00e3o de rolamentos montados em eixos dentro de um alojamento \u00e9 poss\u00edvel de forma simples e sem dificuldades<\/li>\n<li>O design proporciona maior efic\u00e1cia e produtividade, combinando m\u00e1xima funcionalidade com manuseamento simplificado<\/li>\n<li>Ferramenta de utiliza\u00e7\u00e3o f\u00e1cil: as garras s\u00e3o fixadas na ranhura<\/li>\n<li>O sistema de auto-bloqueio garante que 100% da for\u00e7a aplicada \u00e9 aproveitada<\/li>\n<li>Sempre seguro contra deslizamentos, com for\u00e7a de extra\u00e7\u00e3o alinhada para um trabalho preciso<\/li>\n<li>Adequado para mais de 40 rolamentos padr\u00e3o at\u00e9 ao modelo 6311<\/li>\n<\/ul>","protected":false},"excerpt":{"rendered":"<p>Com o extrator de rolamentos GEDORE, a remo\u00e7\u00e3o de rolamentos montados em eixos dentro de um alojamento \u00e9 poss\u00edvel de<\/p>","protected":false},"featured_media":31138,"template":"","meta":[],"product_brand":[64],"product_cat":[101],"product_tag":[],"class_list":{"0":"post-29302","1":"product","2":"type-product","3":"status-publish","4":"has-post-thumbnail","6":"product_brand-gedore","7":"product_cat-ferramentas-manuais","9":"first","10":"instock","11":"sale","12":"purchasable","13":"product-type-simple"},"_links":{"self":[{"href":"https:\/\/equipment-pt3.com\/en\/wp-json\/wp\/v2\/product\/29302","targetHints":{"allow":["GET"]}}],"collection":[{"href":"https:\/\/equipment-pt3.com\/en\/wp-json\/wp\/v2\/product"}],"about":[{"href":"https:\/\/equipment-pt3.com\/en\/wp-json\/wp\/v2\/types\/product"}],"version-history":[{"count":2,"href":"https:\/\/equipment-pt3.com\/en\/wp-json\/wp\/v2\/product\/29302\/revisions"}],"predecessor-version":[{"id":31142,"href":"https:\/\/equipment-pt3.com\/en\/wp-json\/wp\/v2\/product\/29302\/revisions\/31142"}],"wp:featuredmedia":[{"embeddable":true,"href":"https:\/\/equipment-pt3.com\/en\/wp-json\/wp\/v2\/media\/31138"}],"wp:attachment":[{"href":"https:\/\/equipment-pt3.com\/en\/wp-json\/wp\/v2\/media?parent=29302"}],"wp:term":[{"taxonomy":"product_brand","embeddable":true,"href":"https:\/\/equipment-pt3.com\/en\/wp-json\/wp\/v2\/product_brand?post=29302"},{"taxonomy":"product_cat","embeddable":true,"href":"https:\/\/equipment-pt3.com\/en\/wp-json\/wp\/v2\/product_cat?post=29302"},{"taxonomy":"product_tag","embeddable":true,"href":"https:\/\/equipment-pt3.com\/en\/wp-json\/wp\/v2\/product_tag?post=29302"}],"curies":[{"name":"wp","href":"https:\/\/api.w.org\/{rel}","templated":true}]}}