{"id":29303,"date":"2026-02-03T13:09:57","date_gmt":"2026-02-03T13:09:57","guid":{"rendered":"https:\/\/equipment-pt3.com\/produto\/1100-1094-sort-de-ferramentas-vde-hibrido\/"},"modified":"2026-02-13T11:54:40","modified_gmt":"2026-02-13T11:54:40","slug":"1100-1094-sort-de-ferramentas-vde-hibrido","status":"publish","type":"product","link":"https:\/\/equipment-pt3.com\/en\/product\/1100-1094-sort-de-ferramentas-vde-hibrido\/","title":{"rendered":"1100-1094 SORT.DE FERRAMENTAS VDE HIBRIDO"},"content":{"rendered":"<ul>\n<li>O kit de ferramentas perfeito para manuten\u00e7\u00e3o e repara\u00e7\u00f5es em ve\u00edculos h\u00edbridos e el\u00e9tricos<\/li>\n<li>Adequado para ve\u00edculos de todos os fabricantes<\/li>\n<li>Todas as ferramentas s\u00e3o isoladas para prote\u00e7\u00e3o conforme EN 60900 \/ IEC 60900<\/li>\n<li>A GEDORE L-BOXX\u00ae 136 \u00e9 compat\u00edvel com o sistema de equipamento para ve\u00edculos Sortimo\u00ae na sua viatura de servi\u00e7o<\/li>\n<\/ul>","protected":false},"excerpt":{"rendered":"<p>O kit de ferramentas perfeito para manuten\u00e7\u00e3o e repara\u00e7\u00f5es em ve\u00edculos h\u00edbridos e el\u00e9tricos Adequado para ve\u00edculos de todos os<\/p>","protected":false},"featured_media":31143,"template":"","meta":[],"product_brand":[64],"product_cat":[101],"product_tag":[],"class_list":{"0":"post-29303","1":"product","2":"type-product","3":"status-publish","4":"has-post-thumbnail","6":"product_brand-gedore","7":"product_cat-ferramentas-manuais","9":"first","10":"instock","11":"sale","12":"purchasable","13":"product-type-simple"},"_links":{"self":[{"href":"https:\/\/equipment-pt3.com\/en\/wp-json\/wp\/v2\/product\/29303","targetHints":{"allow":["GET"]}}],"collection":[{"href":"https:\/\/equipment-pt3.com\/en\/wp-json\/wp\/v2\/product"}],"about":[{"href":"https:\/\/equipment-pt3.com\/en\/wp-json\/wp\/v2\/types\/product"}],"version-history":[{"count":3,"href":"https:\/\/equipment-pt3.com\/en\/wp-json\/wp\/v2\/product\/29303\/revisions"}],"predecessor-version":[{"id":31149,"href":"https:\/\/equipment-pt3.com\/en\/wp-json\/wp\/v2\/product\/29303\/revisions\/31149"}],"wp:featuredmedia":[{"embeddable":true,"href":"https:\/\/equipment-pt3.com\/en\/wp-json\/wp\/v2\/media\/31143"}],"wp:attachment":[{"href":"https:\/\/equipment-pt3.com\/en\/wp-json\/wp\/v2\/media?parent=29303"}],"wp:term":[{"taxonomy":"product_brand","embeddable":true,"href":"https:\/\/equipment-pt3.com\/en\/wp-json\/wp\/v2\/product_brand?post=29303"},{"taxonomy":"product_cat","embeddable":true,"href":"https:\/\/equipment-pt3.com\/en\/wp-json\/wp\/v2\/product_cat?post=29303"},{"taxonomy":"product_tag","embeddable":true,"href":"https:\/\/equipment-pt3.com\/en\/wp-json\/wp\/v2\/product_tag?post=29303"}],"curies":[{"name":"wp","href":"https:\/\/api.w.org\/{rel}","templated":true}]}}