{"id":29304,"date":"2026-02-03T13:09:57","date_gmt":"2026-02-03T13:09:57","guid":{"rendered":"https:\/\/equipment-pt3.com\/produto\/1100-2456-conj-de-curvadoras-de-tubos-manuais\/"},"modified":"2026-02-13T11:25:45","modified_gmt":"2026-02-13T11:25:45","slug":"1100-2456-conj-de-curvadoras-de-tubos-manuais","status":"publish","type":"product","link":"https:\/\/equipment-pt3.com\/en\/product\/1100-2456-conj-de-curvadoras-de-tubos-manuais\/","title":{"rendered":"1100-2456 CONJ. DE CURVADORAS DE TUBOS MANUAIS"},"content":{"rendered":"<ul>\n<li>Dimens\u00f5es de 10 a 22 mm \u00d8 at\u00e9 90\u00b0<\/li>\n<li>Para tubos de cobre macio EN 1057 at\u00e9 22 mm (incluindo isolados termicamente), tubos multicamada at\u00e9 20 mm e tubos de a\u00e7o de precis\u00e3o EN 10305-3 (DIN 2394) at\u00e9 18 x 1,5 mm<\/li>\n<li>Inclui 7 moldes de curvatura para tubos \u00d8 10, 12, 14, 15, 18, 20 e 22 mm, com respetivos contra-apoios<\/li>\n<li>Acionamento hidr\u00e1ulico, sem necessidade de grande esfor\u00e7o<\/li>\n<li>Com cortatubos N.\u00ba 2250 3<\/li>\n<li>Fornecido em GEDORE L-BOXX\u00ae 136 N.\u00ba 1100 L<\/li>\n<\/ul>","protected":false},"excerpt":{"rendered":"<p>Dimens\u00f5es de 10 a 22 mm \u00d8 at\u00e9 90\u00b0 Para tubos de cobre macio EN 1057 at\u00e9 22 mm (incluindo<\/p>","protected":false},"featured_media":31124,"template":"","meta":[],"product_brand":[64],"product_cat":[101],"product_tag":[],"class_list":{"0":"post-29304","1":"product","2":"type-product","3":"status-publish","4":"has-post-thumbnail","6":"product_brand-gedore","7":"product_cat-ferramentas-manuais","9":"first","10":"instock","11":"sale","12":"purchasable","13":"product-type-simple"},"_links":{"self":[{"href":"https:\/\/equipment-pt3.com\/en\/wp-json\/wp\/v2\/product\/29304","targetHints":{"allow":["GET"]}}],"collection":[{"href":"https:\/\/equipment-pt3.com\/en\/wp-json\/wp\/v2\/product"}],"about":[{"href":"https:\/\/equipment-pt3.com\/en\/wp-json\/wp\/v2\/types\/product"}],"version-history":[{"count":3,"href":"https:\/\/equipment-pt3.com\/en\/wp-json\/wp\/v2\/product\/29304\/revisions"}],"predecessor-version":[{"id":31123,"href":"https:\/\/equipment-pt3.com\/en\/wp-json\/wp\/v2\/product\/29304\/revisions\/31123"}],"wp:featuredmedia":[{"embeddable":true,"href":"https:\/\/equipment-pt3.com\/en\/wp-json\/wp\/v2\/media\/31124"}],"wp:attachment":[{"href":"https:\/\/equipment-pt3.com\/en\/wp-json\/wp\/v2\/media?parent=29304"}],"wp:term":[{"taxonomy":"product_brand","embeddable":true,"href":"https:\/\/equipment-pt3.com\/en\/wp-json\/wp\/v2\/product_brand?post=29304"},{"taxonomy":"product_cat","embeddable":true,"href":"https:\/\/equipment-pt3.com\/en\/wp-json\/wp\/v2\/product_cat?post=29304"},{"taxonomy":"product_tag","embeddable":true,"href":"https:\/\/equipment-pt3.com\/en\/wp-json\/wp\/v2\/product_tag?post=29304"}],"curies":[{"name":"wp","href":"https:\/\/api.w.org\/{rel}","templated":true}]}}