{"id":29305,"date":"2026-02-03T13:09:57","date_gmt":"2026-02-03T13:09:57","guid":{"rendered":"https:\/\/equipment-pt3.com\/produto\/1102-003-conjunto-de-alicates\/"},"modified":"2026-02-13T11:58:18","modified_gmt":"2026-02-13T11:58:18","slug":"1102-003-conjunto-de-alicates","status":"publish","type":"product","link":"https:\/\/equipment-pt3.com\/en\/product\/1102-003-conjunto-de-alicates\/","title":{"rendered":"1102-003 CONJUNTO DE ALICATES"},"content":{"rendered":"<ul>\n<li>Composi\u00e7\u00e3o pr\u00e1tica de conjunto<\/li>\n<li>JC = cromado, com punhos de 2 componentes<\/li>\n<li>Fornecido em GEDORE L-BOXX\u00ae Mini, incluindo conjunto de divis\u00f3rias<\/li>\n<li>Dimens\u00f5es: L 260 x P 155 x A 63 mm<\/li>\n<\/ul>\n<p>Alicate de pontas planas N.\u00ba 8132-160 JC<\/p>\n<ul>\n<li>Mordentes longos, planos-arredondados, superf\u00edcies de aperto direitas e serrilhadas<\/li>\n<li>Para segurar, agarrar, dobrar e cortar<\/li>\n<li>Cromado, com punhos de 2 componentes<\/li>\n<\/ul>\n<p>Alicate combinado refor\u00e7ado N.\u00ba 8250-180 JC<\/p>\n<ul>\n<li>Elevado efeito de alavanca para forte capacidade de aperto e corte<\/li>\n<li>Gumes de corte de precis\u00e3o endurecidos por indu\u00e7\u00e3o, dureza 63 \u2013 65 HRC<\/li>\n<li>Para material redondo e plano<\/li>\n<li>Cromado, com punhos de 2 componentes<\/li>\n<\/ul>\n<p>Alicate de corte lateral refor\u00e7ado N.\u00ba 8316-160 JC<\/p>\n<ul>\n<li>Boa a\u00e7\u00e3o de alavanca para corte f\u00e1cil<\/li>\n<li>Gumes de corte de precis\u00e3o endurecidos por indu\u00e7\u00e3o, dureza 63 \u2013 65 HRC<\/li>\n<li>Capacidade m\u00e1xima de corte \u00d8 1,4 \u2013 2,0 mm<\/li>\n<li>Cromado, com punhos de 2 componentes<\/li>\n<\/ul>","protected":false},"excerpt":{"rendered":"<p>Composi\u00e7\u00e3o pr\u00e1tica de conjunto JC = cromado, com punhos de 2 componentes Fornecido em GEDORE L-BOXX\u00ae Mini, incluindo conjunto de<\/p>","protected":false},"featured_media":31150,"template":"","meta":[],"product_brand":[64],"product_cat":[101],"product_tag":[],"class_list":{"0":"post-29305","1":"product","2":"type-product","3":"status-publish","4":"has-post-thumbnail","6":"product_brand-gedore","7":"product_cat-ferramentas-manuais","9":"first","10":"instock","11":"sale","12":"purchasable","13":"product-type-simple"},"_links":{"self":[{"href":"https:\/\/equipment-pt3.com\/en\/wp-json\/wp\/v2\/product\/29305","targetHints":{"allow":["GET"]}}],"collection":[{"href":"https:\/\/equipment-pt3.com\/en\/wp-json\/wp\/v2\/product"}],"about":[{"href":"https:\/\/equipment-pt3.com\/en\/wp-json\/wp\/v2\/types\/product"}],"version-history":[{"count":3,"href":"https:\/\/equipment-pt3.com\/en\/wp-json\/wp\/v2\/product\/29305\/revisions"}],"predecessor-version":[{"id":31155,"href":"https:\/\/equipment-pt3.com\/en\/wp-json\/wp\/v2\/product\/29305\/revisions\/31155"}],"wp:featuredmedia":[{"embeddable":true,"href":"https:\/\/equipment-pt3.com\/en\/wp-json\/wp\/v2\/media\/31150"}],"wp:attachment":[{"href":"https:\/\/equipment-pt3.com\/en\/wp-json\/wp\/v2\/media?parent=29305"}],"wp:term":[{"taxonomy":"product_brand","embeddable":true,"href":"https:\/\/equipment-pt3.com\/en\/wp-json\/wp\/v2\/product_brand?post=29305"},{"taxonomy":"product_cat","embeddable":true,"href":"https:\/\/equipment-pt3.com\/en\/wp-json\/wp\/v2\/product_cat?post=29305"},{"taxonomy":"product_tag","embeddable":true,"href":"https:\/\/equipment-pt3.com\/en\/wp-json\/wp\/v2\/product_tag?post=29305"}],"curies":[{"name":"wp","href":"https:\/\/api.w.org\/{rel}","templated":true}]}}