{"id":29306,"date":"2026-02-03T13:09:58","date_gmt":"2026-02-03T13:09:58","guid":{"rendered":"https:\/\/equipment-pt3.com\/produto\/137-10-alicate-grip-10-magic-prom-14\/"},"modified":"2026-02-13T10:52:04","modified_gmt":"2026-02-13T10:52:04","slug":"137-10-alicate-grip-10-magic-prom-14","status":"publish","type":"product","link":"https:\/\/equipment-pt3.com\/en\/product\/137-10-alicate-grip-10-magic-prom-14\/","title":{"rendered":"137 10 Alicate Grip 10-MAGIC PROM.14"},"content":{"rendered":"<ul>\n<li>Com parafuso de ajuste e alavanca de liberta\u00e7\u00e3o; modelo 137 10 com alavanca isolada por imers\u00e3o a azul<\/li>\n<li>Mordentes forjados e temperados com formato especial para agarrar, fixar e segurar com seguran\u00e7a<\/li>\n<li>A\u00e7o van\u00e1dio GEDORE 31CrV3, zincado<\/li>\n<li>Corpo do mordente em chapa de a\u00e7o de elevada resist\u00eancia<\/li>\n<li>Mordente superior soldado automaticamente \u2013 liga\u00e7\u00e3o absolutamente firme ao corpo em chapa de a\u00e7o<\/li>\n<li>Formato sofisticado do mordente que garante apoio em tr\u00eas pontos para qualquer sec\u00e7\u00e3o de material<\/li>\n<li>Orif\u00edcio roscado soldado na parte inferior<\/li>\n<li>Sem alargamento mesmo sob cargas extremas<\/li>\n<li>Liberta\u00e7\u00e3o segura<\/li>\n<li>Alavanca de liberta\u00e7\u00e3o sob press\u00e3o constante de mola especial<\/li>\n<\/ul>","protected":false},"excerpt":{"rendered":"<p>Com parafuso de ajuste e alavanca de liberta\u00e7\u00e3o; modelo 137 10 com alavanca isolada por imers\u00e3o a azul Mordentes forjados<\/p>","protected":false},"featured_media":31083,"template":"","meta":[],"product_brand":[64],"product_cat":[101],"product_tag":[],"class_list":{"0":"post-29306","1":"product","2":"type-product","3":"status-publish","4":"has-post-thumbnail","6":"product_brand-gedore","7":"product_cat-ferramentas-manuais","9":"first","10":"instock","11":"sale","12":"purchasable","13":"product-type-simple"},"_links":{"self":[{"href":"https:\/\/equipment-pt3.com\/en\/wp-json\/wp\/v2\/product\/29306","targetHints":{"allow":["GET"]}}],"collection":[{"href":"https:\/\/equipment-pt3.com\/en\/wp-json\/wp\/v2\/product"}],"about":[{"href":"https:\/\/equipment-pt3.com\/en\/wp-json\/wp\/v2\/types\/product"}],"version-history":[{"count":3,"href":"https:\/\/equipment-pt3.com\/en\/wp-json\/wp\/v2\/product\/29306\/revisions"}],"predecessor-version":[{"id":31092,"href":"https:\/\/equipment-pt3.com\/en\/wp-json\/wp\/v2\/product\/29306\/revisions\/31092"}],"wp:featuredmedia":[{"embeddable":true,"href":"https:\/\/equipment-pt3.com\/en\/wp-json\/wp\/v2\/media\/31083"}],"wp:attachment":[{"href":"https:\/\/equipment-pt3.com\/en\/wp-json\/wp\/v2\/media?parent=29306"}],"wp:term":[{"taxonomy":"product_brand","embeddable":true,"href":"https:\/\/equipment-pt3.com\/en\/wp-json\/wp\/v2\/product_brand?post=29306"},{"taxonomy":"product_cat","embeddable":true,"href":"https:\/\/equipment-pt3.com\/en\/wp-json\/wp\/v2\/product_cat?post=29306"},{"taxonomy":"product_tag","embeddable":true,"href":"https:\/\/equipment-pt3.com\/en\/wp-json\/wp\/v2\/product_tag?post=29306"}],"curies":[{"name":"wp","href":"https:\/\/api.w.org\/{rel}","templated":true}]}}