{"id":29307,"date":"2026-02-03T13:09:58","date_gmt":"2026-02-03T13:09:58","guid":{"rendered":"https:\/\/equipment-pt3.com\/produto\/2150-2160-ph-06-c-chaves-fenda-magic-prom-14\/"},"modified":"2026-02-13T10:47:20","modified_gmt":"2026-02-13T10:47:20","slug":"2150-2160-ph-06-c-chaves-fenda-magic-prom-14","status":"publish","type":"product","link":"https:\/\/equipment-pt3.com\/en\/product\/2150-2160-ph-06-c-chaves-fenda-magic-prom-14\/","title":{"rendered":"2150-2160 PH-06 C.chaves fenda MAGIC PROM.14"},"content":{"rendered":"<ul>\n<li>Conjunto pr\u00e1tico fornecido em caixa de cart\u00e3o ecol\u00f3gica<\/li>\n<li>Para parafusos de fenda e Phillips<\/li>\n<li>Punho Power-Grip\u00b3 de 3 componentes com orif\u00edcio para suspens\u00e3o<\/li>\n<li>Formato ergon\u00f3mico do punho para trabalho preciso e sem fadiga<\/li>\n<li>Liga\u00e7\u00e3o firme entre punho e l\u00e2mina para transmiss\u00e3o ideal de for\u00e7a<\/li>\n<li>Tipo de acionamento identificado na extremidade do punho<\/li>\n<li>L\u00e2mina em a\u00e7o molibd\u00e9nio-van\u00e1dio galvanizado<\/li>\n<\/ul>","protected":false},"excerpt":{"rendered":"<p>Conjunto pr\u00e1tico fornecido em caixa de cart\u00e3o ecol\u00f3gica Para parafusos de fenda e Phillips Punho Power-Grip\u00b3 de 3 componentes com<\/p>","protected":false},"featured_media":31081,"template":"","meta":[],"product_brand":[64],"product_cat":[101],"product_tag":[],"class_list":{"0":"post-29307","1":"product","2":"type-product","3":"status-publish","4":"has-post-thumbnail","6":"product_brand-gedore","7":"product_cat-ferramentas-manuais","9":"first","10":"instock","11":"sale","12":"purchasable","13":"product-type-simple"},"_links":{"self":[{"href":"https:\/\/equipment-pt3.com\/en\/wp-json\/wp\/v2\/product\/29307","targetHints":{"allow":["GET"]}}],"collection":[{"href":"https:\/\/equipment-pt3.com\/en\/wp-json\/wp\/v2\/product"}],"about":[{"href":"https:\/\/equipment-pt3.com\/en\/wp-json\/wp\/v2\/types\/product"}],"version-history":[{"count":2,"href":"https:\/\/equipment-pt3.com\/en\/wp-json\/wp\/v2\/product\/29307\/revisions"}],"predecessor-version":[{"id":31082,"href":"https:\/\/equipment-pt3.com\/en\/wp-json\/wp\/v2\/product\/29307\/revisions\/31082"}],"wp:featuredmedia":[{"embeddable":true,"href":"https:\/\/equipment-pt3.com\/en\/wp-json\/wp\/v2\/media\/31081"}],"wp:attachment":[{"href":"https:\/\/equipment-pt3.com\/en\/wp-json\/wp\/v2\/media?parent=29307"}],"wp:term":[{"taxonomy":"product_brand","embeddable":true,"href":"https:\/\/equipment-pt3.com\/en\/wp-json\/wp\/v2\/product_brand?post=29307"},{"taxonomy":"product_cat","embeddable":true,"href":"https:\/\/equipment-pt3.com\/en\/wp-json\/wp\/v2\/product_cat?post=29307"},{"taxonomy":"product_tag","embeddable":true,"href":"https:\/\/equipment-pt3.com\/en\/wp-json\/wp\/v2\/product_tag?post=29307"}],"curies":[{"name":"wp","href":"https:\/\/api.w.org\/{rel}","templated":true}]}}