{"id":29308,"date":"2026-02-03T13:09:58","date_gmt":"2026-02-03T13:09:58","guid":{"rendered":"https:\/\/equipment-pt3.com\/produto\/234001-aparelho-magic-prom-14\/"},"modified":"2026-02-13T10:43:57","modified_gmt":"2026-02-13T10:43:57","slug":"234001-aparelho-magic-prom-14","status":"publish","type":"product","link":"https:\/\/equipment-pt3.com\/en\/product\/234001-aparelho-magic-prom-14\/","title":{"rendered":"234001 Aparelho -MAGIC PROM.14"},"content":{"rendered":"<ul>\n<li>Para flanges de precis\u00e3o conforme DIN 74234<\/li>\n<li>Para tubos de trav\u00f5es, refrigera\u00e7\u00e3o, hidr\u00e1ulicos e pneum\u00e1ticos com espessura de parede de 0,7 a 1,0 mm<\/li>\n<li>Corpo em ferro fundido temperado GTW 40<\/li>\n<li>Pintado a azul<\/li>\n<li>Conjunto completo para tubos m\u00e9tricos e\/ou em polegadas<\/li>\n<li>Inclui rebarbador para tubos \u00d8 4\u201332 mm e mini cortatubos \u00d8 4\u201316 mm<\/li>\n<li>Fornecido em GEDORE i-BOXX\u00ae 72 N.\u00ba 1101 L<\/li>\n<\/ul>","protected":false},"excerpt":{"rendered":"<p>Para flanges de precis\u00e3o conforme DIN 74234 Para tubos de trav\u00f5es, refrigera\u00e7\u00e3o, hidr\u00e1ulicos e pneum\u00e1ticos com espessura de parede de<\/p>","protected":false},"featured_media":31075,"template":"","meta":[],"product_brand":[64],"product_cat":[101],"product_tag":[],"class_list":{"0":"post-29308","1":"product","2":"type-product","3":"status-publish","4":"has-post-thumbnail","6":"product_brand-gedore","7":"product_cat-ferramentas-manuais","9":"first","10":"instock","11":"sale","12":"purchasable","13":"product-type-simple"},"_links":{"self":[{"href":"https:\/\/equipment-pt3.com\/en\/wp-json\/wp\/v2\/product\/29308","targetHints":{"allow":["GET"]}}],"collection":[{"href":"https:\/\/equipment-pt3.com\/en\/wp-json\/wp\/v2\/product"}],"about":[{"href":"https:\/\/equipment-pt3.com\/en\/wp-json\/wp\/v2\/types\/product"}],"version-history":[{"count":2,"href":"https:\/\/equipment-pt3.com\/en\/wp-json\/wp\/v2\/product\/29308\/revisions"}],"predecessor-version":[{"id":31080,"href":"https:\/\/equipment-pt3.com\/en\/wp-json\/wp\/v2\/product\/29308\/revisions\/31080"}],"wp:featuredmedia":[{"embeddable":true,"href":"https:\/\/equipment-pt3.com\/en\/wp-json\/wp\/v2\/media\/31075"}],"wp:attachment":[{"href":"https:\/\/equipment-pt3.com\/en\/wp-json\/wp\/v2\/media?parent=29308"}],"wp:term":[{"taxonomy":"product_brand","embeddable":true,"href":"https:\/\/equipment-pt3.com\/en\/wp-json\/wp\/v2\/product_brand?post=29308"},{"taxonomy":"product_cat","embeddable":true,"href":"https:\/\/equipment-pt3.com\/en\/wp-json\/wp\/v2\/product_cat?post=29308"},{"taxonomy":"product_tag","embeddable":true,"href":"https:\/\/equipment-pt3.com\/en\/wp-json\/wp\/v2\/product_tag?post=29308"}],"curies":[{"name":"wp","href":"https:\/\/api.w.org\/{rel}","templated":true}]}}