{"id":29309,"date":"2026-02-03T13:09:58","date_gmt":"2026-02-03T13:09:58","guid":{"rendered":"https:\/\/equipment-pt3.com\/produto\/3549-02-uk-chave-dinamometrica-torcoflex-uk\/"},"modified":"2026-02-13T12:14:24","modified_gmt":"2026-02-13T12:14:24","slug":"3549-02-uk-chave-dinamometrica-torcoflex-uk","status":"publish","type":"product","link":"https:\/\/equipment-pt3.com\/en\/product\/3549-02-uk-chave-dinamometrica-torcoflex-uk\/","title":{"rendered":"3549-02 UK CHAVE DINAM\u00d3METRICA TORCOFLEX UK"},"content":{"rendered":"<ul>\n<li>Chave dinamom\u00e9trica tubular ajust\u00e1vel, robusta e com mecanismo de liberta\u00e7\u00e3o, com roquete de alavanca integrado (a partir de 3\/4&#8243; com disco de invers\u00e3o) e com encaixe quadrado, para a ind\u00fastria e of\u00edcios<\/li>\n<li>Classificada segundo DIN EN 6789:2017 tipo II classe A, calibrada com um desvio m\u00e1ximo admiss\u00edvel de +\/- 3% e, portanto, mais precisa do que os +\/- 4% exigidos pela norma<\/li>\n<li>Inclui certificado de ensaio conforme DIN EN ISO 6789-2:2017<\/li>\n<li>Para aperto controlado no sentido hor\u00e1rio<\/li>\n<\/ul>","protected":false},"excerpt":{"rendered":"<p>Chave dinamom\u00e9trica tubular ajust\u00e1vel, robusta e com mecanismo de liberta\u00e7\u00e3o, com roquete de alavanca integrado (a partir de 3\/4&#8243; com<\/p>","protected":false},"featured_media":31162,"template":"","meta":[],"product_brand":[64],"product_cat":[99,101],"product_tag":[],"class_list":{"0":"post-29309","1":"product","2":"type-product","3":"status-publish","4":"has-post-thumbnail","6":"product_brand-gedore","7":"product_cat-chaves-dinamometricas","8":"product_cat-ferramentas-manuais","10":"first","11":"instock","12":"sale","13":"purchasable","14":"product-type-simple"},"_links":{"self":[{"href":"https:\/\/equipment-pt3.com\/en\/wp-json\/wp\/v2\/product\/29309","targetHints":{"allow":["GET"]}}],"collection":[{"href":"https:\/\/equipment-pt3.com\/en\/wp-json\/wp\/v2\/product"}],"about":[{"href":"https:\/\/equipment-pt3.com\/en\/wp-json\/wp\/v2\/types\/product"}],"version-history":[{"count":3,"href":"https:\/\/equipment-pt3.com\/en\/wp-json\/wp\/v2\/product\/29309\/revisions"}],"predecessor-version":[{"id":31167,"href":"https:\/\/equipment-pt3.com\/en\/wp-json\/wp\/v2\/product\/29309\/revisions\/31167"}],"wp:featuredmedia":[{"embeddable":true,"href":"https:\/\/equipment-pt3.com\/en\/wp-json\/wp\/v2\/media\/31162"}],"wp:attachment":[{"href":"https:\/\/equipment-pt3.com\/en\/wp-json\/wp\/v2\/media?parent=29309"}],"wp:term":[{"taxonomy":"product_brand","embeddable":true,"href":"https:\/\/equipment-pt3.com\/en\/wp-json\/wp\/v2\/product_brand?post=29309"},{"taxonomy":"product_cat","embeddable":true,"href":"https:\/\/equipment-pt3.com\/en\/wp-json\/wp\/v2\/product_cat?post=29309"},{"taxonomy":"product_tag","embeddable":true,"href":"https:\/\/equipment-pt3.com\/en\/wp-json\/wp\/v2\/product_tag?post=29309"}],"curies":[{"name":"wp","href":"https:\/\/api.w.org\/{rel}","templated":true}]}}