{"id":29311,"date":"2026-02-03T13:09:58","date_gmt":"2026-02-03T13:09:58","guid":{"rendered":"https:\/\/equipment-pt3.com\/produto\/3550-30-uk-chave-dinamometrica-torcoflex-uk\/"},"modified":"2026-02-13T12:16:47","modified_gmt":"2026-02-13T12:16:47","slug":"3550-30-uk-chave-dinamometrica-torcoflex-uk","status":"publish","type":"product","link":"https:\/\/equipment-pt3.com\/en\/product\/3550-30-uk-chave-dinamometrica-torcoflex-uk\/","title":{"rendered":"3550-30 UK CHAVE DINAM\u00d3METRICA TORCOFLEX UK"},"content":{"rendered":"<ul>\n<li>Chave dinamom\u00e9trica tubular ajust\u00e1vel, de liberta\u00e7\u00e3o autom\u00e1tica e robusta, com roquete de alavanca integrado (a partir de 3\/4&#8243; com disco intercambi\u00e1vel) e encaixe quadrado, indicada para a ind\u00fastria e profissionais<\/li>\n<li>Classificada conforme DIN EN 6789:2017 Tipo II Classe A, calibrada com desvio m\u00e1ximo admiss\u00edvel de +\/- 3%, sendo mais precisa do que os +\/- 4% exigidos pela norma<\/li>\n<li>Inclui certificado de ensaio conforme DIN EN ISO 6789-2:2017<\/li>\n<li>Para aperto controlado no sentido hor\u00e1rio<\/li>\n<\/ul>","protected":false},"excerpt":{"rendered":"<p>Chave dinamom\u00e9trica tubular ajust\u00e1vel, de liberta\u00e7\u00e3o autom\u00e1tica e robusta, com roquete de alavanca integrado (a partir de 3\/4&#8243; com disco<\/p>","protected":false},"featured_media":31068,"template":"","meta":[],"product_brand":[64],"product_cat":[99,101],"product_tag":[],"class_list":{"0":"post-29311","1":"product","2":"type-product","3":"status-publish","4":"has-post-thumbnail","6":"product_brand-gedore","7":"product_cat-chaves-dinamometricas","8":"product_cat-ferramentas-manuais","10":"first","11":"instock","12":"sale","13":"purchasable","14":"product-type-simple"},"_links":{"self":[{"href":"https:\/\/equipment-pt3.com\/en\/wp-json\/wp\/v2\/product\/29311","targetHints":{"allow":["GET"]}}],"collection":[{"href":"https:\/\/equipment-pt3.com\/en\/wp-json\/wp\/v2\/product"}],"about":[{"href":"https:\/\/equipment-pt3.com\/en\/wp-json\/wp\/v2\/types\/product"}],"version-history":[{"count":3,"href":"https:\/\/equipment-pt3.com\/en\/wp-json\/wp\/v2\/product\/29311\/revisions"}],"predecessor-version":[{"id":31074,"href":"https:\/\/equipment-pt3.com\/en\/wp-json\/wp\/v2\/product\/29311\/revisions\/31074"}],"wp:featuredmedia":[{"embeddable":true,"href":"https:\/\/equipment-pt3.com\/en\/wp-json\/wp\/v2\/media\/31068"}],"wp:attachment":[{"href":"https:\/\/equipment-pt3.com\/en\/wp-json\/wp\/v2\/media?parent=29311"}],"wp:term":[{"taxonomy":"product_brand","embeddable":true,"href":"https:\/\/equipment-pt3.com\/en\/wp-json\/wp\/v2\/product_brand?post=29311"},{"taxonomy":"product_cat","embeddable":true,"href":"https:\/\/equipment-pt3.com\/en\/wp-json\/wp\/v2\/product_cat?post=29311"},{"taxonomy":"product_tag","embeddable":true,"href":"https:\/\/equipment-pt3.com\/en\/wp-json\/wp\/v2\/product_tag?post=29311"}],"curies":[{"name":"wp","href":"https:\/\/api.w.org\/{rel}","templated":true}]}}