{"id":29312,"date":"2026-02-03T13:09:58","date_gmt":"2026-02-03T13:09:58","guid":{"rendered":"https:\/\/equipment-pt3.com\/produto\/4201-01-chave-dinamometrica-torcofix\/"},"modified":"2026-02-13T10:58:30","modified_gmt":"2026-02-13T10:58:30","slug":"4201-01-chave-dinamometrica-torcofix","status":"publish","type":"product","link":"https:\/\/equipment-pt3.com\/en\/product\/4201-01-chave-dinamometrica-torcofix\/","title":{"rendered":"4201-01 CHAVE DINAMOMETRICA TORCOFIX"},"content":{"rendered":"<ul>\n<li>Aperto controlado de parafusos na gama de 5 \u2013 400 Nm \/ 3,7 \u2013 300 lbf\u00b7ft<\/li>\n<li>Aperto controlado de liga\u00e7\u00f5es aparafusadas na gama de 40 \u2013 200 Nm \/ 30 \u2013 150 lbf\u00b7ft<\/li>\n<\/ul>\n<p><strong>Design:<\/strong><\/p>\n<ul>\n<li>Classificada conforme DIN EN ISO 6789:2003 Tipo II Classe A, com certificado de f\u00e1brica<\/li>\n<li>Precis\u00e3o de +\/- 3% do valor definido na escala<\/li>\n<li>Supera o requisito da norma (+\/- 4%)<\/li>\n<li>Para aperto controlado no sentido hor\u00e1rio e anti-hor\u00e1rio<\/li>\n<li>Constru\u00e7\u00e3o robusta em tubo de a\u00e7o pintado, com encaixes retangulares galvanizados (9 x 12 mm ou 14 x 18 mm) e componentes em pl\u00e1stico de alta qualidade<\/li>\n<li>Punho ergon\u00f3mico em pl\u00e1stico preto, confort\u00e1vel, com aux\u00edlio de calibra\u00e7\u00e3o<\/li>\n<li>Dupla escala Nm e lbf\u00b7ft sob visor com efeito de lupa<\/li>\n<li>Escala microm\u00e9trica para a escala principal em Nm, permitindo definir valores interm\u00e9dios<\/li>\n<li>Sistema de disparo com sinal t\u00e1til e aud\u00edvel<\/li>\n<li>Desativa\u00e7\u00e3o autom\u00e1tica com sinal t\u00e1til e aud\u00edvel<\/li>\n<li>Sistema ergon\u00f3mico para ajuste do bin\u00e1rio<\/li>\n<li>Utiliza\u00e7\u00e3o apenas com ferramentas de encaixe com dimens\u00e3o normalizada uniforme; caso contr\u00e1rio, podem ocorrer desvios de valor<\/li>\n<li>Conforme a aplica\u00e7\u00e3o, pode ser utilizada frontalmente (ex.: chave de boca de encaixe) ou lateralmente (ex.: roquete intercambi\u00e1vel com chave de caixa)<\/li>\n<\/ul>","protected":false},"excerpt":{"rendered":"<p>Aperto controlado de parafusos na gama de 5 \u2013 400 Nm \/ 3,7 \u2013 300 lbf\u00b7ft Aperto controlado de liga\u00e7\u00f5es<\/p>","protected":false},"featured_media":31093,"template":"","meta":[],"product_brand":[64],"product_cat":[99,101],"product_tag":[],"class_list":{"0":"post-29312","1":"product","2":"type-product","3":"status-publish","4":"has-post-thumbnail","6":"product_brand-gedore","7":"product_cat-chaves-dinamometricas","8":"product_cat-ferramentas-manuais","10":"first","11":"instock","12":"sale","13":"purchasable","14":"product-type-simple"},"_links":{"self":[{"href":"https:\/\/equipment-pt3.com\/en\/wp-json\/wp\/v2\/product\/29312","targetHints":{"allow":["GET"]}}],"collection":[{"href":"https:\/\/equipment-pt3.com\/en\/wp-json\/wp\/v2\/product"}],"about":[{"href":"https:\/\/equipment-pt3.com\/en\/wp-json\/wp\/v2\/types\/product"}],"version-history":[{"count":4,"href":"https:\/\/equipment-pt3.com\/en\/wp-json\/wp\/v2\/product\/29312\/revisions"}],"predecessor-version":[{"id":31097,"href":"https:\/\/equipment-pt3.com\/en\/wp-json\/wp\/v2\/product\/29312\/revisions\/31097"}],"wp:featuredmedia":[{"embeddable":true,"href":"https:\/\/equipment-pt3.com\/en\/wp-json\/wp\/v2\/media\/31093"}],"wp:attachment":[{"href":"https:\/\/equipment-pt3.com\/en\/wp-json\/wp\/v2\/media?parent=29312"}],"wp:term":[{"taxonomy":"product_brand","embeddable":true,"href":"https:\/\/equipment-pt3.com\/en\/wp-json\/wp\/v2\/product_brand?post=29312"},{"taxonomy":"product_cat","embeddable":true,"href":"https:\/\/equipment-pt3.com\/en\/wp-json\/wp\/v2\/product_cat?post=29312"},{"taxonomy":"product_tag","embeddable":true,"href":"https:\/\/equipment-pt3.com\/en\/wp-json\/wp\/v2\/product_tag?post=29312"}],"curies":[{"name":"wp","href":"https:\/\/api.w.org\/{rel}","templated":true}]}}