{"id":29313,"date":"2026-02-03T13:09:58","date_gmt":"2026-02-03T13:09:58","guid":{"rendered":"https:\/\/equipment-pt3.com\/produto\/4440-01-chave-dinamometrica-75-400nm\/"},"modified":"2026-02-13T11:08:31","modified_gmt":"2026-02-13T11:08:31","slug":"4440-01-chave-dinamometrica-75-400nm","status":"publish","type":"product","link":"https:\/\/equipment-pt3.com\/en\/product\/4440-01-chave-dinamometrica-75-400nm\/","title":{"rendered":"4440-01 Chave dinamometrica 75-400Nm"},"content":{"rendered":"<ul>\n<li>Aperto controlado de parafusos na gama mais utilizada de 5 \u2013 850 N\u00b7m \/ 3,7 \u2013 550 lbf\u00b7ft<\/li>\n<li>Chave dinamom\u00e9trica tubular ajust\u00e1vel, de disparo autom\u00e1tico e robusta, com extremidade de espig\u00e3o, indicada para a ind\u00fastria e profissionais<\/li>\n<\/ul>\n<p><strong>Caracter\u00edsticas:<\/strong><\/p>\n<ul>\n<li>Classificada conforme DIN EN ISO 6789:2003 Tipo II Classe A, com certificado de f\u00e1brica<\/li>\n<li>Precis\u00e3o de trabalho: +\/- 3% do valor definido na escala<\/li>\n<li>Supera o requisito da norma (+\/- 4%)<\/li>\n<li>Para aperto controlado nos dois sentidos<\/li>\n<li>Constru\u00e7\u00e3o robusta em tubo de a\u00e7o envernizado, com espig\u00e3o fosfatado (\u00d8 16 mm ou \u00d8 22 mm) e componentes em pl\u00e1stico de alta qualidade<\/li>\n<li>Punho ergon\u00f3mico em pl\u00e1stico preto, com aux\u00edlio de calibra\u00e7\u00e3o<\/li>\n<li>Dupla escala N\u00b7m e lbf\u00b7ft sob visor com efeito de lupa<\/li>\n<li>Escala microm\u00e9trica para defini\u00e7\u00e3o de valores interm\u00e9dios na escala principal em N\u00b7m<\/li>\n<li>Sistema de disparo com sinal t\u00e1til e aud\u00edvel<\/li>\n<li>Sistema ergon\u00f3mico de ajuste do bin\u00e1rio<\/li>\n<li>Profundidade padr\u00e3o de encaixe de f\u00e1brica: 32 mm (\u00d8 16 mm) ou 56 mm (\u00d8 22 mm)<\/li>\n<li>Utiliza\u00e7\u00e3o apenas com acess\u00f3rios com profundidade normalizada; caso contr\u00e1rio, podem ocorrer imprecis\u00f5es<\/li>\n<li>Acesso poss\u00edvel pela frente (ex.: chave de boca de encaixe) ou lateralmente (ex.: roquete revers\u00edvel com chave de caixa)<\/li>\n<\/ul>\n<p><strong>Especifica\u00e7\u00f5es t\u00e9cnicas:<\/strong><\/p>\n<ul>\n<li>Comprimento (L, L1): 648,5 mm<\/li>\n<li>Largura: 35,0 mm<\/li>\n<li>Divis\u00f5es da escala: 10 N\u00b7m<\/li>\n<li>Intervalo de medi\u00e7\u00e3o (Nm): 80 \u2013 400 N\u00b7m<\/li>\n<li>Intervalo de medi\u00e7\u00e3o (lbf\u00b7ft): 60 \u2013 300 lbf\u00b7ft<\/li>\n<li>Gradua\u00e7\u00e3o do anel microm\u00e9trico: 1 N\u00b7m<\/li>\n<li>Profundidade de encaixe (C, L): 32 mm<\/li>\n<li>Pino de liga\u00e7\u00e3o (espig\u00e3o): 16 mm<\/li>\n<li>Dist\u00e2ncia do centro do punho ao ponto de rota\u00e7\u00e3o: 572,2 mm<\/li>\n<li>Dist\u00e2ncia da caixa ao encaixe: 33 mm<\/li>\n<\/ul>","protected":false},"excerpt":{"rendered":"<p>Aperto controlado de parafusos na gama mais utilizada de 5 \u2013 850 N\u00b7m \/ 3,7 \u2013 550 lbf\u00b7ft Chave dinamom\u00e9trica<\/p>","protected":false},"featured_media":31104,"template":"","meta":[],"product_brand":[64],"product_cat":[99,101],"product_tag":[],"class_list":{"0":"post-29313","1":"product","2":"type-product","3":"status-publish","4":"has-post-thumbnail","6":"product_brand-gedore","7":"product_cat-chaves-dinamometricas","8":"product_cat-ferramentas-manuais","10":"first","11":"instock","12":"sale","13":"purchasable","14":"product-type-simple"},"_links":{"self":[{"href":"https:\/\/equipment-pt3.com\/en\/wp-json\/wp\/v2\/product\/29313","targetHints":{"allow":["GET"]}}],"collection":[{"href":"https:\/\/equipment-pt3.com\/en\/wp-json\/wp\/v2\/product"}],"about":[{"href":"https:\/\/equipment-pt3.com\/en\/wp-json\/wp\/v2\/types\/product"}],"version-history":[{"count":2,"href":"https:\/\/equipment-pt3.com\/en\/wp-json\/wp\/v2\/product\/29313\/revisions"}],"predecessor-version":[{"id":31105,"href":"https:\/\/equipment-pt3.com\/en\/wp-json\/wp\/v2\/product\/29313\/revisions\/31105"}],"wp:featuredmedia":[{"embeddable":true,"href":"https:\/\/equipment-pt3.com\/en\/wp-json\/wp\/v2\/media\/31104"}],"wp:attachment":[{"href":"https:\/\/equipment-pt3.com\/en\/wp-json\/wp\/v2\/media?parent=29313"}],"wp:term":[{"taxonomy":"product_brand","embeddable":true,"href":"https:\/\/equipment-pt3.com\/en\/wp-json\/wp\/v2\/product_brand?post=29313"},{"taxonomy":"product_cat","embeddable":true,"href":"https:\/\/equipment-pt3.com\/en\/wp-json\/wp\/v2\/product_cat?post=29313"},{"taxonomy":"product_tag","embeddable":true,"href":"https:\/\/equipment-pt3.com\/en\/wp-json\/wp\/v2\/product_tag?post=29313"}],"curies":[{"name":"wp","href":"https:\/\/api.w.org\/{rel}","templated":true}]}}