{"id":29314,"date":"2026-02-03T13:09:58","date_gmt":"2026-02-03T13:09:58","guid":{"rendered":"https:\/\/equipment-pt3.com\/produto\/4550-20-chave-dinamometrica\/"},"modified":"2026-02-13T11:12:02","modified_gmt":"2026-02-13T11:12:02","slug":"4550-20-chave-dinamometrica","status":"publish","type":"product","link":"https:\/\/equipment-pt3.com\/en\/product\/4550-20-chave-dinamometrica\/","title":{"rendered":"4550-20 Chave dinamometrica"},"content":{"rendered":"<ul data-start=\"13\" data-end=\"321\">\n<li data-start=\"13\" data-end=\"161\">\n<p data-start=\"15\" data-end=\"161\">Aperto controlado de parafusos na gama mais utilizada de 1 \u2013 850 N\u00b7m \/ 0,75 \u2013 630 lbf\u00b7ft (refer\u00eancia para parafusos M3-6.9 at\u00e9 M24-8.8, M30-5.6)<\/p>\n<\/li>\n<li data-start=\"162\" data-end=\"321\">\n<p data-start=\"164\" data-end=\"321\">Chave dinamom\u00e9trica tubular ajust\u00e1vel, de disparo autom\u00e1tico e robusta, com roquete integrado e encaixe quadrado, indicada para a ind\u00fastria e profissionais<\/p>\n<\/li>\n<\/ul>\n<p data-start=\"323\" data-end=\"341\">Caracter\u00edsticas:<\/p>\n<ul data-start=\"342\" data-end=\"1177\">\n<li data-start=\"342\" data-end=\"433\">\n<p data-start=\"344\" data-end=\"433\">Classificada conforme DIN EN ISO 6789:2003 Tipo II Classe A, com certificado de f\u00e1brica<\/p>\n<\/li>\n<li data-start=\"434\" data-end=\"494\">\n<p data-start=\"436\" data-end=\"494\">Precis\u00e3o de trabalho: +\/- 3% do valor definido na escala<\/p>\n<\/li>\n<li data-start=\"495\" data-end=\"535\">\n<p data-start=\"497\" data-end=\"535\">Supera o requisito da norma (+\/- 4%)<\/p>\n<\/li>\n<li data-start=\"536\" data-end=\"580\">\n<p data-start=\"538\" data-end=\"580\">Para aperto controlado nos dois sentidos<\/p>\n<\/li>\n<li data-start=\"581\" data-end=\"675\">\n<p data-start=\"583\" data-end=\"675\">Cabe\u00e7a intercambi\u00e1vel tipo \u201cmushroom\u201d 1\/4\u2033, 3\/8\u2033 e 1\/2\u2033 com sistema de bloqueio por esfera<\/p>\n<\/li>\n<li data-start=\"676\" data-end=\"746\">\n<p data-start=\"678\" data-end=\"746\">A partir de 3\/4\u2033 com encaixe quadrado passante e bloqueio por pino<\/p>\n<\/li>\n<li data-start=\"747\" data-end=\"871\">\n<p data-start=\"749\" data-end=\"871\">Constru\u00e7\u00e3o robusta em tubo de a\u00e7o envernizado, com cabe\u00e7a de roquete zincada e componentes em pl\u00e1stico de alta qualidade<\/p>\n<\/li>\n<li data-start=\"872\" data-end=\"936\">\n<p data-start=\"874\" data-end=\"936\">Punho ergon\u00f3mico em pl\u00e1stico preto com aux\u00edlio de calibra\u00e7\u00e3o<\/p>\n<\/li>\n<li data-start=\"937\" data-end=\"995\">\n<p data-start=\"939\" data-end=\"995\">Dupla escala N\u00b7m e lbf\u00b7ft sob visor com efeito de lupa<\/p>\n<\/li>\n<li data-start=\"996\" data-end=\"1084\">\n<p data-start=\"998\" data-end=\"1084\">Escala microm\u00e9trica para defini\u00e7\u00e3o de valores interm\u00e9dios na escala principal em N\u00b7m<\/p>\n<\/li>\n<li data-start=\"1085\" data-end=\"1133\">\n<p data-start=\"1087\" data-end=\"1133\">Sistema de disparo com sinal t\u00e1til e aud\u00edvel<\/p>\n<\/li>\n<li data-start=\"1134\" data-end=\"1177\">\n<p data-start=\"1136\" data-end=\"1177\">Sistema ergon\u00f3mico de ajuste do bin\u00e1rio<\/p>\n<\/li>\n<\/ul>\n<p data-start=\"1179\" data-end=\"1205\">Especifica\u00e7\u00f5es t\u00e9cnicas:<\/p>\n<ul data-start=\"1206\" data-end=\"1684\" data-is-last-node=\"\" data-is-only-node=\"\">\n<li data-start=\"1206\" data-end=\"1239\">\n<p data-start=\"1208\" data-end=\"1239\">Comprimento (L, L1): 485,5 mm<\/p>\n<\/li>\n<li data-start=\"1240\" data-end=\"1259\">\n<p data-start=\"1242\" data-end=\"1259\">Altura: 35,9 mm<\/p>\n<\/li>\n<li data-start=\"1260\" data-end=\"1289\">\n<p data-start=\"1262\" data-end=\"1289\">Di\u00e2metro da cabe\u00e7a: 44 mm<\/p>\n<\/li>\n<li data-start=\"1290\" data-end=\"1324\">\n<p data-start=\"1292\" data-end=\"1324\">Encaixe quadrado (macho): 1\/2\u2033<\/p>\n<\/li>\n<li data-start=\"1325\" data-end=\"1364\">\n<p data-start=\"1327\" data-end=\"1364\">Tamanho nominal do encaixe: 12,5 mm<\/p>\n<\/li>\n<li data-start=\"1365\" data-end=\"1395\">\n<p data-start=\"1367\" data-end=\"1395\">Divis\u00f5es da escala: 10 N\u00b7m<\/p>\n<\/li>\n<li data-start=\"1396\" data-end=\"1439\">\n<p data-start=\"1398\" data-end=\"1439\">Intervalo de medi\u00e7\u00e3o (Nm): 40 \u2013 200 N\u00b7m<\/p>\n<\/li>\n<li data-start=\"1440\" data-end=\"1490\">\n<p data-start=\"1442\" data-end=\"1490\">Intervalo de medi\u00e7\u00e3o (lbf\u00b7ft): 30 \u2013 150 lbf\u00b7ft<\/p>\n<\/li>\n<li data-start=\"1491\" data-end=\"1532\">\n<p data-start=\"1493\" data-end=\"1532\">Gradua\u00e7\u00e3o do anel microm\u00e9trico: 1 N\u00b7m<\/p>\n<\/li>\n<li data-start=\"1533\" data-end=\"1595\">\n<p data-start=\"1535\" data-end=\"1595\">Dist\u00e2ncia do centro do punho ao ponto de rota\u00e7\u00e3o: 394,2 mm<\/p>\n<\/li>\n<li data-start=\"1596\" data-end=\"1636\">\n<p data-start=\"1598\" data-end=\"1636\">Dist\u00e2ncia da caixa ao encaixe: 35 mm<\/p>\n<\/li>\n<\/ul>","protected":false},"excerpt":{"rendered":"<p>Aperto controlado de parafusos na gama mais utilizada de 1 \u2013 850 N\u00b7m \/ 0,75 \u2013 630 lbf\u00b7ft (refer\u00eancia para<\/p>","protected":false},"featured_media":31106,"template":"","meta":[],"product_brand":[64],"product_cat":[99,101],"product_tag":[],"class_list":{"0":"post-29314","1":"product","2":"type-product","3":"status-publish","4":"has-post-thumbnail","6":"product_brand-gedore","7":"product_cat-chaves-dinamometricas","8":"product_cat-ferramentas-manuais","10":"first","11":"instock","12":"sale","13":"purchasable","14":"product-type-simple"},"_links":{"self":[{"href":"https:\/\/equipment-pt3.com\/en\/wp-json\/wp\/v2\/product\/29314","targetHints":{"allow":["GET"]}}],"collection":[{"href":"https:\/\/equipment-pt3.com\/en\/wp-json\/wp\/v2\/product"}],"about":[{"href":"https:\/\/equipment-pt3.com\/en\/wp-json\/wp\/v2\/types\/product"}],"version-history":[{"count":3,"href":"https:\/\/equipment-pt3.com\/en\/wp-json\/wp\/v2\/product\/29314\/revisions"}],"predecessor-version":[{"id":31108,"href":"https:\/\/equipment-pt3.com\/en\/wp-json\/wp\/v2\/product\/29314\/revisions\/31108"}],"wp:featuredmedia":[{"embeddable":true,"href":"https:\/\/equipment-pt3.com\/en\/wp-json\/wp\/v2\/media\/31106"}],"wp:attachment":[{"href":"https:\/\/equipment-pt3.com\/en\/wp-json\/wp\/v2\/media?parent=29314"}],"wp:term":[{"taxonomy":"product_brand","embeddable":true,"href":"https:\/\/equipment-pt3.com\/en\/wp-json\/wp\/v2\/product_brand?post=29314"},{"taxonomy":"product_cat","embeddable":true,"href":"https:\/\/equipment-pt3.com\/en\/wp-json\/wp\/v2\/product_cat?post=29314"},{"taxonomy":"product_tag","embeddable":true,"href":"https:\/\/equipment-pt3.com\/en\/wp-json\/wp\/v2\/product_tag?post=29314"}],"curies":[{"name":"wp","href":"https:\/\/api.w.org\/{rel}","templated":true}]}}