{"id":29315,"date":"2026-02-03T13:09:58","date_gmt":"2026-02-03T13:09:58","guid":{"rendered":"https:\/\/equipment-pt3.com\/produto\/4550-30-chave-dinamometrica\/"},"modified":"2026-02-13T11:17:27","modified_gmt":"2026-02-13T11:17:27","slug":"4550-30-chave-dinamometrica","status":"publish","type":"product","link":"https:\/\/equipment-pt3.com\/en\/product\/4550-30-chave-dinamometrica\/","title":{"rendered":"4550-30 Chave dinamometrica"},"content":{"rendered":"<ul>\n<li>Aperto controlado de parafusos na gama mais utilizada de 1 \u2013 850 N\u00b7m \/ 0,75 \u2013 630 lbf\u00b7ft (refer\u00eancia para parafusos M3-6.9 at\u00e9 M24-8.8, M30-5.6)<\/li>\n<li>Chave dinamom\u00e9trica tubular ajust\u00e1vel, de disparo autom\u00e1tico e robusta, com roquete integrado e encaixe quadrado, indicada para a ind\u00fastria e profissionais<\/li>\n<\/ul>\n<p>Caracter\u00edsticas:<\/p>\n<ul>\n<li>Classificada conforme DIN EN ISO 6789:2003 Tipo II Classe A, com certificado de f\u00e1brica<\/li>\n<li>Precis\u00e3o de trabalho: +\/- 3% do valor definido na escala<\/li>\n<li>Supera o requisito da norma (+\/- 4%)<\/li>\n<li>Para aperto controlado nos dois sentidos<\/li>\n<li>Cabe\u00e7a intercambi\u00e1vel tipo \u201cmushroom\u201d 1\/4\u2033, 3\/8\u2033 e 1\/2\u2033 com bloqueio por esfera<\/li>\n<li>A partir de 3\/4\u2033 com encaixe quadrado passante e bloqueio por pino<\/li>\n<li>Constru\u00e7\u00e3o robusta em tubo de a\u00e7o envernizado, com cabe\u00e7a de roquete zincada e componentes em pl\u00e1stico de alta qualidade<\/li>\n<li>Punho ergon\u00f3mico em pl\u00e1stico preto com aux\u00edlio de calibra\u00e7\u00e3o<\/li>\n<li>Dupla escala N\u00b7m e lbf\u00b7ft sob visor com efeito de lupa<\/li>\n<li>Escala microm\u00e9trica para defini\u00e7\u00e3o de valores interm\u00e9dios na escala principal em N\u00b7m<\/li>\n<li>Sistema de disparo com sinal t\u00e1til e aud\u00edvel<\/li>\n<li>Sistema ergon\u00f3mico de ajuste do bin\u00e1rio<\/li>\n<\/ul>\n<p>Especifica\u00e7\u00f5es t\u00e9cnicas:<\/p>\n<ul>\n<li>Comprimento (L, L1): 577,5 mm<\/li>\n<li>Altura: 35,9 mm<\/li>\n<li>Di\u00e2metro da cabe\u00e7a: 46 mm<\/li>\n<li>Encaixe quadrado (macho): 1\/2\u2033<\/li>\n<li>Tamanho nominal do encaixe: 12,5 mm<\/li>\n<li>Divis\u00f5es da escala: 10 N\u00b7m<\/li>\n<li>Intervalo de medi\u00e7\u00e3o (Nm): 60 \u2013 300 N\u00b7m<\/li>\n<li>Intervalo de medi\u00e7\u00e3o (lbf\u00b7ft): 45 \u2013 220 lbf\u00b7ft<\/li>\n<li>Gradua\u00e7\u00e3o do anel microm\u00e9trico: 1 N\u00b7m<\/li>\n<li>Dist\u00e2ncia do centro do punho ao ponto de rota\u00e7\u00e3o: 485,2 mm<\/li>\n<li>Dist\u00e2ncia da caixa ao encaixe: 35 mm<\/li>\n<\/ul>","protected":false},"excerpt":{"rendered":"<p>Aperto controlado de parafusos na gama mais utilizada de 1 \u2013 850 N\u00b7m \/ 0,75 \u2013 630 lbf\u00b7ft (refer\u00eancia para<\/p>","protected":false},"featured_media":31114,"template":"","meta":[],"product_brand":[64],"product_cat":[99,101],"product_tag":[],"class_list":{"0":"post-29315","1":"product","2":"type-product","3":"status-publish","4":"has-post-thumbnail","6":"product_brand-gedore","7":"product_cat-chaves-dinamometricas","8":"product_cat-ferramentas-manuais","10":"first","11":"instock","12":"sale","13":"purchasable","14":"product-type-simple"},"_links":{"self":[{"href":"https:\/\/equipment-pt3.com\/en\/wp-json\/wp\/v2\/product\/29315","targetHints":{"allow":["GET"]}}],"collection":[{"href":"https:\/\/equipment-pt3.com\/en\/wp-json\/wp\/v2\/product"}],"about":[{"href":"https:\/\/equipment-pt3.com\/en\/wp-json\/wp\/v2\/types\/product"}],"version-history":[{"count":3,"href":"https:\/\/equipment-pt3.com\/en\/wp-json\/wp\/v2\/product\/29315\/revisions"}],"predecessor-version":[{"id":31118,"href":"https:\/\/equipment-pt3.com\/en\/wp-json\/wp\/v2\/product\/29315\/revisions\/31118"}],"wp:featuredmedia":[{"embeddable":true,"href":"https:\/\/equipment-pt3.com\/en\/wp-json\/wp\/v2\/media\/31114"}],"wp:attachment":[{"href":"https:\/\/equipment-pt3.com\/en\/wp-json\/wp\/v2\/media?parent=29315"}],"wp:term":[{"taxonomy":"product_brand","embeddable":true,"href":"https:\/\/equipment-pt3.com\/en\/wp-json\/wp\/v2\/product_brand?post=29315"},{"taxonomy":"product_cat","embeddable":true,"href":"https:\/\/equipment-pt3.com\/en\/wp-json\/wp\/v2\/product_cat?post=29315"},{"taxonomy":"product_tag","embeddable":true,"href":"https:\/\/equipment-pt3.com\/en\/wp-json\/wp\/v2\/product_tag?post=29315"}],"curies":[{"name":"wp","href":"https:\/\/api.w.org\/{rel}","templated":true}]}}