{"id":29316,"date":"2026-02-03T13:09:58","date_gmt":"2026-02-03T13:09:58","guid":{"rendered":"https:\/\/equipment-pt3.com\/produto\/4550-75-chave-dinamometrica-torcofix\/"},"modified":"2026-02-12T10:39:29","modified_gmt":"2026-02-12T10:39:29","slug":"4550-75-chave-dinamometrica-torcofix","status":"publish","type":"product","link":"https:\/\/equipment-pt3.com\/en\/product\/4550-75-chave-dinamometrica-torcofix\/","title":{"rendered":"4550-75 Chave dinamom\u00e9trica TORCOFIX"},"content":{"rendered":"<p>Aperto controlado de parafusos na gama mais utilizada de 1 \u2013 850 N\u00b7m \/ 0,75 \u2013 630 lbf\u00b7ft (guia para parafusos M3-6.9 a M24-8.8, M30-5.6). Chave dinamom\u00e9trica tubular ajust\u00e1vel, de disparo e robusta, com roquete integrado e encaixe quadrado, destinada \u00e0 ind\u00fastria e aos of\u00edcios.<\/p>\n<p><strong>Caracter\u00edsticas:<\/strong><br \/>\nClassificada segundo a norma DIN EN ISO 6789:2003 Tipo II Classe A, com certificado de f\u00e1brica.<br \/>\nPrecis\u00e3o de trabalho: \u00b13 % em rela\u00e7\u00e3o ao valor de bin\u00e1rio ajustado na escala. A especifica\u00e7\u00e3o da norma (\u00b14 %) \u00e9 superada.<br \/>\nPara aperto controlado bidirecional.<br \/>\nCabe\u00e7as tipo \u201ccogumelo\u201d intercambi\u00e1veis de 1\/4\u2033, 3\/8\u2033 e 1\/2\u2033 com sistema de bloqueio por esfera.<br \/>\nA partir de 3\/4\u2033, encaixe quadrado passante com mecanismo de bloqueio por pino.<br \/>\nConstru\u00e7\u00e3o tubular robusta em a\u00e7o envernizado, com cabe\u00e7a de roquete zincada e componentes pl\u00e1sticos de alta qualidade.<br \/>\nPunho ergon\u00f3mico em pl\u00e1stico preto, confort\u00e1vel, com aux\u00edlio de calibra\u00e7\u00e3o.<br \/>\nEscala dupla em N\u00b7m e lbf\u00b7ft sob visor com efeito de lupa.<br \/>\nEscala microm\u00e9trica na escala principal em N\u00b7m para ajuste de valores interm\u00e9dios.<br \/>\nSistema de disparo com sinal t\u00e1til e aud\u00edvel.<br \/>\nSistema ergon\u00f3mico para ajuste do bin\u00e1rio.<\/p>","protected":false},"excerpt":{"rendered":"<p>Aperto controlado de parafusos na gama mais utilizada de 1 \u2013 850 N\u00b7m \/ 0,75 \u2013 630 lbf\u00b7ft (guia para<\/p>","protected":false},"featured_media":29848,"template":"","meta":[],"product_brand":[64],"product_cat":[99,101],"product_tag":[],"class_list":{"0":"post-29316","1":"product","2":"type-product","3":"status-publish","4":"has-post-thumbnail","6":"product_brand-gedore","7":"product_cat-chaves-dinamometricas","8":"product_cat-ferramentas-manuais","10":"first","11":"instock","12":"sale","13":"purchasable","14":"product-type-simple"},"_links":{"self":[{"href":"https:\/\/equipment-pt3.com\/en\/wp-json\/wp\/v2\/product\/29316","targetHints":{"allow":["GET"]}}],"collection":[{"href":"https:\/\/equipment-pt3.com\/en\/wp-json\/wp\/v2\/product"}],"about":[{"href":"https:\/\/equipment-pt3.com\/en\/wp-json\/wp\/v2\/types\/product"}],"version-history":[{"count":3,"href":"https:\/\/equipment-pt3.com\/en\/wp-json\/wp\/v2\/product\/29316\/revisions"}],"predecessor-version":[{"id":29851,"href":"https:\/\/equipment-pt3.com\/en\/wp-json\/wp\/v2\/product\/29316\/revisions\/29851"}],"wp:featuredmedia":[{"embeddable":true,"href":"https:\/\/equipment-pt3.com\/en\/wp-json\/wp\/v2\/media\/29848"}],"wp:attachment":[{"href":"https:\/\/equipment-pt3.com\/en\/wp-json\/wp\/v2\/media?parent=29316"}],"wp:term":[{"taxonomy":"product_brand","embeddable":true,"href":"https:\/\/equipment-pt3.com\/en\/wp-json\/wp\/v2\/product_brand?post=29316"},{"taxonomy":"product_cat","embeddable":true,"href":"https:\/\/equipment-pt3.com\/en\/wp-json\/wp\/v2\/product_cat?post=29316"},{"taxonomy":"product_tag","embeddable":true,"href":"https:\/\/equipment-pt3.com\/en\/wp-json\/wp\/v2\/product_tag?post=29316"}],"curies":[{"name":"wp","href":"https:\/\/api.w.org\/{rel}","templated":true}]}}