{"id":29318,"date":"2026-02-03T13:09:59","date_gmt":"2026-02-03T13:09:59","guid":{"rendered":"https:\/\/equipment-pt3.com\/produto\/8133-180-jc-alicate-multi-180-mm\/"},"modified":"2026-02-13T09:49:53","modified_gmt":"2026-02-13T09:49:53","slug":"8133-180-jc-alicate-multi-180-mm","status":"publish","type":"product","link":"https:\/\/equipment-pt3.com\/en\/product\/8133-180-jc-alicate-multi-180-mm\/","title":{"rendered":"8133-180 JC Alicate multi 180 mm"},"content":{"rendered":"<ul>\n<li>Alicate multifun\u00e7\u00f5es para as \u00e1reas mec\u00e2nica e eletr\u00f3nica<\/li>\n<li>Segurar, cortar, descarnar isolamento, crimpar e prensar<\/li>\n<li>Mordentes planos-arredondados, superf\u00edcies de aperto retas e serrilhadas<\/li>\n<li>Gumes de corte de precis\u00e3o endurecidos por indu\u00e7\u00e3o, dureza 62\u201364 HRC<\/li>\n<li>Para arame de dureza m\u00e9dia at\u00e9 1,6 mm e arame macio at\u00e9 \u00d8 6,0 mm<\/li>\n<li>Crava\u00e7\u00e3o de 0,5 a 2,5 mm\u00b2<\/li>\n<li>Para descarnar cabos de 0,5 a 2,5 mm\u00b2<\/li>\n<li>A\u00e7o especial GEDORE temperado, forjado a quente, endurecido em \u00f3leo e revenido<\/li>\n<li>Gume de corte adicionalmente endurecido por indu\u00e7\u00e3o<\/li>\n<\/ul>\n<p><strong>Vers\u00f5es:<\/strong><\/p>\n<ul>\n<li>JC = cromado, com punhos de 2 componentes<\/li>\n<li>TL = acabamento cinzento a\u00e7o, com punhos antiderrapantes azuis por imers\u00e3o<\/li>\n<li>TC = cromado, com punhos azuis por imers\u00e3o<\/li>\n<\/ul>","protected":false},"excerpt":{"rendered":"<p>Alicate multifun\u00e7\u00f5es para as \u00e1reas mec\u00e2nica e eletr\u00f3nica Segurar, cortar, descarnar isolamento, crimpar e prensar Mordentes planos-arredondados, superf\u00edcies de aperto<\/p>","protected":false},"featured_media":31014,"template":"","meta":[],"product_brand":[64],"product_cat":[101],"product_tag":[],"class_list":{"0":"post-29318","1":"product","2":"type-product","3":"status-publish","4":"has-post-thumbnail","6":"product_brand-gedore","7":"product_cat-ferramentas-manuais","9":"first","10":"instock","11":"sale","12":"purchasable","13":"product-type-simple"},"_links":{"self":[{"href":"https:\/\/equipment-pt3.com\/en\/wp-json\/wp\/v2\/product\/29318","targetHints":{"allow":["GET"]}}],"collection":[{"href":"https:\/\/equipment-pt3.com\/en\/wp-json\/wp\/v2\/product"}],"about":[{"href":"https:\/\/equipment-pt3.com\/en\/wp-json\/wp\/v2\/types\/product"}],"version-history":[{"count":3,"href":"https:\/\/equipment-pt3.com\/en\/wp-json\/wp\/v2\/product\/29318\/revisions"}],"predecessor-version":[{"id":31017,"href":"https:\/\/equipment-pt3.com\/en\/wp-json\/wp\/v2\/product\/29318\/revisions\/31017"}],"wp:featuredmedia":[{"embeddable":true,"href":"https:\/\/equipment-pt3.com\/en\/wp-json\/wp\/v2\/media\/31014"}],"wp:attachment":[{"href":"https:\/\/equipment-pt3.com\/en\/wp-json\/wp\/v2\/media?parent=29318"}],"wp:term":[{"taxonomy":"product_brand","embeddable":true,"href":"https:\/\/equipment-pt3.com\/en\/wp-json\/wp\/v2\/product_brand?post=29318"},{"taxonomy":"product_cat","embeddable":true,"href":"https:\/\/equipment-pt3.com\/en\/wp-json\/wp\/v2\/product_cat?post=29318"},{"taxonomy":"product_tag","embeddable":true,"href":"https:\/\/equipment-pt3.com\/en\/wp-json\/wp\/v2\/product_tag?post=29318"}],"curies":[{"name":"wp","href":"https:\/\/api.w.org\/{rel}","templated":true}]}}