{"id":29319,"date":"2026-02-03T13:09:59","date_gmt":"2026-02-03T13:09:59","guid":{"rendered":"https:\/\/equipment-pt3.com\/produto\/8314-125-jc-alicate-lamina-lateral-140mm\/"},"modified":"2026-02-13T09:53:37","modified_gmt":"2026-02-13T09:53:37","slug":"8314-125-jc-alicate-lamina-lateral-140mm","status":"publish","type":"product","link":"https:\/\/equipment-pt3.com\/en\/product\/8314-125-jc-alicate-lamina-lateral-140mm\/","title":{"rendered":"8314-125 JC Alicate l\u00e2mina lateral 140mm"},"content":{"rendered":"<ul>\n<li>Conforme DIN ISO 5749<\/li>\n<li>Com cabe\u00e7a esguia, ideal para espa\u00e7os confinados<\/li>\n<li>Gumes de corte de precis\u00e3o endurecidos por indu\u00e7\u00e3o, dureza 63\u201365 HRC<\/li>\n<li>A\u00e7o especial GEDORE temperado, forjado a quente, endurecido em \u00f3leo e revenido<\/li>\n<\/ul>\n<p><strong>Vers\u00f5es:<\/strong><\/p>\n<ul>\n<li>JC = cromado, com revestimento de punhos de 2 componentes<\/li>\n<li>TL = acabamento cinzento a\u00e7o, com punhos antiderrapantes azuis por imers\u00e3o<\/li>\n<li>TC = cromado, com revestimento pl\u00e1stico azul por imers\u00e3o<\/li>\n<\/ul>","protected":false},"excerpt":{"rendered":"<p>Conforme DIN ISO 5749 Com cabe\u00e7a esguia, ideal para espa\u00e7os confinados Gumes de corte de precis\u00e3o endurecidos por indu\u00e7\u00e3o, dureza<\/p>","protected":false},"featured_media":31018,"template":"","meta":[],"product_brand":[64],"product_cat":[101],"product_tag":[],"class_list":{"0":"post-29319","1":"product","2":"type-product","3":"status-publish","4":"has-post-thumbnail","6":"product_brand-gedore","7":"product_cat-ferramentas-manuais","9":"first","10":"instock","11":"sale","12":"purchasable","13":"product-type-simple"},"_links":{"self":[{"href":"https:\/\/equipment-pt3.com\/en\/wp-json\/wp\/v2\/product\/29319","targetHints":{"allow":["GET"]}}],"collection":[{"href":"https:\/\/equipment-pt3.com\/en\/wp-json\/wp\/v2\/product"}],"about":[{"href":"https:\/\/equipment-pt3.com\/en\/wp-json\/wp\/v2\/types\/product"}],"version-history":[{"count":3,"href":"https:\/\/equipment-pt3.com\/en\/wp-json\/wp\/v2\/product\/29319\/revisions"}],"predecessor-version":[{"id":31022,"href":"https:\/\/equipment-pt3.com\/en\/wp-json\/wp\/v2\/product\/29319\/revisions\/31022"}],"wp:featuredmedia":[{"embeddable":true,"href":"https:\/\/equipment-pt3.com\/en\/wp-json\/wp\/v2\/media\/31018"}],"wp:attachment":[{"href":"https:\/\/equipment-pt3.com\/en\/wp-json\/wp\/v2\/media?parent=29319"}],"wp:term":[{"taxonomy":"product_brand","embeddable":true,"href":"https:\/\/equipment-pt3.com\/en\/wp-json\/wp\/v2\/product_brand?post=29319"},{"taxonomy":"product_cat","embeddable":true,"href":"https:\/\/equipment-pt3.com\/en\/wp-json\/wp\/v2\/product_cat?post=29319"},{"taxonomy":"product_tag","embeddable":true,"href":"https:\/\/equipment-pt3.com\/en\/wp-json\/wp\/v2\/product_tag?post=29319"}],"curies":[{"name":"wp","href":"https:\/\/api.w.org\/{rel}","templated":true}]}}