{"id":29321,"date":"2026-02-03T13:09:59","date_gmt":"2026-02-03T13:09:59","guid":{"rendered":"https:\/\/equipment-pt3.com\/produto\/8563-10-chave-dinamometrica-dremomete\/"},"modified":"2026-02-13T10:01:42","modified_gmt":"2026-02-13T10:01:42","slug":"8563-10-chave-dinamometrica-dremomete","status":"publish","type":"product","link":"https:\/\/equipment-pt3.com\/en\/product\/8563-10-chave-dinamometrica-dremomete\/","title":{"rendered":"8563-10 Chave dinamom\u00e9trica DREMOMETE"},"content":{"rendered":"<p><strong>Utiliza\u00e7\u00e3o:<\/strong><\/p>\n<ul>\n<li>Aperto controlado de parafusos na gama de 155 \u2013 760 Nm \/ 115 \u2013 560 lbf\u00b7ft<\/li>\n<li>Adequada para utiliza\u00e7\u00e3o em praticamente todas as \u00e1reas da ind\u00fastria<\/li>\n<\/ul>\n<p><strong>Caracter\u00edsticas:<\/strong><\/p>\n<ul>\n<li>Classificada conforme DIN EN ISO 6789-2:2017 Tipo II Classe A, incluindo certificado de ensaio rastre\u00e1vel, calibrada com desvio m\u00e1ximo admiss\u00edvel de +\/- 3%, sendo mais precisa do que os +\/- 4% exigidos pela norma<\/li>\n<li>Encaixe quadrado 3\/4&#8243; com mecanismo de bloqueio por pino conforme DIN 3120 &#8211; B 20, ISO 1174<\/li>\n<li>Acionamento autom\u00e1tico de curso curto com impulso t\u00e1til e sinal aud\u00edvel<\/li>\n<li>Dupla escala com divis\u00e3o de 10 Nm e 10 lbf\u00b7ft<\/li>\n<\/ul>\n<p><strong>Vantagens t\u00e9cnicas \/ Fun\u00e7\u00e3o:<\/strong><\/p>\n<ul>\n<li>Leve mas robusta (corpo em liga de alum\u00ednio), resistente e adequada para utiliza\u00e7\u00e3o em oficina<\/li>\n<li>Sem imprecis\u00f5es quer seja utilizada com ambas as m\u00e3os ou segurada fora do punho (ao contr\u00e1rio das chaves dinamom\u00e9tricas convencionais). Tanto o encaixe quadrado como o ponto de apoio est\u00e3o alinhados no mesmo eixo, garantindo elevada seguran\u00e7a para o utilizador; pode ser prolongada para reduzir o esfor\u00e7o de trabalho.<\/li>\n<li>Desgaste extremamente reduzido devido \u00e0 diminui\u00e7\u00e3o das for\u00e7as no mecanismo de alavanca<\/li>\n<li>Corrente de alavanca forjada na nossa pr\u00f3pria forja de qualidade<\/li>\n<li>M\u00e1xima precis\u00e3o mesmo sob utiliza\u00e7\u00e3o cont\u00ednua extrema<\/li>\n<li>Longos ciclos de vida \u00fatil da ferramenta<\/li>\n<li>Opera\u00e7\u00e3o simples \u2013 aperto de bin\u00e1rio r\u00e1pido e seguro<\/li>\n<li>Ajuste f\u00e1cil gra\u00e7as ao bot\u00e3o de regula\u00e7\u00e3o ergon\u00f3mico e protegido contra perda na extremidade do punho<\/li>\n<li>Encaixe quadrado simples e duplo para aperto controlado em ambos os sentidos<\/li>\n<\/ul>","protected":false},"excerpt":{"rendered":"<p>Utiliza\u00e7\u00e3o: Aperto controlado de parafusos na gama de 155 \u2013 760 Nm \/ 115 \u2013 560 lbf\u00b7ft Adequada para utiliza\u00e7\u00e3o<\/p>","protected":false},"featured_media":31028,"template":"","meta":[],"product_brand":[64],"product_cat":[99,101],"product_tag":[],"class_list":{"0":"post-29321","1":"product","2":"type-product","3":"status-publish","4":"has-post-thumbnail","6":"product_brand-gedore","7":"product_cat-chaves-dinamometricas","8":"product_cat-ferramentas-manuais","10":"first","11":"instock","12":"sale","13":"purchasable","14":"product-type-simple"},"_links":{"self":[{"href":"https:\/\/equipment-pt3.com\/en\/wp-json\/wp\/v2\/product\/29321","targetHints":{"allow":["GET"]}}],"collection":[{"href":"https:\/\/equipment-pt3.com\/en\/wp-json\/wp\/v2\/product"}],"about":[{"href":"https:\/\/equipment-pt3.com\/en\/wp-json\/wp\/v2\/types\/product"}],"version-history":[{"count":3,"href":"https:\/\/equipment-pt3.com\/en\/wp-json\/wp\/v2\/product\/29321\/revisions"}],"predecessor-version":[{"id":31031,"href":"https:\/\/equipment-pt3.com\/en\/wp-json\/wp\/v2\/product\/29321\/revisions\/31031"}],"wp:featuredmedia":[{"embeddable":true,"href":"https:\/\/equipment-pt3.com\/en\/wp-json\/wp\/v2\/media\/31028"}],"wp:attachment":[{"href":"https:\/\/equipment-pt3.com\/en\/wp-json\/wp\/v2\/media?parent=29321"}],"wp:term":[{"taxonomy":"product_brand","embeddable":true,"href":"https:\/\/equipment-pt3.com\/en\/wp-json\/wp\/v2\/product_brand?post=29321"},{"taxonomy":"product_cat","embeddable":true,"href":"https:\/\/equipment-pt3.com\/en\/wp-json\/wp\/v2\/product_cat?post=29321"},{"taxonomy":"product_tag","embeddable":true,"href":"https:\/\/equipment-pt3.com\/en\/wp-json\/wp\/v2\/product_tag?post=29321"}],"curies":[{"name":"wp","href":"https:\/\/api.w.org\/{rel}","templated":true}]}}