{"id":29323,"date":"2026-02-03T13:09:59","date_gmt":"2026-02-03T13:09:59","guid":{"rendered":"https:\/\/equipment-pt3.com\/produto\/90020-lanterna-led-uv-recarregavel-usb\/"},"modified":"2026-02-13T12:00:24","modified_gmt":"2026-02-13T12:00:24","slug":"90020-lanterna-led-uv-recarregavel-usb","status":"publish","type":"product","link":"https:\/\/equipment-pt3.com\/en\/product\/90020-lanterna-led-uv-recarregavel-usb\/","title":{"rendered":"90020 Lanterna Led\/UV recarreg\u00e1vel USB"},"content":{"rendered":"<ul>\n<li>L\u00e2mpada LED\/UV vers\u00e1til e port\u00e1til, de design fino, com fun\u00e7\u00f5es adicionais<\/li>\n<li>Especialmente indicada para os setores autom\u00f3vel e industrial, bem como para diversas utiliza\u00e7\u00f5es em lazer<\/li>\n<li>Intensidade regul\u00e1vel continuamente e comut\u00e1vel entre luz LED e luz UV azul-violeta (para dete\u00e7\u00e3o de fugas em sistemas de ar condicionado e bombas de calor)<\/li>\n<li>Ganchos rebat\u00edveis em ambos os lados, \u00edman forte na base ajust\u00e1vel a 45\u00b0 e mini-\u00edman potente na ponta para recuperar pequenas pe\u00e7as em espa\u00e7os reduzidos<\/li>\n<li>Carregamento atrav\u00e9s do adaptador de corrente inclu\u00eddo ou por interface USB<\/li>\n<li>Pot\u00eancia luminosa: 620 l\u00famenes<\/li>\n<\/ul>","protected":false},"excerpt":{"rendered":"<p>L\u00e2mpada LED\/UV vers\u00e1til e port\u00e1til, de design fino, com fun\u00e7\u00f5es adicionais Especialmente indicada para os setores autom\u00f3vel e industrial, bem<\/p>","protected":false},"featured_media":31038,"template":"","meta":[],"product_brand":[64],"product_cat":[34],"product_tag":[],"class_list":{"0":"post-29323","1":"product","2":"type-product","3":"status-publish","4":"has-post-thumbnail","6":"product_brand-gedore","7":"product_cat-ferramentas-eletricas","9":"first","10":"instock","11":"sale","12":"purchasable","13":"product-type-simple"},"_links":{"self":[{"href":"https:\/\/equipment-pt3.com\/en\/wp-json\/wp\/v2\/product\/29323","targetHints":{"allow":["GET"]}}],"collection":[{"href":"https:\/\/equipment-pt3.com\/en\/wp-json\/wp\/v2\/product"}],"about":[{"href":"https:\/\/equipment-pt3.com\/en\/wp-json\/wp\/v2\/types\/product"}],"version-history":[{"count":2,"href":"https:\/\/equipment-pt3.com\/en\/wp-json\/wp\/v2\/product\/29323\/revisions"}],"predecessor-version":[{"id":31053,"href":"https:\/\/equipment-pt3.com\/en\/wp-json\/wp\/v2\/product\/29323\/revisions\/31053"}],"wp:featuredmedia":[{"embeddable":true,"href":"https:\/\/equipment-pt3.com\/en\/wp-json\/wp\/v2\/media\/31038"}],"wp:attachment":[{"href":"https:\/\/equipment-pt3.com\/en\/wp-json\/wp\/v2\/media?parent=29323"}],"wp:term":[{"taxonomy":"product_brand","embeddable":true,"href":"https:\/\/equipment-pt3.com\/en\/wp-json\/wp\/v2\/product_brand?post=29323"},{"taxonomy":"product_cat","embeddable":true,"href":"https:\/\/equipment-pt3.com\/en\/wp-json\/wp\/v2\/product_cat?post=29323"},{"taxonomy":"product_tag","embeddable":true,"href":"https:\/\/equipment-pt3.com\/en\/wp-json\/wp\/v2\/product_tag?post=29323"}],"curies":[{"name":"wp","href":"https:\/\/api.w.org\/{rel}","templated":true}]}}