{"id":29324,"date":"2026-02-03T13:09:59","date_gmt":"2026-02-03T13:09:59","guid":{"rendered":"https:\/\/equipment-pt3.com\/produto\/905esteira-com-rodas\/"},"modified":"2026-02-13T10:24:38","modified_gmt":"2026-02-13T10:24:38","slug":"905esteira-com-rodas","status":"publish","type":"product","link":"https:\/\/equipment-pt3.com\/en\/product\/905esteira-com-rodas\/","title":{"rendered":"905Esteira com rodas"},"content":{"rendered":"<ul>\n<li>A marquesa\/cama de oficina est\u00e1vel \u00e9 um excelente auxiliar sempre que seja necess\u00e1rio trabalhar deitado<\/li>\n<li>Com pr\u00e1tica pega de transporte<\/li>\n<li>Fabricada em PP (polipropileno) amigo da pele \u2013 resistente a \u00f3leos, massas lubrificantes e fluido de trav\u00f5es<\/li>\n<li>Gra\u00e7as \u00e0s 6 rodas com rolamentos de esferas e rota\u00e7\u00e3o 360\u00b0 e \u00e0 baixa altura, pode ser facilmente deslocada para \u00e1reas de trabalho estreitas e de dif\u00edcil acesso<\/li>\n<li>Trabalho sem fadiga, com almofada para cabe\u00e7a\/pesco\u00e7o para m\u00e1ximo conforto<\/li>\n<li>Design em formato de cuba que proporciona apoio adicional e m\u00e1xima liberdade de movimentos<\/li>\n<li>2 compartimentos (direito\/esquerdo) ao alcance da m\u00e3o para acesso direto a ferramentas e pequenas pe\u00e7as<\/li>\n<li>Resist\u00eancia a temperaturas de -30 \u00b0C a +60 \u00b0C<\/li>\n<li>Posi\u00e7\u00e3o confort\u00e1vel devido \u00e0 superf\u00edcie ergonomicamente moldada e estruturada do corpo em pl\u00e1stico resistente<\/li>\n<li>Rodas de alta qualidade e elevada durabilidade<\/li>\n<li>O processo de moldagem por sopro garante resist\u00eancia ao impacto e longa vida \u00fatil<\/li>\n<li>A superf\u00edcie ergonomicamente moldada ajuda a prevenir dores nas costas e tens\u00e3o muscular; as bandejas laterais mant\u00eam as ferramentas sempre \u00e0 m\u00e3o<\/li>\n<li>Capacidade de carga: 130 kg<\/li>\n<\/ul>","protected":false},"excerpt":{"rendered":"<p>A marquesa\/cama de oficina est\u00e1vel \u00e9 um excelente auxiliar sempre que seja necess\u00e1rio trabalhar deitado Com pr\u00e1tica pega de transporte<\/p>","protected":false},"featured_media":31066,"template":"","meta":[],"product_brand":[64],"product_cat":[101],"product_tag":[],"class_list":{"0":"post-29324","1":"product","2":"type-product","3":"status-publish","4":"has-post-thumbnail","6":"product_brand-gedore","7":"product_cat-ferramentas-manuais","9":"first","10":"instock","11":"sale","12":"purchasable","13":"product-type-simple"},"_links":{"self":[{"href":"https:\/\/equipment-pt3.com\/en\/wp-json\/wp\/v2\/product\/29324","targetHints":{"allow":["GET"]}}],"collection":[{"href":"https:\/\/equipment-pt3.com\/en\/wp-json\/wp\/v2\/product"}],"about":[{"href":"https:\/\/equipment-pt3.com\/en\/wp-json\/wp\/v2\/types\/product"}],"version-history":[{"count":3,"href":"https:\/\/equipment-pt3.com\/en\/wp-json\/wp\/v2\/product\/29324\/revisions"}],"predecessor-version":[{"id":31067,"href":"https:\/\/equipment-pt3.com\/en\/wp-json\/wp\/v2\/product\/29324\/revisions\/31067"}],"wp:featuredmedia":[{"embeddable":true,"href":"https:\/\/equipment-pt3.com\/en\/wp-json\/wp\/v2\/media\/31066"}],"wp:attachment":[{"href":"https:\/\/equipment-pt3.com\/en\/wp-json\/wp\/v2\/media?parent=29324"}],"wp:term":[{"taxonomy":"product_brand","embeddable":true,"href":"https:\/\/equipment-pt3.com\/en\/wp-json\/wp\/v2\/product_brand?post=29324"},{"taxonomy":"product_cat","embeddable":true,"href":"https:\/\/equipment-pt3.com\/en\/wp-json\/wp\/v2\/product_cat?post=29324"},{"taxonomy":"product_tag","embeddable":true,"href":"https:\/\/equipment-pt3.com\/en\/wp-json\/wp\/v2\/product_tag?post=29324"}],"curies":[{"name":"wp","href":"https:\/\/api.w.org\/{rel}","templated":true}]}}