{"id":29326,"date":"2026-02-03T13:09:59","date_gmt":"2026-02-03T13:09:59","guid":{"rendered":"https:\/\/equipment-pt3.com\/produto\/h42-kel-88c-sup-8un-2-10mm-magic-prom-14\/"},"modified":"2026-02-13T10:15:17","modified_gmt":"2026-02-13T10:15:17","slug":"h42-kel-88c-sup-8un-2-10mm-magic-prom-14","status":"publish","type":"product","link":"https:\/\/equipment-pt3.com\/en\/product\/h42-kel-88c-sup-8un-2-10mm-magic-prom-14\/","title":{"rendered":"H42 KEL-88c\/sup.8un 2-10mm-MAGIC PROM.14"},"content":{"rendered":"<ul data-start=\"0\" data-end=\"390\">\n<li data-start=\"0\" data-end=\"75\">\n<p data-start=\"2\" data-end=\"75\">Para parafusos com sextavado interior, extra longas, com ponta esf\u00e9rica<\/p>\n<\/li>\n<li data-start=\"76\" data-end=\"88\">\n<p data-start=\"78\" data-end=\"88\">M\u00e9tricas<\/p>\n<\/li>\n<li data-start=\"89\" data-end=\"163\">\n<p data-start=\"91\" data-end=\"163\">Extremidades chanfradas que facilitam a inser\u00e7\u00e3o na cabe\u00e7a do parafuso<\/p>\n<\/li>\n<li data-start=\"164\" data-end=\"201\">\n<p data-start=\"166\" data-end=\"201\">A\u00e7o cromo-van\u00e1dio 59CrV4, cromado<\/p>\n<\/li>\n<li data-start=\"202\" data-end=\"258\">\n<p data-start=\"204\" data-end=\"258\">Tratamento t\u00e9rmico profissional para longa vida \u00fatil<\/p>\n<\/li>\n<li data-start=\"259\" data-end=\"343\">\n<p data-start=\"261\" data-end=\"343\">Fluxo cont\u00ednuo das fibras do a\u00e7o \u2013 m\u00e1xima resist\u00eancia, tenacidade e elasticidade<\/p>\n<\/li>\n<li data-start=\"344\" data-end=\"390\">\n<p data-start=\"346\" data-end=\"390\">Fornecidas em suporte pl\u00e1stico azul (LDPE)<\/p>\n<\/li>\n<\/ul>\n<p data-start=\"392\" data-end=\"421\">","protected":false},"excerpt":{"rendered":"<p>Para parafusos com sextavado interior, extra longas, com ponta esf\u00e9rica M\u00e9tricas Extremidades chanfradas que facilitam a inser\u00e7\u00e3o na cabe\u00e7a do<\/p>","protected":false},"featured_media":31057,"template":"","meta":[],"product_brand":[64],"product_cat":[101],"product_tag":[],"class_list":{"0":"post-29326","1":"product","2":"type-product","3":"status-publish","4":"has-post-thumbnail","6":"product_brand-gedore","7":"product_cat-ferramentas-manuais","9":"first","10":"instock","11":"sale","12":"purchasable","13":"product-type-simple"},"_links":{"self":[{"href":"https:\/\/equipment-pt3.com\/en\/wp-json\/wp\/v2\/product\/29326","targetHints":{"allow":["GET"]}}],"collection":[{"href":"https:\/\/equipment-pt3.com\/en\/wp-json\/wp\/v2\/product"}],"about":[{"href":"https:\/\/equipment-pt3.com\/en\/wp-json\/wp\/v2\/types\/product"}],"version-history":[{"count":2,"href":"https:\/\/equipment-pt3.com\/en\/wp-json\/wp\/v2\/product\/29326\/revisions"}],"predecessor-version":[{"id":31060,"href":"https:\/\/equipment-pt3.com\/en\/wp-json\/wp\/v2\/product\/29326\/revisions\/31060"}],"wp:featuredmedia":[{"embeddable":true,"href":"https:\/\/equipment-pt3.com\/en\/wp-json\/wp\/v2\/media\/31057"}],"wp:attachment":[{"href":"https:\/\/equipment-pt3.com\/en\/wp-json\/wp\/v2\/media?parent=29326"}],"wp:term":[{"taxonomy":"product_brand","embeddable":true,"href":"https:\/\/equipment-pt3.com\/en\/wp-json\/wp\/v2\/product_brand?post=29326"},{"taxonomy":"product_cat","embeddable":true,"href":"https:\/\/equipment-pt3.com\/en\/wp-json\/wp\/v2\/product_cat?post=29326"},{"taxonomy":"product_tag","embeddable":true,"href":"https:\/\/equipment-pt3.com\/en\/wp-json\/wp\/v2\/product_tag?post=29326"}],"curies":[{"name":"wp","href":"https:\/\/api.w.org\/{rel}","templated":true}]}}