{"id":29327,"date":"2026-02-03T13:09:59","date_gmt":"2026-02-03T13:09:59","guid":{"rendered":"https:\/\/equipment-pt3.com\/produto\/juego-de-curvatubos-manual-hidraulico-6-22-mm-en\/"},"modified":"2026-02-13T10:21:27","modified_gmt":"2026-02-13T10:21:27","slug":"jogo-de-curvatubos-manual-hidraulico-6-22-mm-en","status":"publish","type":"product","link":"https:\/\/equipment-pt3.com\/en\/product\/jogo-de-curvatubos-manual-hidraulico-6-22-mm-en\/","title":{"rendered":"Jogo de curvatubos manual, hidr\u00e1ulico 6-22 mm en"},"content":{"rendered":"<ul>\n<li>Dimens\u00f5es de 6 a 22 mm \u00d8 para curvatura at\u00e9 90\u00b0<\/li>\n<li>Tubos de cobre macio EN 1057 at\u00e9 22 mm (tamb\u00e9m com isolamento t\u00e9rmico)<\/li>\n<li>Tubos multicamada at\u00e9 20 mm<\/li>\n<li>Tubos de a\u00e7o de precis\u00e3o EN 10305-3 (DIN 2394) at\u00e9 18 x 2 mm<\/li>\n<li>Tubos de a\u00e7o inoxid\u00e1vel recozido at\u00e9 18 x 1,2 mm<\/li>\n<li>Inclui 10 moldes de curvatura para tubos com \u00d8 6, 8, 10, 12, 14, 15, 16, 18, 20 e 22 mm e respetivos contra-suportes<\/li>\n<li>Acionamento hidr\u00e1ulico sem necessidade de grande esfor\u00e7o<\/li>\n<li>Fornecido em GEDORE L-BOXX\u00ae 136 N.\u00ba 1100 L<\/li>\n<\/ul>","protected":false},"excerpt":{"rendered":"<p>Dimens\u00f5es de 6 a 22 mm \u00d8 para curvatura at\u00e9 90\u00b0 Tubos de cobre macio EN 1057 at\u00e9 22 mm<\/p>","protected":false},"featured_media":31061,"template":"","meta":[],"product_brand":[64],"product_cat":[101,102],"product_tag":[],"class_list":{"0":"post-29327","1":"product","2":"type-product","3":"status-publish","4":"has-post-thumbnail","6":"product_brand-gedore","7":"product_cat-ferramentas-manuais","8":"product_cat-jogos","10":"first","11":"instock","12":"sale","13":"purchasable","14":"product-type-simple"},"_links":{"self":[{"href":"https:\/\/equipment-pt3.com\/en\/wp-json\/wp\/v2\/product\/29327","targetHints":{"allow":["GET"]}}],"collection":[{"href":"https:\/\/equipment-pt3.com\/en\/wp-json\/wp\/v2\/product"}],"about":[{"href":"https:\/\/equipment-pt3.com\/en\/wp-json\/wp\/v2\/types\/product"}],"version-history":[{"count":4,"href":"https:\/\/equipment-pt3.com\/en\/wp-json\/wp\/v2\/product\/29327\/revisions"}],"predecessor-version":[{"id":31064,"href":"https:\/\/equipment-pt3.com\/en\/wp-json\/wp\/v2\/product\/29327\/revisions\/31064"}],"wp:featuredmedia":[{"embeddable":true,"href":"https:\/\/equipment-pt3.com\/en\/wp-json\/wp\/v2\/media\/31061"}],"wp:attachment":[{"href":"https:\/\/equipment-pt3.com\/en\/wp-json\/wp\/v2\/media?parent=29327"}],"wp:term":[{"taxonomy":"product_brand","embeddable":true,"href":"https:\/\/equipment-pt3.com\/en\/wp-json\/wp\/v2\/product_brand?post=29327"},{"taxonomy":"product_cat","embeddable":true,"href":"https:\/\/equipment-pt3.com\/en\/wp-json\/wp\/v2\/product_cat?post=29327"},{"taxonomy":"product_tag","embeddable":true,"href":"https:\/\/equipment-pt3.com\/en\/wp-json\/wp\/v2\/product_tag?post=29327"}],"curies":[{"name":"wp","href":"https:\/\/api.w.org\/{rel}","templated":true}]}}