{"id":29328,"date":"2026-02-03T13:10:01","date_gmt":"2026-02-03T13:10:01","guid":{"rendered":"https:\/\/equipment-pt3.com\/produto\/magic-1100-02-sortimo-l-boxx-136\/"},"modified":"2026-02-13T09:45:45","modified_gmt":"2026-02-13T09:45:45","slug":"magic-1100-02-sortimo-l-boxx-136","status":"publish","type":"product","link":"https:\/\/equipment-pt3.com\/en\/product\/magic-1100-02-sortimo-l-boxx-136\/","title":{"rendered":"MAGIC 1100-02 Sortimo L-Boxx 136"},"content":{"rendered":"<ul>\n<li>\n<p class=\"p1\">Especialmente adequado para profissionais da \u00e1rea da eletricidade<\/p>\n<\/li>\n<li>\n<p class=\"p1\">Conjunto pr\u00e1tico para utiliza\u00e7\u00e3o no local de trabalho<\/p>\n<\/li>\n<li>\n<p class=\"p1\">Com inserto Check-Tool para verifica\u00e7\u00e3o r\u00e1pida da integridade\/completude das ferramentas<\/p>\n<\/li>\n<\/ul>","protected":false},"excerpt":{"rendered":"<p>Especialmente adequado para profissionais da \u00e1rea da eletricidade Conjunto pr\u00e1tico para utiliza\u00e7\u00e3o no local de trabalho Com inserto Check-Tool para<\/p>","protected":false},"featured_media":30931,"template":"","meta":[],"product_brand":[64],"product_cat":[101],"product_tag":[],"class_list":{"0":"post-29328","1":"product","2":"type-product","3":"status-publish","4":"has-post-thumbnail","6":"product_brand-gedore","7":"product_cat-ferramentas-manuais","9":"first","10":"instock","11":"sale","12":"purchasable","13":"product-type-simple"},"_links":{"self":[{"href":"https:\/\/equipment-pt3.com\/en\/wp-json\/wp\/v2\/product\/29328","targetHints":{"allow":["GET"]}}],"collection":[{"href":"https:\/\/equipment-pt3.com\/en\/wp-json\/wp\/v2\/product"}],"about":[{"href":"https:\/\/equipment-pt3.com\/en\/wp-json\/wp\/v2\/types\/product"}],"version-history":[{"count":2,"href":"https:\/\/equipment-pt3.com\/en\/wp-json\/wp\/v2\/product\/29328\/revisions"}],"predecessor-version":[{"id":30933,"href":"https:\/\/equipment-pt3.com\/en\/wp-json\/wp\/v2\/product\/29328\/revisions\/30933"}],"wp:featuredmedia":[{"embeddable":true,"href":"https:\/\/equipment-pt3.com\/en\/wp-json\/wp\/v2\/media\/30931"}],"wp:attachment":[{"href":"https:\/\/equipment-pt3.com\/en\/wp-json\/wp\/v2\/media?parent=29328"}],"wp:term":[{"taxonomy":"product_brand","embeddable":true,"href":"https:\/\/equipment-pt3.com\/en\/wp-json\/wp\/v2\/product_brand?post=29328"},{"taxonomy":"product_cat","embeddable":true,"href":"https:\/\/equipment-pt3.com\/en\/wp-json\/wp\/v2\/product_cat?post=29328"},{"taxonomy":"product_tag","embeddable":true,"href":"https:\/\/equipment-pt3.com\/en\/wp-json\/wp\/v2\/product_tag?post=29328"}],"curies":[{"name":"wp","href":"https:\/\/api.w.org\/{rel}","templated":true}]}}