{"id":29329,"date":"2026-02-03T13:10:01","date_gmt":"2026-02-03T13:10:01","guid":{"rendered":"https:\/\/equipment-pt3.com\/produto\/magic-1100-03-gedore-sortimo-canaliza\/"},"modified":"2026-02-13T09:45:34","modified_gmt":"2026-02-13T09:45:34","slug":"magic-1100-03-gedore-sortimo-canaliza","status":"publish","type":"product","link":"https:\/\/equipment-pt3.com\/en\/product\/magic-1100-03-gedore-sortimo-canaliza\/","title":{"rendered":"MAGIC 1100-03 Gedore Sortimo Canaliza"},"content":{"rendered":"<ul>\n<li>\n<p class=\"p1\">Especialmente adequado para profissionais da \u00e1rea de instala\u00e7\u00f5es sanit\u00e1rias, aquecimento e ar condicionado<\/p>\n<\/li>\n<li>\n<p class=\"p1\">Conjunto pr\u00e1tico para utiliza\u00e7\u00e3o no local de trabalho<\/p>\n<\/li>\n<li>\n<p class=\"p1\">Com inserto Check-Tool para verifica\u00e7\u00e3o r\u00e1pida da integridade das ferramentas<\/p>\n<\/li>\n<li>\n<p class=\"p1\">Com 2 insertos Check-Tool empilhados<\/p>\n<\/li>\n<\/ul>","protected":false},"excerpt":{"rendered":"<p>Especialmente adequado para profissionais da \u00e1rea de instala\u00e7\u00f5es sanit\u00e1rias, aquecimento e ar condicionado Conjunto pr\u00e1tico para utiliza\u00e7\u00e3o no local de<\/p>","protected":false},"featured_media":30934,"template":"","meta":[],"product_brand":[64],"product_cat":[101],"product_tag":[],"class_list":{"0":"post-29329","1":"product","2":"type-product","3":"status-publish","4":"has-post-thumbnail","6":"product_brand-gedore","7":"product_cat-ferramentas-manuais","9":"first","10":"instock","11":"sale","12":"purchasable","13":"product-type-simple"},"_links":{"self":[{"href":"https:\/\/equipment-pt3.com\/en\/wp-json\/wp\/v2\/product\/29329","targetHints":{"allow":["GET"]}}],"collection":[{"href":"https:\/\/equipment-pt3.com\/en\/wp-json\/wp\/v2\/product"}],"about":[{"href":"https:\/\/equipment-pt3.com\/en\/wp-json\/wp\/v2\/types\/product"}],"version-history":[{"count":2,"href":"https:\/\/equipment-pt3.com\/en\/wp-json\/wp\/v2\/product\/29329\/revisions"}],"predecessor-version":[{"id":30946,"href":"https:\/\/equipment-pt3.com\/en\/wp-json\/wp\/v2\/product\/29329\/revisions\/30946"}],"wp:featuredmedia":[{"embeddable":true,"href":"https:\/\/equipment-pt3.com\/en\/wp-json\/wp\/v2\/media\/30934"}],"wp:attachment":[{"href":"https:\/\/equipment-pt3.com\/en\/wp-json\/wp\/v2\/media?parent=29329"}],"wp:term":[{"taxonomy":"product_brand","embeddable":true,"href":"https:\/\/equipment-pt3.com\/en\/wp-json\/wp\/v2\/product_brand?post=29329"},{"taxonomy":"product_cat","embeddable":true,"href":"https:\/\/equipment-pt3.com\/en\/wp-json\/wp\/v2\/product_cat?post=29329"},{"taxonomy":"product_tag","embeddable":true,"href":"https:\/\/equipment-pt3.com\/en\/wp-json\/wp\/v2\/product_tag?post=29329"}],"curies":[{"name":"wp","href":"https:\/\/api.w.org\/{rel}","templated":true}]}}