{"id":29330,"date":"2026-02-03T13:10:01","date_gmt":"2026-02-03T13:10:01","guid":{"rendered":"https:\/\/equipment-pt3.com\/produto\/s-8000-ae-jogo-de-alicates-freios-exteriores-4-pcs\/"},"modified":"2026-02-12T11:31:46","modified_gmt":"2026-02-12T11:31:46","slug":"s-8000-ae-jogo-de-alicates-freios-exteriores-4-pcs","status":"publish","type":"product","link":"https:\/\/equipment-pt3.com\/en\/product\/s-8000-ae-jogo-de-alicates-freios-exteriores-4-pcs\/","title":{"rendered":"S 8000 AE Jogo de Alicates Freios exteriores 4 Pcs"},"content":{"rendered":"<ul>\n<li>\n<p class=\"p1\">Para an\u00e9is el\u00e1sticos conforme DIN 471 e DIN 983<\/p>\n<\/li>\n<li>\n<p class=\"p1\">Para an\u00e9is el\u00e1sticos com di\u00e2metro de 10\u201360 mm (3\/8\u201d\u20132.3\/8\u201d)<\/p>\n<\/li>\n<li>\n<p class=\"p1\">Mola de abertura posicionada no interior<\/p>\n<\/li>\n<li>\n<p class=\"p1\">Com pontas intercambi\u00e1veis inseridas<\/p>\n<\/li>\n<\/ul>","protected":false},"excerpt":{"rendered":"<p>Para an\u00e9is el\u00e1sticos conforme DIN 471 e DIN 983 Para an\u00e9is el\u00e1sticos com di\u00e2metro de 10\u201360 mm (3\/8\u201d\u20132.3\/8\u201d) Mola de<\/p>","protected":false},"featured_media":30949,"template":"","meta":[],"product_brand":[64],"product_cat":[102],"product_tag":[],"class_list":{"0":"post-29330","1":"product","2":"type-product","3":"status-publish","4":"has-post-thumbnail","6":"product_brand-gedore","7":"product_cat-jogos","9":"first","10":"instock","11":"sale","12":"purchasable","13":"product-type-simple"},"_links":{"self":[{"href":"https:\/\/equipment-pt3.com\/en\/wp-json\/wp\/v2\/product\/29330","targetHints":{"allow":["GET"]}}],"collection":[{"href":"https:\/\/equipment-pt3.com\/en\/wp-json\/wp\/v2\/product"}],"about":[{"href":"https:\/\/equipment-pt3.com\/en\/wp-json\/wp\/v2\/types\/product"}],"version-history":[{"count":3,"href":"https:\/\/equipment-pt3.com\/en\/wp-json\/wp\/v2\/product\/29330\/revisions"}],"predecessor-version":[{"id":30950,"href":"https:\/\/equipment-pt3.com\/en\/wp-json\/wp\/v2\/product\/29330\/revisions\/30950"}],"wp:featuredmedia":[{"embeddable":true,"href":"https:\/\/equipment-pt3.com\/en\/wp-json\/wp\/v2\/media\/30949"}],"wp:attachment":[{"href":"https:\/\/equipment-pt3.com\/en\/wp-json\/wp\/v2\/media?parent=29330"}],"wp:term":[{"taxonomy":"product_brand","embeddable":true,"href":"https:\/\/equipment-pt3.com\/en\/wp-json\/wp\/v2\/product_brand?post=29330"},{"taxonomy":"product_cat","embeddable":true,"href":"https:\/\/equipment-pt3.com\/en\/wp-json\/wp\/v2\/product_cat?post=29330"},{"taxonomy":"product_tag","embeddable":true,"href":"https:\/\/equipment-pt3.com\/en\/wp-json\/wp\/v2\/product_tag?post=29330"}],"curies":[{"name":"wp","href":"https:\/\/api.w.org\/{rel}","templated":true}]}}