{"id":29332,"date":"2026-02-03T13:10:01","date_gmt":"2026-02-03T13:10:01","guid":{"rendered":"https:\/\/equipment-pt3.com\/produto\/s-8008-c-de-alicates-de-freios-magic-prom-14\/"},"modified":"2026-02-13T09:36:49","modified_gmt":"2026-02-13T09:36:49","slug":"s-8008-c-de-alicates-de-freios-magic-prom-14","status":"publish","type":"product","link":"https:\/\/equipment-pt3.com\/en\/product\/s-8008-c-de-alicates-de-freios-magic-prom-14\/","title":{"rendered":"S 8008 C. de alicates de freios-MAGIC PROM.14"},"content":{"rendered":"<ul>\n<li>Conjunto pr\u00e1tico fornecido em caixa de cart\u00e3o ecol\u00f3gica<\/li>\n<li>Especialmente adequado para \u00e1reas de dif\u00edcil acesso<\/li>\n<li>Para an\u00e9is el\u00e1sticos interiores e exteriores<\/li>\n<li>Com pontas retas e pontas anguladas a 90\u00b0<\/li>\n<\/ul>","protected":false},"excerpt":{"rendered":"<p>Conjunto pr\u00e1tico fornecido em caixa de cart\u00e3o ecol\u00f3gica Especialmente adequado para \u00e1reas de dif\u00edcil acesso Para an\u00e9is el\u00e1sticos interiores e<\/p>","protected":false},"featured_media":31003,"template":"","meta":[],"product_brand":[64],"product_cat":[101],"product_tag":[],"class_list":{"0":"post-29332","1":"product","2":"type-product","3":"status-publish","4":"has-post-thumbnail","6":"product_brand-gedore","7":"product_cat-ferramentas-manuais","9":"first","10":"instock","11":"sale","12":"purchasable","13":"product-type-simple"},"_links":{"self":[{"href":"https:\/\/equipment-pt3.com\/en\/wp-json\/wp\/v2\/product\/29332","targetHints":{"allow":["GET"]}}],"collection":[{"href":"https:\/\/equipment-pt3.com\/en\/wp-json\/wp\/v2\/product"}],"about":[{"href":"https:\/\/equipment-pt3.com\/en\/wp-json\/wp\/v2\/types\/product"}],"version-history":[{"count":2,"href":"https:\/\/equipment-pt3.com\/en\/wp-json\/wp\/v2\/product\/29332\/revisions"}],"predecessor-version":[{"id":31004,"href":"https:\/\/equipment-pt3.com\/en\/wp-json\/wp\/v2\/product\/29332\/revisions\/31004"}],"wp:featuredmedia":[{"embeddable":true,"href":"https:\/\/equipment-pt3.com\/en\/wp-json\/wp\/v2\/media\/31003"}],"wp:attachment":[{"href":"https:\/\/equipment-pt3.com\/en\/wp-json\/wp\/v2\/media?parent=29332"}],"wp:term":[{"taxonomy":"product_brand","embeddable":true,"href":"https:\/\/equipment-pt3.com\/en\/wp-json\/wp\/v2\/product_brand?post=29332"},{"taxonomy":"product_cat","embeddable":true,"href":"https:\/\/equipment-pt3.com\/en\/wp-json\/wp\/v2\/product_cat?post=29332"},{"taxonomy":"product_tag","embeddable":true,"href":"https:\/\/equipment-pt3.com\/en\/wp-json\/wp\/v2\/product_tag?post=29332"}],"curies":[{"name":"wp","href":"https:\/\/api.w.org\/{rel}","templated":true}]}}