{"id":29333,"date":"2026-02-03T13:10:01","date_gmt":"2026-02-03T13:10:01","guid":{"rendered":"https:\/\/equipment-pt3.com\/produto\/s-8200-jc-conj-de-alicates-magic-prom-14\/"},"modified":"2026-02-13T09:41:28","modified_gmt":"2026-02-13T09:41:28","slug":"s-8200-jc-conj-de-alicates-magic-prom-14","status":"publish","type":"product","link":"https:\/\/equipment-pt3.com\/en\/product\/s-8200-jc-conj-de-alicates-magic-prom-14\/","title":{"rendered":"S 8200 JC Conj. de alicates-MAGIC PROM.14"},"content":{"rendered":"<p>Conjunto pr\u00e1tico fornecido em caixa de cart\u00e3o ecol\u00f3gica<\/p>\n<p>JC = cromado, com revestimento de punhos de 2 componentes<\/p>","protected":false},"excerpt":{"rendered":"<p>Conjunto pr\u00e1tico fornecido em caixa de cart\u00e3o ecol\u00f3gica JC = cromado, com revestimento de punhos de 2 componentes<\/p>","protected":false},"featured_media":31007,"template":"","meta":[],"product_brand":[64],"product_cat":[101],"product_tag":[],"class_list":{"0":"post-29333","1":"product","2":"type-product","3":"status-publish","4":"has-post-thumbnail","6":"product_brand-gedore","7":"product_cat-ferramentas-manuais","9":"first","10":"instock","11":"sale","12":"purchasable","13":"product-type-simple"},"_links":{"self":[{"href":"https:\/\/equipment-pt3.com\/en\/wp-json\/wp\/v2\/product\/29333","targetHints":{"allow":["GET"]}}],"collection":[{"href":"https:\/\/equipment-pt3.com\/en\/wp-json\/wp\/v2\/product"}],"about":[{"href":"https:\/\/equipment-pt3.com\/en\/wp-json\/wp\/v2\/types\/product"}],"version-history":[{"count":3,"href":"https:\/\/equipment-pt3.com\/en\/wp-json\/wp\/v2\/product\/29333\/revisions"}],"predecessor-version":[{"id":31006,"href":"https:\/\/equipment-pt3.com\/en\/wp-json\/wp\/v2\/product\/29333\/revisions\/31006"}],"wp:featuredmedia":[{"embeddable":true,"href":"https:\/\/equipment-pt3.com\/en\/wp-json\/wp\/v2\/media\/31007"}],"wp:attachment":[{"href":"https:\/\/equipment-pt3.com\/en\/wp-json\/wp\/v2\/media?parent=29333"}],"wp:term":[{"taxonomy":"product_brand","embeddable":true,"href":"https:\/\/equipment-pt3.com\/en\/wp-json\/wp\/v2\/product_brand?post=29333"},{"taxonomy":"product_cat","embeddable":true,"href":"https:\/\/equipment-pt3.com\/en\/wp-json\/wp\/v2\/product_cat?post=29333"},{"taxonomy":"product_tag","embeddable":true,"href":"https:\/\/equipment-pt3.com\/en\/wp-json\/wp\/v2\/product_tag?post=29333"}],"curies":[{"name":"wp","href":"https:\/\/api.w.org\/{rel}","templated":true}]}}