{"id":29334,"date":"2026-02-03T13:10:01","date_gmt":"2026-02-03T13:10:01","guid":{"rendered":"https:\/\/equipment-pt3.com\/produto\/s-8303-jc-conjunto-de-alicates-3-uni\/"},"modified":"2026-02-13T09:44:22","modified_gmt":"2026-02-13T09:44:22","slug":"s-8303-jc-conjunto-de-alicates-3-uni","status":"publish","type":"product","link":"https:\/\/equipment-pt3.com\/en\/product\/s-8303-jc-conjunto-de-alicates-3-uni\/","title":{"rendered":"S 8303 JC Conjunto de alicates, 3 uni"},"content":{"rendered":"<ul>\n<li>Conjunto pr\u00e1tico fornecido em caixa de cart\u00e3o ecol\u00f3gica<\/li>\n<li>JC = cromado, com revestimento de punhos de 2 componentes<\/li>\n<\/ul>","protected":false},"excerpt":{"rendered":"<p>Conjunto pr\u00e1tico fornecido em caixa de cart\u00e3o ecol\u00f3gica JC = cromado, com revestimento de punhos de 2 componentes<\/p>","protected":false},"featured_media":31008,"template":"","meta":[],"product_brand":[64],"product_cat":[101],"product_tag":[],"class_list":{"0":"post-29334","1":"product","2":"type-product","3":"status-publish","4":"has-post-thumbnail","6":"product_brand-gedore","7":"product_cat-ferramentas-manuais","9":"first","10":"instock","11":"sale","12":"purchasable","13":"product-type-simple"},"_links":{"self":[{"href":"https:\/\/equipment-pt3.com\/en\/wp-json\/wp\/v2\/product\/29334","targetHints":{"allow":["GET"]}}],"collection":[{"href":"https:\/\/equipment-pt3.com\/en\/wp-json\/wp\/v2\/product"}],"about":[{"href":"https:\/\/equipment-pt3.com\/en\/wp-json\/wp\/v2\/types\/product"}],"version-history":[{"count":3,"href":"https:\/\/equipment-pt3.com\/en\/wp-json\/wp\/v2\/product\/29334\/revisions"}],"predecessor-version":[{"id":31010,"href":"https:\/\/equipment-pt3.com\/en\/wp-json\/wp\/v2\/product\/29334\/revisions\/31010"}],"wp:featuredmedia":[{"embeddable":true,"href":"https:\/\/equipment-pt3.com\/en\/wp-json\/wp\/v2\/media\/31008"}],"wp:attachment":[{"href":"https:\/\/equipment-pt3.com\/en\/wp-json\/wp\/v2\/media?parent=29334"}],"wp:term":[{"taxonomy":"product_brand","embeddable":true,"href":"https:\/\/equipment-pt3.com\/en\/wp-json\/wp\/v2\/product_brand?post=29334"},{"taxonomy":"product_cat","embeddable":true,"href":"https:\/\/equipment-pt3.com\/en\/wp-json\/wp\/v2\/product_cat?post=29334"},{"taxonomy":"product_tag","embeddable":true,"href":"https:\/\/equipment-pt3.com\/en\/wp-json\/wp\/v2\/product_tag?post=29334"}],"curies":[{"name":"wp","href":"https:\/\/api.w.org\/{rel}","templated":true}]}}