{"id":29336,"date":"2026-02-03T13:10:02","date_gmt":"2026-02-03T13:10:02","guid":{"rendered":"https:\/\/equipment-pt3.com\/produto\/vde2170-2160-ph-077-7uni-magic-prom-14\/"},"modified":"2026-02-12T10:38:50","modified_gmt":"2026-02-12T10:38:50","slug":"vde2170-2160-ph-077-7uni-magic-prom-14","status":"publish","type":"product","link":"https:\/\/equipment-pt3.com\/en\/product\/vde2170-2160-ph-077-7uni-magic-prom-14\/","title":{"rendered":"VDE2170-2160 PH-077 7uni MAGIC PROM.14"},"content":{"rendered":"<div>\n<ul>\n<li>Conjunto pr\u00e1tico fornecido em caixa de cart\u00e3o ecol\u00f3gica<\/li>\n<li>Para parafusos de fenda e Phillips<\/li>\n<li>Isolamento VDE at\u00e9 1000 V, conforme EN 60900 \/ IEC 60900, l\u00e2mina totalmente isolada<\/li>\n<li>Punho Power-Grip\u00b3 de 3 componentes com orif\u00edcio para suspens\u00e3o<\/li>\n<li>Formato ergon\u00f3mico do punho para trabalho preciso e sem fadiga<\/li>\n<li>Uni\u00e3o de encaixe perfeito entre punho e l\u00e2mina para transmiss\u00e3o ideal de for\u00e7a<\/li>\n<li>Tipo de acionamento identificado na extremidade do punho<\/li>\n<li>L\u00e2mina em a\u00e7o molibd\u00e9nio-van\u00e1dio galvanizado<\/li>\n<\/ul>\n<\/div>","protected":false},"excerpt":{"rendered":"<p>Conjunto pr\u00e1tico fornecido em caixa de cart\u00e3o ecol\u00f3gica Para parafusos de fenda e Phillips Isolamento VDE at\u00e9 1000 V, conforme<\/p>","protected":false},"featured_media":30899,"template":"","meta":[],"product_brand":[64],"product_cat":[101],"product_tag":[],"class_list":{"0":"post-29336","1":"product","2":"type-product","3":"status-publish","4":"has-post-thumbnail","6":"product_brand-gedore","7":"product_cat-ferramentas-manuais","9":"first","10":"instock","11":"sale","12":"purchasable","13":"product-type-simple"},"_links":{"self":[{"href":"https:\/\/equipment-pt3.com\/en\/wp-json\/wp\/v2\/product\/29336","targetHints":{"allow":["GET"]}}],"collection":[{"href":"https:\/\/equipment-pt3.com\/en\/wp-json\/wp\/v2\/product"}],"about":[{"href":"https:\/\/equipment-pt3.com\/en\/wp-json\/wp\/v2\/types\/product"}],"version-history":[{"count":2,"href":"https:\/\/equipment-pt3.com\/en\/wp-json\/wp\/v2\/product\/29336\/revisions"}],"predecessor-version":[{"id":30898,"href":"https:\/\/equipment-pt3.com\/en\/wp-json\/wp\/v2\/product\/29336\/revisions\/30898"}],"wp:featuredmedia":[{"embeddable":true,"href":"https:\/\/equipment-pt3.com\/en\/wp-json\/wp\/v2\/media\/30899"}],"wp:attachment":[{"href":"https:\/\/equipment-pt3.com\/en\/wp-json\/wp\/v2\/media?parent=29336"}],"wp:term":[{"taxonomy":"product_brand","embeddable":true,"href":"https:\/\/equipment-pt3.com\/en\/wp-json\/wp\/v2\/product_brand?post=29336"},{"taxonomy":"product_cat","embeddable":true,"href":"https:\/\/equipment-pt3.com\/en\/wp-json\/wp\/v2\/product_cat?post=29336"},{"taxonomy":"product_tag","embeddable":true,"href":"https:\/\/equipment-pt3.com\/en\/wp-json\/wp\/v2\/product_tag?post=29336"}],"curies":[{"name":"wp","href":"https:\/\/api.w.org\/{rel}","templated":true}]}}