{"id":29337,"date":"2026-02-03T13:10:02","date_gmt":"2026-02-03T13:10:02","guid":{"rendered":"https:\/\/equipment-pt3.com\/produto\/wt-1056-11-mochila-para-ferramenta\/"},"modified":"2026-02-12T10:44:05","modified_gmt":"2026-02-12T10:44:05","slug":"wt-1056-11-mochila-para-ferramenta","status":"publish","type":"product","link":"https:\/\/equipment-pt3.com\/en\/product\/wt-1056-11-mochila-para-ferramenta\/","title":{"rendered":"WT 1056 11 Mochila Para Ferramenta"},"content":{"rendered":"<div>\n<ul>\n<li>Com volume de arruma\u00e7\u00e3o extremamente amplo<\/li>\n<li>Disposi\u00e7\u00e3o pr\u00e1tica e ergon\u00f3mica dos bolsos interiores e exteriores<\/li>\n<li>Ideal para transporte e armazenamento de ferramentas, acess\u00f3rios e documentos<\/li>\n<li>Fechos de correr resistentes<\/li>\n<li>Parte traseira refor\u00e7ada, al\u00e7as acolchoadas e pega superior adicional<\/li>\n<li>Tecido em poli\u00e9ster resistente a rasg\u00f5es<\/li>\n<li>Resistente a salpicos<\/li>\n<li>Resistente a varia\u00e7\u00f5es de temperatura<\/li>\n<\/ul>\n<\/div>","protected":false},"excerpt":{"rendered":"<p>Com volume de arruma\u00e7\u00e3o extremamente amplo Disposi\u00e7\u00e3o pr\u00e1tica e ergon\u00f3mica dos bolsos interiores e exteriores Ideal para transporte e armazenamento<\/p>","protected":false},"featured_media":30902,"template":"","meta":[],"product_brand":[64],"product_cat":[34],"product_tag":[],"class_list":{"0":"post-29337","1":"product","2":"type-product","3":"status-publish","4":"has-post-thumbnail","6":"product_brand-gedore","7":"product_cat-ferramentas-eletricas","9":"first","10":"instock","11":"sale","12":"purchasable","13":"product-type-simple"},"_links":{"self":[{"href":"https:\/\/equipment-pt3.com\/en\/wp-json\/wp\/v2\/product\/29337","targetHints":{"allow":["GET"]}}],"collection":[{"href":"https:\/\/equipment-pt3.com\/en\/wp-json\/wp\/v2\/product"}],"about":[{"href":"https:\/\/equipment-pt3.com\/en\/wp-json\/wp\/v2\/types\/product"}],"version-history":[{"count":3,"href":"https:\/\/equipment-pt3.com\/en\/wp-json\/wp\/v2\/product\/29337\/revisions"}],"predecessor-version":[{"id":30906,"href":"https:\/\/equipment-pt3.com\/en\/wp-json\/wp\/v2\/product\/29337\/revisions\/30906"}],"wp:featuredmedia":[{"embeddable":true,"href":"https:\/\/equipment-pt3.com\/en\/wp-json\/wp\/v2\/media\/30902"}],"wp:attachment":[{"href":"https:\/\/equipment-pt3.com\/en\/wp-json\/wp\/v2\/media?parent=29337"}],"wp:term":[{"taxonomy":"product_brand","embeddable":true,"href":"https:\/\/equipment-pt3.com\/en\/wp-json\/wp\/v2\/product_brand?post=29337"},{"taxonomy":"product_cat","embeddable":true,"href":"https:\/\/equipment-pt3.com\/en\/wp-json\/wp\/v2\/product_cat?post=29337"},{"taxonomy":"product_tag","embeddable":true,"href":"https:\/\/equipment-pt3.com\/en\/wp-json\/wp\/v2\/product_tag?post=29337"}],"curies":[{"name":"wp","href":"https:\/\/api.w.org\/{rel}","templated":true}]}}