{"id":29338,"date":"2026-02-03T13:10:02","date_gmt":"2026-02-03T13:10:02","guid":{"rendered":"https:\/\/equipment-pt3.com\/produto\/wt-1056-12-mochila\/"},"modified":"2026-02-12T10:46:21","modified_gmt":"2026-02-12T10:46:21","slug":"wt-1056-12-mochila","status":"publish","type":"product","link":"https:\/\/equipment-pt3.com\/en\/product\/wt-1056-12-mochila\/","title":{"rendered":"WT 1056 12 Mochila"},"content":{"rendered":"<div>\n<ul>\n<li>Mochila macia, extremamente leve e resistente<\/li>\n<li>Fabricada em tecido de poli\u00e9ster resistente a rasg\u00f5es<\/li>\n<li>Resistente e imperme\u00e1vel<\/li>\n<li>Disposi\u00e7\u00e3o pr\u00e1tica e ergon\u00f3mica dos bolsos interiores e exteriores<\/li>\n<li>Ideal para transporte e armazenamento de ferramentas, acess\u00f3rios e documentos<\/li>\n<li>Fechos de correr resistentes<\/li>\n<li>Al\u00e7as ajust\u00e1veis acolchoadas e pega superior pr\u00e1tica adicional<\/li>\n<\/ul>\n<\/div>","protected":false},"excerpt":{"rendered":"<p>Mochila macia, extremamente leve e resistente Fabricada em tecido de poli\u00e9ster resistente a rasg\u00f5es Resistente e imperme\u00e1vel Disposi\u00e7\u00e3o pr\u00e1tica e<\/p>","protected":false},"featured_media":30908,"template":"","meta":[],"product_brand":[64],"product_cat":[34],"product_tag":[],"class_list":{"0":"post-29338","1":"product","2":"type-product","3":"status-publish","4":"has-post-thumbnail","6":"product_brand-gedore","7":"product_cat-ferramentas-eletricas","9":"first","10":"instock","11":"sale","12":"purchasable","13":"product-type-simple"},"_links":{"self":[{"href":"https:\/\/equipment-pt3.com\/en\/wp-json\/wp\/v2\/product\/29338","targetHints":{"allow":["GET"]}}],"collection":[{"href":"https:\/\/equipment-pt3.com\/en\/wp-json\/wp\/v2\/product"}],"about":[{"href":"https:\/\/equipment-pt3.com\/en\/wp-json\/wp\/v2\/types\/product"}],"version-history":[{"count":3,"href":"https:\/\/equipment-pt3.com\/en\/wp-json\/wp\/v2\/product\/29338\/revisions"}],"predecessor-version":[{"id":30911,"href":"https:\/\/equipment-pt3.com\/en\/wp-json\/wp\/v2\/product\/29338\/revisions\/30911"}],"wp:featuredmedia":[{"embeddable":true,"href":"https:\/\/equipment-pt3.com\/en\/wp-json\/wp\/v2\/media\/30908"}],"wp:attachment":[{"href":"https:\/\/equipment-pt3.com\/en\/wp-json\/wp\/v2\/media?parent=29338"}],"wp:term":[{"taxonomy":"product_brand","embeddable":true,"href":"https:\/\/equipment-pt3.com\/en\/wp-json\/wp\/v2\/product_brand?post=29338"},{"taxonomy":"product_cat","embeddable":true,"href":"https:\/\/equipment-pt3.com\/en\/wp-json\/wp\/v2\/product_cat?post=29338"},{"taxonomy":"product_tag","embeddable":true,"href":"https:\/\/equipment-pt3.com\/en\/wp-json\/wp\/v2\/product_tag?post=29338"}],"curies":[{"name":"wp","href":"https:\/\/api.w.org\/{rel}","templated":true}]}}