{"id":29339,"date":"2026-02-03T13:10:02","date_gmt":"2026-02-03T13:10:02","guid":{"rendered":"https:\/\/equipment-pt3.com\/produto\/0391-08-chave-crescente-regulavel\/"},"modified":"2026-02-12T10:49:09","modified_gmt":"2026-02-12T10:49:09","slug":"0391-08-chave-crescente-regulavel","status":"publish","type":"product","link":"https:\/\/equipment-pt3.com\/en\/product\/0391-08-chave-crescente-regulavel\/","title":{"rendered":"0391.08 Chave crescente regul\u00e1vel"},"content":{"rendered":"<ul>\n<li>\u00c2ngulo da boca inclinado a 15\u00b0<\/li>\n<li>A\u00e7o cromo-van\u00e1dio<\/li>\n<li>Cromado<\/li>\n<li>Punho isolado por imers\u00e3o<\/li>\n<\/ul>","protected":false},"excerpt":{"rendered":"<p>\u00c2ngulo da boca inclinado a 15\u00b0 A\u00e7o cromo-van\u00e1dio Cromado Punho isolado por imers\u00e3o<\/p>","protected":false},"featured_media":30912,"template":"","meta":[],"product_brand":[64],"product_cat":[34],"product_tag":[],"class_list":{"0":"post-29339","1":"product","2":"type-product","3":"status-publish","4":"has-post-thumbnail","6":"product_brand-gedore","7":"product_cat-ferramentas-eletricas","9":"first","10":"instock","11":"sale","12":"purchasable","13":"product-type-simple"},"_links":{"self":[{"href":"https:\/\/equipment-pt3.com\/en\/wp-json\/wp\/v2\/product\/29339","targetHints":{"allow":["GET"]}}],"collection":[{"href":"https:\/\/equipment-pt3.com\/en\/wp-json\/wp\/v2\/product"}],"about":[{"href":"https:\/\/equipment-pt3.com\/en\/wp-json\/wp\/v2\/types\/product"}],"version-history":[{"count":2,"href":"https:\/\/equipment-pt3.com\/en\/wp-json\/wp\/v2\/product\/29339\/revisions"}],"predecessor-version":[{"id":30913,"href":"https:\/\/equipment-pt3.com\/en\/wp-json\/wp\/v2\/product\/29339\/revisions\/30913"}],"wp:featuredmedia":[{"embeddable":true,"href":"https:\/\/equipment-pt3.com\/en\/wp-json\/wp\/v2\/media\/30912"}],"wp:attachment":[{"href":"https:\/\/equipment-pt3.com\/en\/wp-json\/wp\/v2\/media?parent=29339"}],"wp:term":[{"taxonomy":"product_brand","embeddable":true,"href":"https:\/\/equipment-pt3.com\/en\/wp-json\/wp\/v2\/product_brand?post=29339"},{"taxonomy":"product_cat","embeddable":true,"href":"https:\/\/equipment-pt3.com\/en\/wp-json\/wp\/v2\/product_cat?post=29339"},{"taxonomy":"product_tag","embeddable":true,"href":"https:\/\/equipment-pt3.com\/en\/wp-json\/wp\/v2\/product_tag?post=29339"}],"curies":[{"name":"wp","href":"https:\/\/api.w.org\/{rel}","templated":true}]}}