{"id":29341,"date":"2026-02-03T13:10:02","date_gmt":"2026-02-03T13:10:02","guid":{"rendered":"https:\/\/equipment-pt3.com\/produto\/0450-00-chave-de-filtros-215-mm\/"},"modified":"2026-02-12T10:53:56","modified_gmt":"2026-02-12T10:53:56","slug":"0450-00-chave-de-filtros-215-mm","status":"publish","type":"product","link":"https:\/\/equipment-pt3.com\/en\/product\/0450-00-chave-de-filtros-215-mm\/","title":{"rendered":"0450.00 Chave de filtros 215 mm"},"content":{"rendered":"<ul>\n<li>Com fita t\u00eaxtil resistente e antiderrapante<\/li>\n<li>A\u00e7o cromo-van\u00e1dio 31CrV3, cromado<\/li>\n<li>Carolus by GEDORE<\/li>\n<li>Robusto<\/li>\n<\/ul>\n<p>Inclui:<\/p>\n<p>1 pe\u00e7a \u2013 0450.00 Chave de cinta 215 mm<\/p>","protected":false},"excerpt":{"rendered":"<p>Com fita t\u00eaxtil resistente e antiderrapante A\u00e7o cromo-van\u00e1dio 31CrV3, cromado Carolus by GEDORE Robusto Inclui: 1 pe\u00e7a \u2013 0450.00 Chave<\/p>","protected":false},"featured_media":30920,"template":"","meta":[],"product_brand":[64],"product_cat":[34],"product_tag":[],"class_list":{"0":"post-29341","1":"product","2":"type-product","3":"status-publish","4":"has-post-thumbnail","6":"product_brand-gedore","7":"product_cat-ferramentas-eletricas","9":"first","10":"instock","11":"sale","12":"purchasable","13":"product-type-simple"},"_links":{"self":[{"href":"https:\/\/equipment-pt3.com\/en\/wp-json\/wp\/v2\/product\/29341","targetHints":{"allow":["GET"]}}],"collection":[{"href":"https:\/\/equipment-pt3.com\/en\/wp-json\/wp\/v2\/product"}],"about":[{"href":"https:\/\/equipment-pt3.com\/en\/wp-json\/wp\/v2\/types\/product"}],"version-history":[{"count":4,"href":"https:\/\/equipment-pt3.com\/en\/wp-json\/wp\/v2\/product\/29341\/revisions"}],"predecessor-version":[{"id":30923,"href":"https:\/\/equipment-pt3.com\/en\/wp-json\/wp\/v2\/product\/29341\/revisions\/30923"}],"wp:featuredmedia":[{"embeddable":true,"href":"https:\/\/equipment-pt3.com\/en\/wp-json\/wp\/v2\/media\/30920"}],"wp:attachment":[{"href":"https:\/\/equipment-pt3.com\/en\/wp-json\/wp\/v2\/media?parent=29341"}],"wp:term":[{"taxonomy":"product_brand","embeddable":true,"href":"https:\/\/equipment-pt3.com\/en\/wp-json\/wp\/v2\/product_brand?post=29341"},{"taxonomy":"product_cat","embeddable":true,"href":"https:\/\/equipment-pt3.com\/en\/wp-json\/wp\/v2\/product_cat?post=29341"},{"taxonomy":"product_tag","embeddable":true,"href":"https:\/\/equipment-pt3.com\/en\/wp-json\/wp\/v2\/product_tag?post=29341"}],"curies":[{"name":"wp","href":"https:\/\/api.w.org\/{rel}","templated":true}]}}