{"id":29342,"date":"2026-02-03T13:10:02","date_gmt":"2026-02-03T13:10:02","guid":{"rendered":"https:\/\/equipment-pt3.com\/produto\/0453-0001-chave-para-filtros-de-oleo-3-8\/"},"modified":"2026-02-13T12:01:14","modified_gmt":"2026-02-13T12:01:14","slug":"0453-0001-chave-para-filtros-de-oleo-3-8","status":"publish","type":"product","link":"https:\/\/equipment-pt3.com\/en\/product\/0453-0001-chave-para-filtros-de-oleo-3-8\/","title":{"rendered":"0453.0001 Chave para filtros de oleo 3\/8"},"content":{"rendered":"<ul>\n<li>\n<p class=\"p1\">Para qualquer oficina autom\u00f3vel e garagem<\/p>\n<\/li>\n<li>\n<p class=\"p1\">Grampo de filtro de \u00f3leo em a\u00e7o resistente<\/p>\n<\/li>\n<\/ul>","protected":false},"excerpt":{"rendered":"<p>Para qualquer oficina autom\u00f3vel e garagem Grampo de filtro de \u00f3leo em a\u00e7o resistente<\/p>","protected":false},"featured_media":30924,"template":"","meta":[],"product_brand":[64],"product_cat":[34],"product_tag":[],"class_list":{"0":"post-29342","1":"product","2":"type-product","3":"status-publish","4":"has-post-thumbnail","6":"product_brand-gedore","7":"product_cat-ferramentas-eletricas","9":"first","10":"instock","11":"sale","12":"purchasable","13":"product-type-simple"},"_links":{"self":[{"href":"https:\/\/equipment-pt3.com\/en\/wp-json\/wp\/v2\/product\/29342","targetHints":{"allow":["GET"]}}],"collection":[{"href":"https:\/\/equipment-pt3.com\/en\/wp-json\/wp\/v2\/product"}],"about":[{"href":"https:\/\/equipment-pt3.com\/en\/wp-json\/wp\/v2\/types\/product"}],"version-history":[{"count":2,"href":"https:\/\/equipment-pt3.com\/en\/wp-json\/wp\/v2\/product\/29342\/revisions"}],"predecessor-version":[{"id":30925,"href":"https:\/\/equipment-pt3.com\/en\/wp-json\/wp\/v2\/product\/29342\/revisions\/30925"}],"wp:featuredmedia":[{"embeddable":true,"href":"https:\/\/equipment-pt3.com\/en\/wp-json\/wp\/v2\/media\/30924"}],"wp:attachment":[{"href":"https:\/\/equipment-pt3.com\/en\/wp-json\/wp\/v2\/media?parent=29342"}],"wp:term":[{"taxonomy":"product_brand","embeddable":true,"href":"https:\/\/equipment-pt3.com\/en\/wp-json\/wp\/v2\/product_brand?post=29342"},{"taxonomy":"product_cat","embeddable":true,"href":"https:\/\/equipment-pt3.com\/en\/wp-json\/wp\/v2\/product_cat?post=29342"},{"taxonomy":"product_tag","embeddable":true,"href":"https:\/\/equipment-pt3.com\/en\/wp-json\/wp\/v2\/product_tag?post=29342"}],"curies":[{"name":"wp","href":"https:\/\/api.w.org\/{rel}","templated":true}]}}