{"id":29343,"date":"2026-02-03T13:10:02","date_gmt":"2026-02-03T13:10:02","guid":{"rendered":"https:\/\/equipment-pt3.com\/produto\/0483-0004-conjunto-de-alavancas-de-montagem-4-pecas\/"},"modified":"2026-02-12T10:58:14","modified_gmt":"2026-02-12T10:58:14","slug":"0483-0004-conjunto-de-alavancas-de-montagem-4-pecas","status":"publish","type":"product","link":"https:\/\/equipment-pt3.com\/en\/product\/0483-0004-conjunto-de-alavancas-de-montagem-4-pecas\/","title":{"rendered":"0483.0004  CONJUNTO DE ALAVANCAS DE MONTAGEM  4 PE\u00c7AS"},"content":{"rendered":"<p class=\"p1\">Estas quatro alavancas de montagem, fabricadas em a\u00e7o especial, s\u00e3o particularmente adequadas para:<\/p>\n<ul>\n<li>\n<p class=\"p1\">Soltar pe\u00e7as presas<\/p>\n<\/li>\n<li>\n<p class=\"p1\">Posicionar pe\u00e7as<\/p>\n<\/li>\n<li>\n<p class=\"p1\">Manter pe\u00e7as na posi\u00e7\u00e3o<\/p>\n<\/li>\n<li>\n<p class=\"p1\">Alargar furos de fixa\u00e7\u00e3o, etc.<\/p>\n<\/li>\n<\/ul>\n<p class=\"p4\"><b>Conte\u00fado:<\/b><b><\/b><\/p>\n<ul>\n<li>\n<p class=\"p1\">Comprimento 24\u201d (610 mm), largura da l\u00e2mina 20 mm<\/p>\n<\/li>\n<li>\n<p class=\"p1\">Comprimento 18\u201d (460 mm), largura da l\u00e2mina 20 mm<\/p>\n<\/li>\n<li>\n<p class=\"p1\">Comprimento 12\u201d (310 mm), largura da l\u00e2mina 16 mm<\/p>\n<\/li>\n<li>\n<p class=\"p1\">Comprimento 8\u201d (200 mm), largura da l\u00e2mina 10 mm<\/p>\n<\/li>\n<\/ul>\n<p class=\"p4\"><b>Inclui:<\/b><b><\/b><\/p>\n<ul>\n<li>\n<p class=\"p1\">Carolus 0483.0004 \u2013 Conjunto de alavancas de montagem, 4 pe\u00e7as<\/p>\n<\/li>\n<\/ul>","protected":false},"excerpt":{"rendered":"<p>Estas quatro alavancas de montagem, fabricadas em a\u00e7o especial, s\u00e3o particularmente adequadas para: Soltar pe\u00e7as presas Posicionar pe\u00e7as Manter pe\u00e7as<\/p>","protected":false},"featured_media":30926,"template":"","meta":[],"product_brand":[64],"product_cat":[34],"product_tag":[],"class_list":{"0":"post-29343","1":"product","2":"type-product","3":"status-publish","4":"has-post-thumbnail","6":"product_brand-gedore","7":"product_cat-ferramentas-eletricas","9":"first","10":"instock","11":"sale","12":"purchasable","13":"product-type-simple"},"_links":{"self":[{"href":"https:\/\/equipment-pt3.com\/en\/wp-json\/wp\/v2\/product\/29343","targetHints":{"allow":["GET"]}}],"collection":[{"href":"https:\/\/equipment-pt3.com\/en\/wp-json\/wp\/v2\/product"}],"about":[{"href":"https:\/\/equipment-pt3.com\/en\/wp-json\/wp\/v2\/types\/product"}],"version-history":[{"count":2,"href":"https:\/\/equipment-pt3.com\/en\/wp-json\/wp\/v2\/product\/29343\/revisions"}],"predecessor-version":[{"id":30927,"href":"https:\/\/equipment-pt3.com\/en\/wp-json\/wp\/v2\/product\/29343\/revisions\/30927"}],"wp:featuredmedia":[{"embeddable":true,"href":"https:\/\/equipment-pt3.com\/en\/wp-json\/wp\/v2\/media\/30926"}],"wp:attachment":[{"href":"https:\/\/equipment-pt3.com\/en\/wp-json\/wp\/v2\/media?parent=29343"}],"wp:term":[{"taxonomy":"product_brand","embeddable":true,"href":"https:\/\/equipment-pt3.com\/en\/wp-json\/wp\/v2\/product_brand?post=29343"},{"taxonomy":"product_cat","embeddable":true,"href":"https:\/\/equipment-pt3.com\/en\/wp-json\/wp\/v2\/product_cat?post=29343"},{"taxonomy":"product_tag","embeddable":true,"href":"https:\/\/equipment-pt3.com\/en\/wp-json\/wp\/v2\/product_tag?post=29343"}],"curies":[{"name":"wp","href":"https:\/\/api.w.org\/{rel}","templated":true}]}}