{"id":29344,"date":"2026-02-03T13:10:02","date_gmt":"2026-02-03T13:10:02","guid":{"rendered":"https:\/\/equipment-pt3.com\/produto\/0489-2011-jogo-para-embolos-travao\/"},"modified":"2026-02-13T12:01:56","modified_gmt":"2026-02-13T12:01:56","slug":"0489-2011-jogo-para-embolos-travao","status":"publish","type":"product","link":"https:\/\/equipment-pt3.com\/en\/product\/0489-2011-jogo-para-embolos-travao\/","title":{"rendered":"0489.2011 Jogo para embolos trav\u00e3o"},"content":{"rendered":"<ul>\n<li>\n<p class=\"p1\">Adequado para ve\u00edculos das marcas VW, Audi, Ford, Nissan, Subaru, Mazda, Toyota, Mitsubishi, etc.<\/p>\n<\/li>\n<li>\n<p class=\"p1\">Placa de instala\u00e7\u00e3o universal 1A<\/p>\n<\/li>\n<li>\n<p class=\"p1\">Adaptadores para placa de instala\u00e7\u00e3o: 0A, 2A, 3A, 4A, 5A, 6A, 7A, 8A, 9A<\/p>\n<\/li>\n<li>\n<p class=\"p1\">Fuso com punho tipo manivela e chave SW 22 mm<\/p>\n<\/li>\n<\/ul>","protected":false},"excerpt":{"rendered":"<p>Adequado para ve\u00edculos das marcas VW, Audi, Ford, Nissan, Subaru, Mazda, Toyota, Mitsubishi, etc. Placa de instala\u00e7\u00e3o universal 1A Adaptadores<\/p>","protected":false},"featured_media":30928,"template":"","meta":[],"product_brand":[64],"product_cat":[102],"product_tag":[],"class_list":{"0":"post-29344","1":"product","2":"type-product","3":"status-publish","4":"has-post-thumbnail","6":"product_brand-gedore","7":"product_cat-jogos","9":"first","10":"instock","11":"sale","12":"purchasable","13":"product-type-simple"},"_links":{"self":[{"href":"https:\/\/equipment-pt3.com\/en\/wp-json\/wp\/v2\/product\/29344","targetHints":{"allow":["GET"]}}],"collection":[{"href":"https:\/\/equipment-pt3.com\/en\/wp-json\/wp\/v2\/product"}],"about":[{"href":"https:\/\/equipment-pt3.com\/en\/wp-json\/wp\/v2\/types\/product"}],"version-history":[{"count":3,"href":"https:\/\/equipment-pt3.com\/en\/wp-json\/wp\/v2\/product\/29344\/revisions"}],"predecessor-version":[{"id":30930,"href":"https:\/\/equipment-pt3.com\/en\/wp-json\/wp\/v2\/product\/29344\/revisions\/30930"}],"wp:featuredmedia":[{"embeddable":true,"href":"https:\/\/equipment-pt3.com\/en\/wp-json\/wp\/v2\/media\/30928"}],"wp:attachment":[{"href":"https:\/\/equipment-pt3.com\/en\/wp-json\/wp\/v2\/media?parent=29344"}],"wp:term":[{"taxonomy":"product_brand","embeddable":true,"href":"https:\/\/equipment-pt3.com\/en\/wp-json\/wp\/v2\/product_brand?post=29344"},{"taxonomy":"product_cat","embeddable":true,"href":"https:\/\/equipment-pt3.com\/en\/wp-json\/wp\/v2\/product_cat?post=29344"},{"taxonomy":"product_tag","embeddable":true,"href":"https:\/\/equipment-pt3.com\/en\/wp-json\/wp\/v2\/product_tag?post=29344"}],"curies":[{"name":"wp","href":"https:\/\/api.w.org\/{rel}","templated":true}]}}