{"id":29345,"date":"2026-02-03T13:10:03","date_gmt":"2026-02-03T13:10:03","guid":{"rendered":"https:\/\/equipment-pt3.com\/produto\/0499-1200-magnetico-telescopico-com-magnetico\/"},"modified":"2026-02-12T10:38:50","modified_gmt":"2026-02-12T10:38:50","slug":"0499-1200-magnetico-telescopico-com-magnetico","status":"publish","type":"product","link":"https:\/\/equipment-pt3.com\/en\/product\/0499-1200-magnetico-telescopico-com-magnetico\/","title":{"rendered":"0499.1200 MAGNETICO TELESC\u00d3PICO COM MAGNETICO"},"content":{"rendered":"<p>Com este levantador magn\u00e9tico telesc\u00f3pico, \u00e9 poss\u00edvel retirar objetos met\u00e1licos mesmo de locais de dif\u00edcil acesso.<br \/>\nO levantador magn\u00e9tico \u00e9 tamb\u00e9m adequado para levantar cunhas de v\u00e1lvula.<br \/>\nCarolus by Gedore.<\/p>","protected":false},"excerpt":{"rendered":"<p>Com este levantador magn\u00e9tico telesc\u00f3pico, \u00e9 poss\u00edvel retirar objetos met\u00e1licos mesmo de locais de dif\u00edcil acesso. O levantador magn\u00e9tico \u00e9<\/p>","protected":false},"featured_media":29871,"template":"","meta":[],"product_brand":[64],"product_cat":[101],"product_tag":[],"class_list":{"0":"post-29345","1":"product","2":"type-product","3":"status-publish","4":"has-post-thumbnail","6":"product_brand-gedore","7":"product_cat-ferramentas-manuais","9":"first","10":"instock","11":"sale","12":"purchasable","13":"product-type-simple"},"_links":{"self":[{"href":"https:\/\/equipment-pt3.com\/en\/wp-json\/wp\/v2\/product\/29345","targetHints":{"allow":["GET"]}}],"collection":[{"href":"https:\/\/equipment-pt3.com\/en\/wp-json\/wp\/v2\/product"}],"about":[{"href":"https:\/\/equipment-pt3.com\/en\/wp-json\/wp\/v2\/types\/product"}],"version-history":[{"count":2,"href":"https:\/\/equipment-pt3.com\/en\/wp-json\/wp\/v2\/product\/29345\/revisions"}],"predecessor-version":[{"id":29876,"href":"https:\/\/equipment-pt3.com\/en\/wp-json\/wp\/v2\/product\/29345\/revisions\/29876"}],"wp:featuredmedia":[{"embeddable":true,"href":"https:\/\/equipment-pt3.com\/en\/wp-json\/wp\/v2\/media\/29871"}],"wp:attachment":[{"href":"https:\/\/equipment-pt3.com\/en\/wp-json\/wp\/v2\/media?parent=29345"}],"wp:term":[{"taxonomy":"product_brand","embeddable":true,"href":"https:\/\/equipment-pt3.com\/en\/wp-json\/wp\/v2\/product_brand?post=29345"},{"taxonomy":"product_cat","embeddable":true,"href":"https:\/\/equipment-pt3.com\/en\/wp-json\/wp\/v2\/product_cat?post=29345"},{"taxonomy":"product_tag","embeddable":true,"href":"https:\/\/equipment-pt3.com\/en\/wp-json\/wp\/v2\/product_tag?post=29345"}],"curies":[{"name":"wp","href":"https:\/\/api.w.org\/{rel}","templated":true}]}}