{"id":29346,"date":"2026-02-03T13:10:03","date_gmt":"2026-02-03T13:10:03","guid":{"rendered":"https:\/\/equipment-pt3.com\/produto\/0499-1400-medidor-de-profundidade-para-perfil-do\/"},"modified":"2026-02-12T10:38:50","modified_gmt":"2026-02-12T10:38:50","slug":"0499-1400-medidor-de-profundidade-para-perfil-do","status":"publish","type":"product","link":"https:\/\/equipment-pt3.com\/en\/product\/0499-1400-medidor-de-profundidade-para-perfil-do\/","title":{"rendered":"0499.1400 &#8211; Medidor de profundidade para perfil do piso do pneu"},"content":{"rendered":"<p>Robusto e de longa durabilidade.<br data-start=\"82\" data-end=\"85\" \/>Carolus by Gedore<\/p>\n<p><strong>Caracteristicas:<\/strong><\/p>\n<ul>\n<li>Leitura sem reflexos<\/li>\n<li>Ponta para medi\u00e7\u00e3o de profundidade (perfil do pneu)<\/li>\n<li>Gradua\u00e7\u00e3o em mil\u00edmetros<\/li>\n<li>0\u201330 mm + n\u00f3nio de 1\/10 mm<\/li>\n<\/ul>","protected":false},"excerpt":{"rendered":"<p>Robusto e de longa durabilidade.Carolus by Gedore Caracteristicas: Leitura sem reflexos Ponta para medi\u00e7\u00e3o de profundidade (perfil do pneu) Gradua\u00e7\u00e3o<\/p>","protected":false},"featured_media":29867,"template":"","meta":[],"product_brand":[64],"product_cat":[101],"product_tag":[],"class_list":{"0":"post-29346","1":"product","2":"type-product","3":"status-publish","4":"has-post-thumbnail","6":"product_brand-gedore","7":"product_cat-ferramentas-manuais","9":"first","10":"instock","11":"sale","12":"purchasable","13":"product-type-simple"},"_links":{"self":[{"href":"https:\/\/equipment-pt3.com\/en\/wp-json\/wp\/v2\/product\/29346","targetHints":{"allow":["GET"]}}],"collection":[{"href":"https:\/\/equipment-pt3.com\/en\/wp-json\/wp\/v2\/product"}],"about":[{"href":"https:\/\/equipment-pt3.com\/en\/wp-json\/wp\/v2\/types\/product"}],"version-history":[{"count":3,"href":"https:\/\/equipment-pt3.com\/en\/wp-json\/wp\/v2\/product\/29346\/revisions"}],"predecessor-version":[{"id":29868,"href":"https:\/\/equipment-pt3.com\/en\/wp-json\/wp\/v2\/product\/29346\/revisions\/29868"}],"wp:featuredmedia":[{"embeddable":true,"href":"https:\/\/equipment-pt3.com\/en\/wp-json\/wp\/v2\/media\/29867"}],"wp:attachment":[{"href":"https:\/\/equipment-pt3.com\/en\/wp-json\/wp\/v2\/media?parent=29346"}],"wp:term":[{"taxonomy":"product_brand","embeddable":true,"href":"https:\/\/equipment-pt3.com\/en\/wp-json\/wp\/v2\/product_brand?post=29346"},{"taxonomy":"product_cat","embeddable":true,"href":"https:\/\/equipment-pt3.com\/en\/wp-json\/wp\/v2\/product_cat?post=29346"},{"taxonomy":"product_tag","embeddable":true,"href":"https:\/\/equipment-pt3.com\/en\/wp-json\/wp\/v2\/product_tag?post=29346"}],"curies":[{"name":"wp","href":"https:\/\/api.w.org\/{rel}","templated":true}]}}