{"id":29347,"date":"2026-02-03T13:10:03","date_gmt":"2026-02-03T13:10:03","guid":{"rendered":"https:\/\/equipment-pt3.com\/produto\/0499-1430-prato-magnetico\/"},"modified":"2026-02-12T10:38:50","modified_gmt":"2026-02-12T10:38:50","slug":"0499-1430-prato-magnetico","status":"publish","type":"product","link":"https:\/\/equipment-pt3.com\/en\/product\/0499-1430-prato-magnetico\/","title":{"rendered":"0499.1430 PRATO MAGNETICO"},"content":{"rendered":"<ul>\n<li>\n<div>Tabuleiro em a\u00e7o inoxid\u00e1vel<\/div>\n<\/li>\n<li>\n<div>Com p\u00e9s magn\u00e9ticos extra fortes<\/div>\n<\/li>\n<li>\n<div>\u00cdmanes protegidos com revestimento em borracha<\/div>\n<\/li>\n<\/ul>","protected":false},"excerpt":{"rendered":"<p>Tabuleiro em a\u00e7o inoxid\u00e1vel Com p\u00e9s magn\u00e9ticos extra fortes \u00cdmanes protegidos com revestimento em borracha<\/p>","protected":false},"featured_media":30881,"template":"","meta":[],"product_brand":[64],"product_cat":[101],"product_tag":[],"class_list":{"0":"post-29347","1":"product","2":"type-product","3":"status-publish","4":"has-post-thumbnail","6":"product_brand-gedore","7":"product_cat-ferramentas-manuais","9":"first","10":"instock","11":"sale","12":"purchasable","13":"product-type-simple"},"_links":{"self":[{"href":"https:\/\/equipment-pt3.com\/en\/wp-json\/wp\/v2\/product\/29347","targetHints":{"allow":["GET"]}}],"collection":[{"href":"https:\/\/equipment-pt3.com\/en\/wp-json\/wp\/v2\/product"}],"about":[{"href":"https:\/\/equipment-pt3.com\/en\/wp-json\/wp\/v2\/types\/product"}],"version-history":[{"count":3,"href":"https:\/\/equipment-pt3.com\/en\/wp-json\/wp\/v2\/product\/29347\/revisions"}],"predecessor-version":[{"id":30883,"href":"https:\/\/equipment-pt3.com\/en\/wp-json\/wp\/v2\/product\/29347\/revisions\/30883"}],"wp:featuredmedia":[{"embeddable":true,"href":"https:\/\/equipment-pt3.com\/en\/wp-json\/wp\/v2\/media\/30881"}],"wp:attachment":[{"href":"https:\/\/equipment-pt3.com\/en\/wp-json\/wp\/v2\/media?parent=29347"}],"wp:term":[{"taxonomy":"product_brand","embeddable":true,"href":"https:\/\/equipment-pt3.com\/en\/wp-json\/wp\/v2\/product_brand?post=29347"},{"taxonomy":"product_cat","embeddable":true,"href":"https:\/\/equipment-pt3.com\/en\/wp-json\/wp\/v2\/product_cat?post=29347"},{"taxonomy":"product_tag","embeddable":true,"href":"https:\/\/equipment-pt3.com\/en\/wp-json\/wp\/v2\/product_tag?post=29347"}],"curies":[{"name":"wp","href":"https:\/\/api.w.org\/{rel}","templated":true}]}}