{"id":29348,"date":"2026-02-03T13:10:03","date_gmt":"2026-02-03T13:10:03","guid":{"rendered":"https:\/\/equipment-pt3.com\/produto\/0558-2013-jogo-pe-galinha-1-2\/"},"modified":"2026-02-13T12:02:26","modified_gmt":"2026-02-13T12:02:26","slug":"0558-2013-jogo-pe-galinha-1-2","status":"publish","type":"product","link":"https:\/\/equipment-pt3.com\/en\/product\/0558-2013-jogo-pe-galinha-1-2\/","title":{"rendered":"0558.2013 Jogo &#8220;P\u00e9  Galinha&#8221; 1\/2"},"content":{"rendered":"<p><strong>Caracter\u00edsticas:<\/strong><\/p>\n<ul>\n<li>\n<p class=\"p1\">Para qualquer oficina autom\u00f3vel e garagem<\/p>\n<\/li>\n<li>\n<p class=\"p1\">Em mala robusta e resistente a impactos<\/p>\n<\/li>\n<li>\n<p class=\"p1\">Inclui 13 pe\u00e7as<\/p>\n<\/li>\n<\/ul>\n<p class=\"p3\"><b>Composi\u00e7\u00e3o:<\/b><b><\/b><\/p>\n<ul>\n<li>\n<p class=\"p1\">Cabo de acionamento<\/p>\n<\/li>\n<li>\n<p class=\"p1\">Chaves tipo \u201cpata de corvo\u201d: 20, 21, 22, 23, 24, 25, 26, 27, 28, 30, 32 mm<\/p>\n<\/li>\n<li>\n<p class=\"p1\">Extens\u00e3o 125 mm<\/p>\n<\/li>\n<\/ul>","protected":false},"excerpt":{"rendered":"<p>Caracter\u00edsticas: Para qualquer oficina autom\u00f3vel e garagem Em mala robusta e resistente a impactos Inclui 13 pe\u00e7as Composi\u00e7\u00e3o: Cabo de<\/p>","protected":false},"featured_media":30885,"template":"","meta":[],"product_brand":[64],"product_cat":[102],"product_tag":[],"class_list":{"0":"post-29348","1":"product","2":"type-product","3":"status-publish","4":"has-post-thumbnail","6":"product_brand-gedore","7":"product_cat-jogos","9":"first","10":"instock","11":"sale","12":"purchasable","13":"product-type-simple"},"_links":{"self":[{"href":"https:\/\/equipment-pt3.com\/en\/wp-json\/wp\/v2\/product\/29348","targetHints":{"allow":["GET"]}}],"collection":[{"href":"https:\/\/equipment-pt3.com\/en\/wp-json\/wp\/v2\/product"}],"about":[{"href":"https:\/\/equipment-pt3.com\/en\/wp-json\/wp\/v2\/types\/product"}],"version-history":[{"count":3,"href":"https:\/\/equipment-pt3.com\/en\/wp-json\/wp\/v2\/product\/29348\/revisions"}],"predecessor-version":[{"id":30888,"href":"https:\/\/equipment-pt3.com\/en\/wp-json\/wp\/v2\/product\/29348\/revisions\/30888"}],"wp:featuredmedia":[{"embeddable":true,"href":"https:\/\/equipment-pt3.com\/en\/wp-json\/wp\/v2\/media\/30885"}],"wp:attachment":[{"href":"https:\/\/equipment-pt3.com\/en\/wp-json\/wp\/v2\/media?parent=29348"}],"wp:term":[{"taxonomy":"product_brand","embeddable":true,"href":"https:\/\/equipment-pt3.com\/en\/wp-json\/wp\/v2\/product_brand?post=29348"},{"taxonomy":"product_cat","embeddable":true,"href":"https:\/\/equipment-pt3.com\/en\/wp-json\/wp\/v2\/product_cat?post=29348"},{"taxonomy":"product_tag","embeddable":true,"href":"https:\/\/equipment-pt3.com\/en\/wp-json\/wp\/v2\/product_tag?post=29348"}],"curies":[{"name":"wp","href":"https:\/\/api.w.org\/{rel}","templated":true}]}}