{"id":29349,"date":"2026-02-03T13:10:03","date_gmt":"2026-02-03T13:10:03","guid":{"rendered":"https:\/\/equipment-pt3.com\/produto\/0559-2008-jogo-chaves-injectores-1-2\/"},"modified":"2026-02-13T12:03:11","modified_gmt":"2026-02-13T12:03:11","slug":"0559-2008-jogo-chaves-injectores-1-2","status":"publish","type":"product","link":"https:\/\/equipment-pt3.com\/en\/product\/0559-2008-jogo-chaves-injectores-1-2\/","title":{"rendered":"0559.2008 Jogo chaves  injectores 1\/2"},"content":{"rendered":"<div>\n<ul>\n<li>Facilita o trabalho em locais de dif\u00edcil acesso<\/li>\n<li>Inclui anel aberto para facilitar a interven\u00e7\u00e3o em injetores<\/li>\n<li>Ponteiras\/chaves de caixa para liberta\u00e7\u00e3o e aperto r\u00e1pidos dos injetores<\/li>\n<li>F\u00e1cil de utilizar<\/li>\n<\/ul>\n<\/div>","protected":false},"excerpt":{"rendered":"<p>Facilita o trabalho em locais de dif\u00edcil acesso Inclui anel aberto para facilitar a interven\u00e7\u00e3o em injetores Ponteiras\/chaves de caixa<\/p>","protected":false},"featured_media":30892,"template":"","meta":[],"product_brand":[64],"product_cat":[102],"product_tag":[],"class_list":{"0":"post-29349","1":"product","2":"type-product","3":"status-publish","4":"has-post-thumbnail","6":"product_brand-gedore","7":"product_cat-jogos","9":"first","10":"instock","11":"sale","12":"purchasable","13":"product-type-simple"},"_links":{"self":[{"href":"https:\/\/equipment-pt3.com\/en\/wp-json\/wp\/v2\/product\/29349","targetHints":{"allow":["GET"]}}],"collection":[{"href":"https:\/\/equipment-pt3.com\/en\/wp-json\/wp\/v2\/product"}],"about":[{"href":"https:\/\/equipment-pt3.com\/en\/wp-json\/wp\/v2\/types\/product"}],"version-history":[{"count":3,"href":"https:\/\/equipment-pt3.com\/en\/wp-json\/wp\/v2\/product\/29349\/revisions"}],"predecessor-version":[{"id":30897,"href":"https:\/\/equipment-pt3.com\/en\/wp-json\/wp\/v2\/product\/29349\/revisions\/30897"}],"wp:featuredmedia":[{"embeddable":true,"href":"https:\/\/equipment-pt3.com\/en\/wp-json\/wp\/v2\/media\/30892"}],"wp:attachment":[{"href":"https:\/\/equipment-pt3.com\/en\/wp-json\/wp\/v2\/media?parent=29349"}],"wp:term":[{"taxonomy":"product_brand","embeddable":true,"href":"https:\/\/equipment-pt3.com\/en\/wp-json\/wp\/v2\/product_brand?post=29349"},{"taxonomy":"product_cat","embeddable":true,"href":"https:\/\/equipment-pt3.com\/en\/wp-json\/wp\/v2\/product_cat?post=29349"},{"taxonomy":"product_tag","embeddable":true,"href":"https:\/\/equipment-pt3.com\/en\/wp-json\/wp\/v2\/product_tag?post=29349"}],"curies":[{"name":"wp","href":"https:\/\/api.w.org\/{rel}","templated":true}]}}