{"id":29351,"date":"2026-02-03T13:10:04","date_gmt":"2026-02-03T13:10:04","guid":{"rendered":"https:\/\/equipment-pt3.com\/produto\/0900-080-jogo-chav-combi-boc-lun-8-19\/"},"modified":"2026-02-13T12:30:30","modified_gmt":"2026-02-13T12:30:30","slug":"0900-080-jogo-chav-combi-boc-lun-8-19","status":"publish","type":"product","link":"https:\/\/equipment-pt3.com\/en\/product\/0900-080-jogo-chav-combi-boc-lun-8-19\/","title":{"rendered":"0900.080 Jogo chav combi boc\/lun 8-19"},"content":{"rendered":"<ul>\n<li>Jogo de chaves combinadas 8 pe\u00e7as 8\u201319 mm<\/li>\n<li>Fornecido em pr\u00e1tica caixa de arruma\u00e7\u00e3o<\/li>\n<li>A\u00e7o cromo-van\u00e1dio, cromado<\/li>\n<li>O conjunto inclui: 8, 9, 10, 11, 13, 14, 17, 19 mm<\/li>\n<\/ul>","protected":false},"excerpt":{"rendered":"<p>Jogo de chaves combinadas 8 pe\u00e7as 8\u201319 mm Fornecido em pr\u00e1tica caixa de arruma\u00e7\u00e3o A\u00e7o cromo-van\u00e1dio, cromado O conjunto inclui:<\/p>","protected":false},"featured_media":31168,"template":"","meta":[],"product_brand":[],"product_cat":[102],"product_tag":[],"class_list":{"0":"post-29351","1":"product","2":"type-product","3":"status-publish","4":"has-post-thumbnail","6":"product_cat-jogos","8":"first","9":"instock","10":"sale","11":"taxable","12":"shipping-taxable","13":"purchasable","14":"product-type-simple"},"_links":{"self":[{"href":"https:\/\/equipment-pt3.com\/en\/wp-json\/wp\/v2\/product\/29351","targetHints":{"allow":["GET"]}}],"collection":[{"href":"https:\/\/equipment-pt3.com\/en\/wp-json\/wp\/v2\/product"}],"about":[{"href":"https:\/\/equipment-pt3.com\/en\/wp-json\/wp\/v2\/types\/product"}],"version-history":[{"count":2,"href":"https:\/\/equipment-pt3.com\/en\/wp-json\/wp\/v2\/product\/29351\/revisions"}],"predecessor-version":[{"id":31169,"href":"https:\/\/equipment-pt3.com\/en\/wp-json\/wp\/v2\/product\/29351\/revisions\/31169"}],"wp:featuredmedia":[{"embeddable":true,"href":"https:\/\/equipment-pt3.com\/en\/wp-json\/wp\/v2\/media\/31168"}],"wp:attachment":[{"href":"https:\/\/equipment-pt3.com\/en\/wp-json\/wp\/v2\/media?parent=29351"}],"wp:term":[{"taxonomy":"product_brand","embeddable":true,"href":"https:\/\/equipment-pt3.com\/en\/wp-json\/wp\/v2\/product_brand?post=29351"},{"taxonomy":"product_cat","embeddable":true,"href":"https:\/\/equipment-pt3.com\/en\/wp-json\/wp\/v2\/product_cat?post=29351"},{"taxonomy":"product_tag","embeddable":true,"href":"https:\/\/equipment-pt3.com\/en\/wp-json\/wp\/v2\/product_tag?post=29351"}],"curies":[{"name":"wp","href":"https:\/\/api.w.org\/{rel}","templated":true}]}}