{"id":29357,"date":"2026-02-03T13:10:04","date_gmt":"2026-02-03T13:10:04","guid":{"rendered":"https:\/\/equipment-pt3.com\/produto\/3690-000-jogo-de-chaves-de-fendas-6un\/"},"modified":"2026-02-12T10:38:50","modified_gmt":"2026-02-12T10:38:50","slug":"3690-000-jogo-de-chaves-de-fendas-6un","status":"publish","type":"product","link":"https:\/\/equipment-pt3.com\/en\/product\/3690-000-jogo-de-chaves-de-fendas-6un\/","title":{"rendered":"3690.000 Jogo de chaves TORX 6un"},"content":{"rendered":"<ul>\n<li>L\u00e2mina em a\u00e7o de liga de alta qualidade SVCM<\/li>\n<li>Superf\u00edcie cromada com ponta preta<br \/>\nCom punho de 2 componentes<\/li>\n<li>Componente r\u00edgido em PP, componente macio antiderrapante em TPV<\/li>\n<\/ul>","protected":false},"excerpt":{"rendered":"<p>L\u00e2mina em a\u00e7o de liga de alta qualidade SVCM Superf\u00edcie cromada com ponta preta Com punho de 2 componentes Componente<\/p>","protected":false},"featured_media":30261,"template":"","meta":[],"product_brand":[64],"product_cat":[102],"product_tag":[],"class_list":{"0":"post-29357","1":"product","2":"type-product","3":"status-publish","4":"has-post-thumbnail","6":"product_brand-gedore","7":"product_cat-jogos","9":"first","10":"instock","11":"sale","12":"purchasable","13":"product-type-simple"},"_links":{"self":[{"href":"https:\/\/equipment-pt3.com\/en\/wp-json\/wp\/v2\/product\/29357","targetHints":{"allow":["GET"]}}],"collection":[{"href":"https:\/\/equipment-pt3.com\/en\/wp-json\/wp\/v2\/product"}],"about":[{"href":"https:\/\/equipment-pt3.com\/en\/wp-json\/wp\/v2\/types\/product"}],"version-history":[{"count":5,"href":"https:\/\/equipment-pt3.com\/en\/wp-json\/wp\/v2\/product\/29357\/revisions"}],"predecessor-version":[{"id":30869,"href":"https:\/\/equipment-pt3.com\/en\/wp-json\/wp\/v2\/product\/29357\/revisions\/30869"}],"wp:featuredmedia":[{"embeddable":true,"href":"https:\/\/equipment-pt3.com\/en\/wp-json\/wp\/v2\/media\/30261"}],"wp:attachment":[{"href":"https:\/\/equipment-pt3.com\/en\/wp-json\/wp\/v2\/media?parent=29357"}],"wp:term":[{"taxonomy":"product_brand","embeddable":true,"href":"https:\/\/equipment-pt3.com\/en\/wp-json\/wp\/v2\/product_brand?post=29357"},{"taxonomy":"product_cat","embeddable":true,"href":"https:\/\/equipment-pt3.com\/en\/wp-json\/wp\/v2\/product_cat?post=29357"},{"taxonomy":"product_tag","embeddable":true,"href":"https:\/\/equipment-pt3.com\/en\/wp-json\/wp\/v2\/product_tag?post=29357"}],"curies":[{"name":"wp","href":"https:\/\/api.w.org\/{rel}","templated":true}]}}