{"id":29359,"date":"2026-02-03T13:10:11","date_gmt":"2026-02-03T13:10:11","guid":{"rendered":"https:\/\/equipment-pt3.com\/produto\/4177-20-roquete-1-4\/"},"modified":"2026-02-12T10:38:24","modified_gmt":"2026-02-12T10:38:24","slug":"4177-20-roquete-1-4","status":"publish","type":"product","link":"https:\/\/equipment-pt3.com\/en\/product\/4177-20-roquete-1-4\/","title":{"rendered":"4177.20 Roquete 1\/4"},"content":{"rendered":"<p>Ferramentas manuais utilizadas para apertar e desapertar elementos roscados.<\/p>\n<p>A ferramenta manual \u00e9 normalmente utilizada em trabalhos de constru\u00e7\u00e3o e repara\u00e7\u00e3o que exigem uma execu\u00e7\u00e3o simples com baixo consumo de energia.<\/p>\n<p>As ferramentas s\u00e3o instrumentos destinados a realizar uma tarefa mec\u00e2nica quando lhes \u00e9 aplicada algum tipo de for\u00e7a. Existe uma grande variedade de ferramentas, como ferramentas de corte, fixa\u00e7\u00e3o, impacto, uni\u00e3o, montagem ou medi\u00e7\u00e3o.<\/p>","protected":false},"excerpt":{"rendered":"<p>Ferramentas manuais utilizadas para apertar e desapertar elementos roscados. A ferramenta manual \u00e9 normalmente utilizada em trabalhos de constru\u00e7\u00e3o e<\/p>","protected":false},"featured_media":30862,"template":"","meta":[],"product_brand":[64],"product_cat":[34],"product_tag":[],"class_list":{"0":"post-29359","1":"product","2":"type-product","3":"status-publish","4":"has-post-thumbnail","6":"product_brand-gedore","7":"product_cat-ferramentas-eletricas","9":"first","10":"instock","11":"sale","12":"purchasable","13":"product-type-simple"},"_links":{"self":[{"href":"https:\/\/equipment-pt3.com\/en\/wp-json\/wp\/v2\/product\/29359","targetHints":{"allow":["GET"]}}],"collection":[{"href":"https:\/\/equipment-pt3.com\/en\/wp-json\/wp\/v2\/product"}],"about":[{"href":"https:\/\/equipment-pt3.com\/en\/wp-json\/wp\/v2\/types\/product"}],"version-history":[{"count":3,"href":"https:\/\/equipment-pt3.com\/en\/wp-json\/wp\/v2\/product\/29359\/revisions"}],"predecessor-version":[{"id":30863,"href":"https:\/\/equipment-pt3.com\/en\/wp-json\/wp\/v2\/product\/29359\/revisions\/30863"}],"wp:featuredmedia":[{"embeddable":true,"href":"https:\/\/equipment-pt3.com\/en\/wp-json\/wp\/v2\/media\/30862"}],"wp:attachment":[{"href":"https:\/\/equipment-pt3.com\/en\/wp-json\/wp\/v2\/media?parent=29359"}],"wp:term":[{"taxonomy":"product_brand","embeddable":true,"href":"https:\/\/equipment-pt3.com\/en\/wp-json\/wp\/v2\/product_brand?post=29359"},{"taxonomy":"product_cat","embeddable":true,"href":"https:\/\/equipment-pt3.com\/en\/wp-json\/wp\/v2\/product_cat?post=29359"},{"taxonomy":"product_tag","embeddable":true,"href":"https:\/\/equipment-pt3.com\/en\/wp-json\/wp\/v2\/product_tag?post=29359"}],"curies":[{"name":"wp","href":"https:\/\/api.w.org\/{rel}","templated":true}]}}