{"id":29362,"date":"2026-02-03T13:10:13","date_gmt":"2026-02-03T13:10:13","guid":{"rendered":"https:\/\/equipment-pt3.com\/produto\/4400-2046-jogo-de-chaves-de-caixa-1-4-46-pecas\/"},"modified":"2026-02-12T10:38:24","modified_gmt":"2026-02-12T10:38:24","slug":"4400-2046-jogo-de-chaves-de-caixa-1-4-46-pecas","status":"publish","type":"product","link":"https:\/\/equipment-pt3.com\/en\/product\/4400-2046-jogo-de-chaves-de-caixa-1-4-46-pecas\/","title":{"rendered":"4400.2046 JOGO DE CHAVES DE CAIXA 1\/4 46 PE\u00c7AS"},"content":{"rendered":"<p>46 pe\u00e7as em caixa pl\u00e1stica robusta com fechos de metal;<br \/>\nQualidade profissional;<\/p>\n<p><strong>Conjunto:<\/strong><\/p>\n<p>Chaves de Caixa sextavados: 4 4,5 5 5,5 6 7 8 9 10 11 12 13 14;<br \/>\nBit Sextavadas Interior: 3 4 5 6 7 8mm;<br \/>\nBit Fenda: 4 5,5 6,5 mm;<br \/>\nBit cruzado PH: 1 2 3;<br \/>\nBit transversal PZ: 1 2;<br \/>\nBit TORX\u00ae: T10 T15 T20 T25 T27 T30 T40;<br \/>\nExtens\u00e3o 50 e 100 mm;<br \/>\nExtens\u00e3o flex\u00edvel 150mm;<br \/>\nArticula\u00e7\u00e3o Cardan com al\u00e7a em T;<br \/>\nExtens\u00e3o do punho 150 mm;<br \/>\nAdaptador 1\/4 quadrado &#8211; 1\/4 quadrado;<br \/>\nRoquete de alavanca revers\u00edvel, dente fino, dente 72;<br \/>\nChave angular 1,27 1,5 2 2,5;<\/p>","protected":false},"excerpt":{"rendered":"<p>46 pe\u00e7as em caixa pl\u00e1stica robusta com fechos de metal; Qualidade profissional; Conjunto: Chaves de Caixa sextavados: 4 4,5 5<\/p>","protected":false},"featured_media":30226,"template":"","meta":[],"product_brand":[64],"product_cat":[103,102],"product_tag":[],"class_list":{"0":"post-29362","1":"product","2":"type-product","3":"status-publish","4":"has-post-thumbnail","6":"product_brand-gedore","7":"product_cat-chaves-de-caixa","8":"product_cat-jogos","10":"first","11":"instock","12":"sale","13":"purchasable","14":"product-type-simple"},"_links":{"self":[{"href":"https:\/\/equipment-pt3.com\/en\/wp-json\/wp\/v2\/product\/29362","targetHints":{"allow":["GET"]}}],"collection":[{"href":"https:\/\/equipment-pt3.com\/en\/wp-json\/wp\/v2\/product"}],"about":[{"href":"https:\/\/equipment-pt3.com\/en\/wp-json\/wp\/v2\/types\/product"}],"version-history":[{"count":3,"href":"https:\/\/equipment-pt3.com\/en\/wp-json\/wp\/v2\/product\/29362\/revisions"}],"predecessor-version":[{"id":30228,"href":"https:\/\/equipment-pt3.com\/en\/wp-json\/wp\/v2\/product\/29362\/revisions\/30228"}],"wp:featuredmedia":[{"embeddable":true,"href":"https:\/\/equipment-pt3.com\/en\/wp-json\/wp\/v2\/media\/30226"}],"wp:attachment":[{"href":"https:\/\/equipment-pt3.com\/en\/wp-json\/wp\/v2\/media?parent=29362"}],"wp:term":[{"taxonomy":"product_brand","embeddable":true,"href":"https:\/\/equipment-pt3.com\/en\/wp-json\/wp\/v2\/product_brand?post=29362"},{"taxonomy":"product_cat","embeddable":true,"href":"https:\/\/equipment-pt3.com\/en\/wp-json\/wp\/v2\/product_cat?post=29362"},{"taxonomy":"product_tag","embeddable":true,"href":"https:\/\/equipment-pt3.com\/en\/wp-json\/wp\/v2\/product_tag?post=29362"}],"curies":[{"name":"wp","href":"https:\/\/api.w.org\/{rel}","templated":true}]}}