{"id":29363,"date":"2026-02-03T13:10:13","date_gmt":"2026-02-03T13:10:13","guid":{"rendered":"https:\/\/equipment-pt3.com\/produto\/5199-0010-jogo-extractores-1-2-10-uni\/"},"modified":"2026-02-12T10:38:24","modified_gmt":"2026-02-12T10:38:24","slug":"5199-0010-jogo-extractores-1-2-10-uni","status":"publish","type":"product","link":"https:\/\/equipment-pt3.com\/en\/product\/5199-0010-jogo-extractores-1-2-10-uni\/","title":{"rendered":"5199.0010 Jogo extractores 1\/2&#8243;  10 uni"},"content":{"rendered":"<ul>\n<li>Chaves de caixa especiais 1\/2\u201d 10, 11, 12, 13, 14, 15, 16, 17, 19 mm (para remover parafusos e porcas com cabe\u00e7a danificada)<\/li>\n<li>Pun\u00e7\u00e3o (em a\u00e7o cromo-molibd\u00e9nio)<\/li>\n<\/ul>","protected":false},"excerpt":{"rendered":"<p>Chaves de caixa especiais 1\/2\u201d 10, 11, 12, 13, 14, 15, 16, 17, 19 mm (para remover parafusos e porcas<\/p>","protected":false},"featured_media":30855,"template":"","meta":[],"product_brand":[64],"product_cat":[102],"product_tag":[],"class_list":{"0":"post-29363","1":"product","2":"type-product","3":"status-publish","4":"has-post-thumbnail","6":"product_brand-gedore","7":"product_cat-jogos","9":"first","10":"instock","11":"sale","12":"purchasable","13":"product-type-simple"},"_links":{"self":[{"href":"https:\/\/equipment-pt3.com\/en\/wp-json\/wp\/v2\/product\/29363","targetHints":{"allow":["GET"]}}],"collection":[{"href":"https:\/\/equipment-pt3.com\/en\/wp-json\/wp\/v2\/product"}],"about":[{"href":"https:\/\/equipment-pt3.com\/en\/wp-json\/wp\/v2\/types\/product"}],"version-history":[{"count":2,"href":"https:\/\/equipment-pt3.com\/en\/wp-json\/wp\/v2\/product\/29363\/revisions"}],"predecessor-version":[{"id":30856,"href":"https:\/\/equipment-pt3.com\/en\/wp-json\/wp\/v2\/product\/29363\/revisions\/30856"}],"wp:featuredmedia":[{"embeddable":true,"href":"https:\/\/equipment-pt3.com\/en\/wp-json\/wp\/v2\/media\/30855"}],"wp:attachment":[{"href":"https:\/\/equipment-pt3.com\/en\/wp-json\/wp\/v2\/media?parent=29363"}],"wp:term":[{"taxonomy":"product_brand","embeddable":true,"href":"https:\/\/equipment-pt3.com\/en\/wp-json\/wp\/v2\/product_brand?post=29363"},{"taxonomy":"product_cat","embeddable":true,"href":"https:\/\/equipment-pt3.com\/en\/wp-json\/wp\/v2\/product_cat?post=29363"},{"taxonomy":"product_tag","embeddable":true,"href":"https:\/\/equipment-pt3.com\/en\/wp-json\/wp\/v2\/product_tag?post=29363"}],"curies":[{"name":"wp","href":"https:\/\/api.w.org\/{rel}","templated":true}]}}