{"id":29364,"date":"2026-02-03T13:10:13","date_gmt":"2026-02-03T13:10:13","guid":{"rendered":"https:\/\/equipment-pt3.com\/produto\/5575-00jogo-chaves-impacto-1-2\/"},"modified":"2026-02-12T10:38:24","modified_gmt":"2026-02-12T10:38:24","slug":"5575-00jogo-chaves-impacto-1-2","status":"publish","type":"product","link":"https:\/\/equipment-pt3.com\/en\/product\/5575-00jogo-chaves-impacto-1-2\/","title":{"rendered":"5575.00Jogo chaves impacto 1\/2"},"content":{"rendered":"<p>As mangas de pl\u00e1stico protegem pe\u00e7as vulner\u00e1veis no ambiente, como rodas de liga leve e pe\u00e7as cromadas<\/p>\n<p>Chaves de impacto: 17, 19, 21mm<\/p>","protected":false},"excerpt":{"rendered":"<p>As mangas de pl\u00e1stico protegem pe\u00e7as vulner\u00e1veis no ambiente, como rodas de liga leve e pe\u00e7as cromadas Chaves de impacto:<\/p>","protected":false},"featured_media":30229,"template":"","meta":[],"product_brand":[64],"product_cat":[95,102],"product_tag":[],"class_list":{"0":"post-29364","1":"product","2":"type-product","3":"status-publish","4":"has-post-thumbnail","6":"product_brand-gedore","7":"product_cat-chaves-de-impacto-e-acessorios","8":"product_cat-jogos","10":"first","11":"instock","12":"sale","13":"purchasable","14":"product-type-simple"},"_links":{"self":[{"href":"https:\/\/equipment-pt3.com\/en\/wp-json\/wp\/v2\/product\/29364","targetHints":{"allow":["GET"]}}],"collection":[{"href":"https:\/\/equipment-pt3.com\/en\/wp-json\/wp\/v2\/product"}],"about":[{"href":"https:\/\/equipment-pt3.com\/en\/wp-json\/wp\/v2\/types\/product"}],"version-history":[{"count":2,"href":"https:\/\/equipment-pt3.com\/en\/wp-json\/wp\/v2\/product\/29364\/revisions"}],"predecessor-version":[{"id":30230,"href":"https:\/\/equipment-pt3.com\/en\/wp-json\/wp\/v2\/product\/29364\/revisions\/30230"}],"wp:featuredmedia":[{"embeddable":true,"href":"https:\/\/equipment-pt3.com\/en\/wp-json\/wp\/v2\/media\/30229"}],"wp:attachment":[{"href":"https:\/\/equipment-pt3.com\/en\/wp-json\/wp\/v2\/media?parent=29364"}],"wp:term":[{"taxonomy":"product_brand","embeddable":true,"href":"https:\/\/equipment-pt3.com\/en\/wp-json\/wp\/v2\/product_brand?post=29364"},{"taxonomy":"product_cat","embeddable":true,"href":"https:\/\/equipment-pt3.com\/en\/wp-json\/wp\/v2\/product_cat?post=29364"},{"taxonomy":"product_tag","embeddable":true,"href":"https:\/\/equipment-pt3.com\/en\/wp-json\/wp\/v2\/product_tag?post=29364"}],"curies":[{"name":"wp","href":"https:\/\/api.w.org\/{rel}","templated":true}]}}