{"id":29365,"date":"2026-02-03T13:10:13","date_gmt":"2026-02-03T13:10:13","guid":{"rendered":"https:\/\/equipment-pt3.com\/produto\/5807-2092-jogo-p-mecanico-1-4-1-2-92pcs\/"},"modified":"2026-02-12T10:38:24","modified_gmt":"2026-02-12T10:38:24","slug":"5807-2092-jogo-p-mecanico-1-4-1-2-92pcs","status":"publish","type":"product","link":"https:\/\/equipment-pt3.com\/en\/product\/5807-2092-jogo-p-mecanico-1-4-1-2-92pcs\/","title":{"rendered":"5807.2092 Jogo p\/mecanico 1\/4 &#8211; 1\/2 92pcs"},"content":{"rendered":"<p>A pasta \u00e9 inteiramente confeccionada em pl\u00e1stico resistente a impactos e com refor\u00e7os nos cantos, possui dimens\u00f5es muito manej\u00e1veis:<\/p>","protected":false},"excerpt":{"rendered":"<p>A pasta \u00e9 inteiramente confeccionada em pl\u00e1stico resistente a impactos e com refor\u00e7os nos cantos, possui dimens\u00f5es muito manej\u00e1veis:<\/p>","protected":false},"featured_media":30846,"template":"","meta":[],"product_brand":[64],"product_cat":[102],"product_tag":[],"class_list":{"0":"post-29365","1":"product","2":"type-product","3":"status-publish","4":"has-post-thumbnail","6":"product_brand-gedore","7":"product_cat-jogos","9":"first","10":"instock","11":"sale","12":"purchasable","13":"product-type-simple"},"_links":{"self":[{"href":"https:\/\/equipment-pt3.com\/en\/wp-json\/wp\/v2\/product\/29365","targetHints":{"allow":["GET"]}}],"collection":[{"href":"https:\/\/equipment-pt3.com\/en\/wp-json\/wp\/v2\/product"}],"about":[{"href":"https:\/\/equipment-pt3.com\/en\/wp-json\/wp\/v2\/types\/product"}],"version-history":[{"count":3,"href":"https:\/\/equipment-pt3.com\/en\/wp-json\/wp\/v2\/product\/29365\/revisions"}],"predecessor-version":[{"id":30852,"href":"https:\/\/equipment-pt3.com\/en\/wp-json\/wp\/v2\/product\/29365\/revisions\/30852"}],"wp:featuredmedia":[{"embeddable":true,"href":"https:\/\/equipment-pt3.com\/en\/wp-json\/wp\/v2\/media\/30846"}],"wp:attachment":[{"href":"https:\/\/equipment-pt3.com\/en\/wp-json\/wp\/v2\/media?parent=29365"}],"wp:term":[{"taxonomy":"product_brand","embeddable":true,"href":"https:\/\/equipment-pt3.com\/en\/wp-json\/wp\/v2\/product_brand?post=29365"},{"taxonomy":"product_cat","embeddable":true,"href":"https:\/\/equipment-pt3.com\/en\/wp-json\/wp\/v2\/product_cat?post=29365"},{"taxonomy":"product_tag","embeddable":true,"href":"https:\/\/equipment-pt3.com\/en\/wp-json\/wp\/v2\/product_tag?post=29365"}],"curies":[{"name":"wp","href":"https:\/\/api.w.org\/{rel}","templated":true}]}}