{"id":29367,"date":"2026-02-03T13:10:15","date_gmt":"2026-02-03T13:10:15","guid":{"rendered":"https:\/\/equipment-pt3.com\/produto\/9160-00-tesoura-universal\/"},"modified":"2026-02-12T10:38:24","modified_gmt":"2026-02-12T10:38:24","slug":"9160-00-tesoura-universal","status":"publish","type":"product","link":"https:\/\/equipment-pt3.com\/en\/product\/9160-00-tesoura-universal\/","title":{"rendered":"9160.00 Tesoura universal"},"content":{"rendered":"<p class=\"p1\">Ferramenta manual de corte composta por duas l\u00e2minas.<\/p>\n<p class=\"p1\">A serragem, a perfura\u00e7\u00e3o e o corte englobam m\u00e1quinas e ferramentas destinadas \u00e0 extra\u00e7\u00e3o ou perfura\u00e7\u00e3o de material.<\/p>\n<p class=\"p1\">As m\u00e1quinas e as ferramentas s\u00e3o instrumentos concebidos para realizar uma tarefa mec\u00e2nica, aplicando algum tipo de for\u00e7a sobre elas ou utilizando uma fonte de energia. Existe uma grande variedade, como ferramentas de corte, de fixa\u00e7\u00e3o, de impacto, de uni\u00e3o, de montagem ou de medi\u00e7\u00e3o.<\/p>","protected":false},"excerpt":{"rendered":"<p>Ferramenta manual de corte composta por duas l\u00e2minas. A serragem, a perfura\u00e7\u00e3o e o corte englobam m\u00e1quinas e ferramentas destinadas<\/p>","protected":false},"featured_media":30844,"template":"","meta":[],"product_brand":[64],"product_cat":[101],"product_tag":[],"class_list":{"0":"post-29367","1":"product","2":"type-product","3":"status-publish","4":"has-post-thumbnail","6":"product_brand-gedore","7":"product_cat-ferramentas-manuais","9":"first","10":"instock","11":"sale","12":"purchasable","13":"product-type-simple"},"_links":{"self":[{"href":"https:\/\/equipment-pt3.com\/en\/wp-json\/wp\/v2\/product\/29367","targetHints":{"allow":["GET"]}}],"collection":[{"href":"https:\/\/equipment-pt3.com\/en\/wp-json\/wp\/v2\/product"}],"about":[{"href":"https:\/\/equipment-pt3.com\/en\/wp-json\/wp\/v2\/types\/product"}],"version-history":[{"count":2,"href":"https:\/\/equipment-pt3.com\/en\/wp-json\/wp\/v2\/product\/29367\/revisions"}],"predecessor-version":[{"id":30845,"href":"https:\/\/equipment-pt3.com\/en\/wp-json\/wp\/v2\/product\/29367\/revisions\/30845"}],"wp:featuredmedia":[{"embeddable":true,"href":"https:\/\/equipment-pt3.com\/en\/wp-json\/wp\/v2\/media\/30844"}],"wp:attachment":[{"href":"https:\/\/equipment-pt3.com\/en\/wp-json\/wp\/v2\/media?parent=29367"}],"wp:term":[{"taxonomy":"product_brand","embeddable":true,"href":"https:\/\/equipment-pt3.com\/en\/wp-json\/wp\/v2\/product_brand?post=29367"},{"taxonomy":"product_cat","embeddable":true,"href":"https:\/\/equipment-pt3.com\/en\/wp-json\/wp\/v2\/product_cat?post=29367"},{"taxonomy":"product_tag","embeddable":true,"href":"https:\/\/equipment-pt3.com\/en\/wp-json\/wp\/v2\/product_tag?post=29367"}],"curies":[{"name":"wp","href":"https:\/\/api.w.org\/{rel}","templated":true}]}}