{"id":29368,"date":"2026-02-03T13:10:15","date_gmt":"2026-02-03T13:10:15","guid":{"rendered":"https:\/\/equipment-pt3.com\/produto\/crescente-6in2-wanted2014\/"},"modified":"2026-02-12T10:38:24","modified_gmt":"2026-02-12T10:38:24","slug":"crescente-6in2-wanted2014","status":"publish","type":"product","link":"https:\/\/equipment-pt3.com\/en\/product\/crescente-6in2-wanted2014\/","title":{"rendered":"CRESCENTE 6in2 WANTED2014"},"content":{"rendered":"<p>O conjunto de adaptadores para chaves de caixa Carolus by Gedore 2907720 inclui 2 adaptadores multifun\u00e7\u00f5es independentes.<\/p>\n<p>Basta inserir o roquete ou outro dispositivo de acionamento para ampliar o encaixe adapt\u00e1vel no lado oposto.<\/p>\n<p>Na pr\u00e1tica, s\u00e3o 6 fun\u00e7\u00f5es em apenas 2 pe\u00e7as. Um acess\u00f3rio indispens\u00e1vel para qualquer caixa de ferramentas.<\/p>","protected":false},"excerpt":{"rendered":"<p>O conjunto de adaptadores para chaves de caixa Carolus by Gedore 2907720 inclui 2 adaptadores multifun\u00e7\u00f5es independentes. Basta inserir o<\/p>","protected":false},"featured_media":30840,"template":"","meta":[],"product_brand":[64],"product_cat":[101],"product_tag":[],"class_list":{"0":"post-29368","1":"product","2":"type-product","3":"status-publish","4":"has-post-thumbnail","6":"product_brand-gedore","7":"product_cat-ferramentas-manuais","9":"first","10":"instock","11":"sale","12":"purchasable","13":"product-type-simple"},"_links":{"self":[{"href":"https:\/\/equipment-pt3.com\/en\/wp-json\/wp\/v2\/product\/29368","targetHints":{"allow":["GET"]}}],"collection":[{"href":"https:\/\/equipment-pt3.com\/en\/wp-json\/wp\/v2\/product"}],"about":[{"href":"https:\/\/equipment-pt3.com\/en\/wp-json\/wp\/v2\/types\/product"}],"version-history":[{"count":2,"href":"https:\/\/equipment-pt3.com\/en\/wp-json\/wp\/v2\/product\/29368\/revisions"}],"predecessor-version":[{"id":30843,"href":"https:\/\/equipment-pt3.com\/en\/wp-json\/wp\/v2\/product\/29368\/revisions\/30843"}],"wp:featuredmedia":[{"embeddable":true,"href":"https:\/\/equipment-pt3.com\/en\/wp-json\/wp\/v2\/media\/30840"}],"wp:attachment":[{"href":"https:\/\/equipment-pt3.com\/en\/wp-json\/wp\/v2\/media?parent=29368"}],"wp:term":[{"taxonomy":"product_brand","embeddable":true,"href":"https:\/\/equipment-pt3.com\/en\/wp-json\/wp\/v2\/product_brand?post=29368"},{"taxonomy":"product_cat","embeddable":true,"href":"https:\/\/equipment-pt3.com\/en\/wp-json\/wp\/v2\/product_cat?post=29368"},{"taxonomy":"product_tag","embeddable":true,"href":"https:\/\/equipment-pt3.com\/en\/wp-json\/wp\/v2\/product_tag?post=29368"}],"curies":[{"name":"wp","href":"https:\/\/api.w.org\/{rel}","templated":true}]}}